{"id":98,"date":"2021-03-20T16:38:53","date_gmt":"2021-03-20T14:38:53","guid":{"rendered":"http:\/\/smfr.fi\/wordpress\/?page_id=98"},"modified":"2022-04-29T22:10:04","modified_gmt":"2022-04-29T20:10:04","slug":"kinkybileiden-f-a-q","status":"publish","type":"page","link":"https:\/\/smfr.fi\/wordpress\/kinkybileiden-f-a-q\/","title":{"rendered":"Kinkybileiden F.A.Q."},"content":{"rendered":"\n<hr class=\"wp-block-separator is-style-dots\"\/>\n\n\n\n<h3 class=\"wp-block-heading\">Oletko tulossa bileisiin ensi kertaa? \u00c4l\u00e4 h\u00e4t\u00e4ile, t\u00e4ss\u00e4 vastauksia mielt\u00e4si askarruttaviin kysymyksiin!<\/h3>\n\n\n\n<p class=\"has-text-align-center\"><strong><em>Miten bileiss\u00e4 k\u00e4ytt\u00e4ydyt\u00e4\u00e4n?<\/em><\/strong><\/p>\n\n\n\n<p>Bile-etiketin voi kiteytt\u00e4\u00e4 konsensuaalisuuteen, kunnoitukseen ja turvallisuuteen. Lue koko k\u00e4yt\u00f6setiketti <a href=\"http:\/\/smfr.fi\/wordpress\/kaytosetiketti\/\" data-type=\"page\" data-id=\"100\">t\u00e4\u00e4lt\u00e4<\/a>.<\/p>\n\n\n\n<p class=\"has-text-align-center\"><strong><em>Mink\u00e4laisia ihmisi\u00e4 bileiss\u00e4 k\u00e4y? Ovatko he aivan outoja?<\/em><\/strong><\/p>\n\n\n\n<p>Bileiss\u00e4 k\u00e4y aivan tavallisia ihmisi\u00e4. He k\u00e4yv\u00e4t t\u00f6iss\u00e4 tai opiskelevat ja harrastavat aivan normaaleja asioita. Heiss\u00e4 on hetero- ja homoseksuaaleja, perheellisi\u00e4 ja sinkkuja, kaksikymppisi\u00e4 ja kuusikymppisi\u00e4. Et voi erottaa heit\u00e4 kadulla, sill\u00e4 suurin osa ei halua mainostaa julkisesti taipumuksiaan esimerkiksi pukeutumisella. Seksuaalisuuteen he suhtautuvat keskivertoa avoimemmin, mutta t\u00e4st\u00e4 ei tehd\u00e4 mit\u00e4\u00e4n numeroa. Kun on muutaman kerran k\u00e4ynyt bileiss\u00e4 ja tutustunut muihin samanmielisiin, \u201cnormaaliv\u00e4est\u00f6n\u201d ennakkoluulot ohitetaan olankohautuksella. Kinkyilyss\u00e4 ei ole k\u00e4\u00e4nnytysuskonnollisia piirteit\u00e4.<\/p>\n\n\n\n<p class=\"has-text-align-center\"><strong><em>Mit\u00e4 bileiss\u00e4 tehd\u00e4\u00e4n? Ovatko kyseess\u00e4 orgiat, ja miten selvi\u00e4n niist\u00e4?<\/em><\/strong><\/p>\n\n\n\n<p>Bileet ovat yleens\u00e4 peruskaavaltaan aivan tavallisten bileiden tapaiset: tavataan tuttuja, kenties juodaan alkoholia tai alkoholittomia juomia tai muita virvoitusjuomia, yleens\u00e4 DJ soittaa musiikkia, kaikki ovat pukeutuneet parhaimpiinsa tai teeman mukaan. Alkuilta on enemm\u00e4n tilanteen tarkkailua, juhlayleis\u00f6n, laitteiden ja sisustuksen arviointia. Mit\u00e4 pidemm\u00e4lle ilta ehtii, sit\u00e4 useammat haluavat kokeilla toisinaan rajojaan yleis\u00f6n edess\u00e4. Jos kyseess\u00e4 ovat maksulliset bileet, on yleens\u00e4 tarjolla my\u00f6s jonkinlaisia valmiita esityksi\u00e4.<\/p>\n\n\n\n<p>Yleens\u00e4 juhlapaikassa on erityinen tila varattu S\/M-leikeiss\u00e4 k\u00e4ytett\u00e4ville laitteille. Vaikka ihmiset yleens\u00e4 korostavat sit\u00e4, ett\u00e4 n\u00e4iss\u00e4 leikeiss\u00e4 on t\u00e4rke\u00e4mp\u00e4\u00e4 se, mit\u00e4 p\u00e4\u00e4n sis\u00e4ll\u00e4 tapahtuu, on juhlatilanne hiukan toisenlainen. Juuri kenell\u00e4k\u00e4\u00e4n ei ole kotioloissa k\u00e4ytett\u00e4viss\u00e4\u00e4n suurikokoisia kiinnitystelineit\u00e4 tai esimerkiksi seksikeinua, joten tietty v\u00e4lineurheilumaisuus korostuu \u2013 on hauskaa kokeilla uusia vempaimia. Toisaalta monet meist\u00e4 ovat <a href=\"https:\/\/smfr.fi\/wordpress\/bdsm-sanasto\/#ekshibi-sanasto\">ekshibitionisteja<\/a>, jotka saavat omat kicksins\u00e4 ja hauskuuden yleis\u00f6n l\u00e4sn\u00e4olosta.<\/p>\n\n\n\n<p>Bileiss\u00e4 on tarkka <a href=\"https:\/\/smfr.fi\/wordpress\/kaytosetiketti\/\">etiketti<\/a> siit\u00e4, mit\u00e4 saa tehd\u00e4, mit\u00e4 ei. Ehdottomasti on kielletty\u00e4 menn\u00e4 sekaantumaan toisten sessioon lupaa kysym\u00e4tt\u00e4. Et siis voi huitaista piiskalla ket\u00e4\u00e4n vain, koska mielesi tekee kokeilla, ja kukaan ei tunnu katsovan. L\u00e4ht\u00f6kohtainen olettamus on my\u00f6s, ett\u00e4 Master tai Domina m\u00e4\u00e4r\u00e4\u00e4, mit\u00e4 saa tai ei saa tehd\u00e4 h\u00e4nen orjalleen\/orjattarelleen. Pariskunnat sopivat omat s\u00e4\u00e4nt\u00f6ns\u00e4 tuollaisia tilanteita varten, ja kuten S\/M-sessioissa yleens\u00e4kin, edet\u00e4\u00e4n aina alistujan ehdoilla. Kenellek\u00e4\u00e4n ei siis tehd\u00e4 mit\u00e4\u00e4n, mit\u00e4 h\u00e4n ei itse halua.<\/p>\n\n\n\n<p>SMFR:n bileiss\u00e4 ei ole aina k\u00e4yt\u00f6ss\u00e4 <a href=\"https:\/\/smfr.fi\/wordpress\/bdsm-sanasto\/#darkroom-sanasto\">dark room<\/a> -tilaa. Mahdollisesta dark roomista kerrotaan bilemainoksissa erikseen.<\/p>\n\n\n\n<p>Yhdistys ei my\u00f6sk\u00e4\u00e4n tarjoa mink\u00e4\u00e4nlaisten seuralaispalvelujen v\u00e4litt\u00e4mist\u00e4.<\/p>\n\n\n\n<p class=\"has-text-align-center\"><em><strong>Mit\u00e4 minun kannattaa ottaa mukaani bileisiin?<\/strong><\/em><\/p>\n\n\n\n<p>Yleens\u00e4 juhlapaikalla voi olla j\u00e4rjest\u00e4j\u00e4n puolesta laitteita, kiinnityspaikkoja ja v\u00e4lineit\u00e4, mutta esimerkiksi hieromasauvat, n\u00e4nninnipistimet tms. pienet tai hyvin henkil\u00f6kohtaiset tavarat kannattaa pakata mukaan. Voit j\u00e4tt\u00e4\u00e4 ne kassissa narikkaan ja hakea tarvittaessa. My\u00f6s piiskat ovat yleens\u00e4 henkil\u00f6kohtaisia v\u00e4lineit\u00e4, kuten my\u00f6s kahleet, kaulapannat ja talutushihnat, jotka kulkevatkin usein orjan tai orjattaren mukana pitkin iltaa. Jos jotakin oleellista puuttuu, niin yleens\u00e4 monet mielell\u00e4\u00e4n lainaavat tarvikkeitaan.<\/p>\n\n\n\n<p class=\"has-text-align-center\"><em><strong>Mit\u00e4 bileiss\u00e4 saa tehd\u00e4?<\/strong><\/em><\/p>\n\n\n\n<p>Se mit\u00e4 bileiss\u00e4 saa tehd\u00e4, on ennen kaikkea sinun ja partnerisi v\u00e4linen asia. Niin kauan kuin kaikki sujuu molempien osapuolten toiveiden mukaan sivullisten turvallisuus huomioiden, ei kukaan tule keskeytt\u00e4m\u00e4\u00e4n mit\u00e4\u00e4n. Muista sek\u00e4 maalaisj\u00e4rjen sanelema huomaavaisuus, ett\u00e4 juhlapaikan asettamat vaatimukset: ravintolaymp\u00e4rist\u00f6 ei ole juhlien luonteesta huolimatta ihan sama asia kuin kotibileet tai kinkyklubi. <\/p>\n\n\n\n<p>Huomioi, ett\u00e4 esimerkiksi seuraavat sessiosis\u00e4ll\u00f6t eiv\u00e4t ole sallittuja kaikissa ravintolatiloissa: neulaleikit, pitk\u00e4t piiskat, eriteleikit, verileikit, penetroiva seksi (yhdynt\u00e4, fistaaminen jne.).<\/p>\n\n\n\n<p class=\"has-text-align-center\"><em><strong>Tuntevatko kaikki muut toisensa? Tuijotetaanko minua, kun olen yksin ensikertalaisena paikalla?<\/strong><\/em><\/p>\n\n\n\n<p>Kiinnostus S\/M- ja fetissikulttuuria kohtaan kasvaa Suomessa kovaa vauhtia, joten jokaisissa bileiss\u00e4 on aivan takuulla ihmisi\u00e4, jotka ovat mukana ensimm\u00e4isi\u00e4 kertoja. He eiv\u00e4t tunne sen enemp\u00e4\u00e4 juhlavieraita kuin sin\u00e4k\u00e4\u00e4n. Kaikki haluavat tutustua uusiin ihmisiin, joten juttuseuran l\u00f6yt\u00e4minen ei ole ongelma. Bilepaikasta riippuen voit viett\u00e4\u00e4 iltasi my\u00f6s tanssilattialla!<\/p>\n\n\n\n<p class=\"has-text-align-center\"><em><strong>Onko pukuni liian rohkea?<\/strong><\/em><\/p>\n\n\n\n<p>Todenn\u00e4k\u00f6isesti ei ole. Todenn\u00e4k\u00f6isemp\u00e4\u00e4 on, ett\u00e4 sinua hiukan harmittaa ettet kuitenkin ottanut sit\u00e4 viel\u00e4 paljastavampaa asua. Toisaalta my\u00f6s perinteinen S\/M-pukeutuminen on toisinaan aika kaavoittunutta (niittej\u00e4, nahkaa, mustaa, PVC:t\u00e4 jne.), joten kannattaa mietti\u00e4, miten sit\u00e4kin voisi uudistaa. Asusi voi olla mielikuvituksellinen, kummallinen, v\u00e4rik\u00e4s, villi tai hauska, vaikket kaikkea paljastakaan.<\/p>\n\n\n\n<p class=\"has-text-align-center\"><em><strong>Onko pukuni liian n\u00f6ss\u00f6?<\/strong><\/em><\/p>\n\n\n\n<p>Noin miettiess\u00e4si se saattaa hyvinkin olla. Rintojen tai takapuolen n\u00e4kyminen kokonaan ei ole lainkaan pahasta, annat vain itsest\u00e4si rohkean vaikutelman!<br><\/p>\n\n\n\n<p class=\"has-text-align-center\"><em><strong>Voiko bileisiin tulla yksin?<\/strong><\/em><\/p>\n\n\n\n<p>Voi tulla, sill\u00e4 kuten sanottua, suurin osa ihmisist\u00e4 ei tunne toisiaan. Sosiaalisena tapahtumana juhlat ovat erinomainen tapa tutustua uusiin ja mielenkiintoisiin ihmisiin. Juhlavieraat ovat ratkaisevassa roolissa juhlien rennon ja vapaamielisen ilmapiirin luomisessa, joten rohkaise mielesi ja saavu paikalle avoimin mielin.<\/p>\n","protected":false},"excerpt":{"rendered":"<p>Oletko tulossa bileisiin ensi kertaa? \u00c4l\u00e4 h\u00e4t\u00e4ile, t\u00e4ss\u00e4 vastauksia<\/p>\n<p><a href=\"https:\/\/smfr.fi\/wordpress\/kinkybileiden-f-a-q\/\" class=\"more-link\">Jatka lukemista&#8230;<span class=\"screen-reader-text\">Kinkybileiden F.A.Q.<\/span><\/a><\/p>\n","protected":false},"author":7,"featured_media":0,"parent":0,"menu_order":0,"comment_status":"closed","ping_status":"closed","template":"","meta":{"ngg_post_thumbnail":0,"footnotes":""},"class_list":["post-98","page","type-page","status-publish","hentry"],"_links":{"self":[{"href":"https:\/\/smfr.fi\/wordpress\/wp-json\/wp\/v2\/pages\/98","targetHints":{"allow":["GET"]}}],"collection":[{"href":"https:\/\/smfr.fi\/wordpress\/wp-json\/wp\/v2\/pages"}],"about":[{"href":"https:\/\/smfr.fi\/wordpress\/wp-json\/wp\/v2\/types\/page"}],"author":[{"embeddable":true,"href":"https:\/\/smfr.fi\/wordpress\/wp-json\/wp\/v2\/users\/7"}],"replies":[{"embeddable":true,"href":"https:\/\/smfr.fi\/wordpress\/wp-json\/wp\/v2\/comments?post=98"}],"version-history":[{"count":18,"href":"https:\/\/smfr.fi\/wordpress\/wp-json\/wp\/v2\/pages\/98\/revisions"}],"predecessor-version":[{"id":2597,"href":"https:\/\/smfr.fi\/wordpress\/wp-json\/wp\/v2\/pages\/98\/revisions\/2597"}],"wp:attachment":[{"href":"https:\/\/smfr.fi\/wordpress\/wp-json\/wp\/v2\/media?parent=98"}],"curies":[{"name":"wp","href":"https:\/\/api.w.org\/{rel}","templated":true}]}}