{"id":93,"date":"2021-03-20T19:55:36","date_gmt":"2021-03-20T17:55:36","guid":{"rendered":"http:\/\/smfr.fi\/wordpress\/?page_id=93"},"modified":"2021-10-07T23:36:43","modified_gmt":"2021-10-07T21:36:43","slug":"tulevat-tapahtumat","status":"publish","type":"page","link":"https:\/\/smfr.fi\/wordpress\/tulevat-tapahtumat\/","title":{"rendered":"Tapahtumakalenteri"},"content":{"rendered":"\n<h3 class=\"has-text-align-center wp-block-heading\"><strong>(Oikeus muutoksiin pid\u00e4tet\u00e4\u00e4n.)<\/strong><\/h3>\n\n\n\n<p class=\"has-text-align-center\"><\/p>\n\n\n\n<p class=\"has-text-align-center\"><\/p>\n\n\n\n<p><strong>SMFR pid\u00e4tt\u00e4\u00e4 oikeuden muutoksiin.<\/strong> Tapahtumissa noudatetaan SMFR:n <a href=\"http:\/\/smfr.fi\/wordpress\/kaytosetiketti\/\" data-type=\"page\" data-id=\"100\">K\u00e4yt\u00f6setiketti<\/a>:\u00e4<\/p>\n\n\n\n<p>Kalenteriin p\u00e4\u00e4set t\u00e4st\u00e4: <a href=\"https:\/\/smfr.fi\/wordpress\/events\/\">tapahtumakalenteri<\/a><\/p>\n","protected":false},"excerpt":{"rendered":"<p>(Oikeus muutoksiin pid\u00e4tet\u00e4\u00e4n.) SMFR pid\u00e4tt\u00e4\u00e4 oikeuden muutoksiin. Tapahtumissa noudatetaan<\/p>\n<p><a href=\"https:\/\/smfr.fi\/wordpress\/tulevat-tapahtumat\/\" class=\"more-link\">Jatka lukemista&#8230;<span class=\"screen-reader-text\">Tapahtumakalenteri<\/span><\/a><\/p>\n","protected":false},"author":7,"featured_media":0,"parent":0,"menu_order":0,"comment_status":"closed","ping_status":"closed","template":"","meta":{"ngg_post_thumbnail":0,"footnotes":""},"class_list":["post-93","page","type-page","status-publish","hentry"],"_links":{"self":[{"href":"https:\/\/smfr.fi\/wordpress\/wp-json\/wp\/v2\/pages\/93","targetHints":{"allow":["GET"]}}],"collection":[{"href":"https:\/\/smfr.fi\/wordpress\/wp-json\/wp\/v2\/pages"}],"about":[{"href":"https:\/\/smfr.fi\/wordpress\/wp-json\/wp\/v2\/types\/page"}],"author":[{"embeddable":true,"href":"https:\/\/smfr.fi\/wordpress\/wp-json\/wp\/v2\/users\/7"}],"replies":[{"embeddable":true,"href":"https:\/\/smfr.fi\/wordpress\/wp-json\/wp\/v2\/comments?post=93"}],"version-history":[{"count":29,"href":"https:\/\/smfr.fi\/wordpress\/wp-json\/wp\/v2\/pages\/93\/revisions"}],"predecessor-version":[{"id":2004,"href":"https:\/\/smfr.fi\/wordpress\/wp-json\/wp\/v2\/pages\/93\/revisions\/2004"}],"wp:attachment":[{"href":"https:\/\/smfr.fi\/wordpress\/wp-json\/wp\/v2\/media?parent=93"}],"curies":[{"name":"wp","href":"https:\/\/api.w.org\/{rel}","templated":true}]}}