{"id":90,"date":"2021-03-11T21:21:21","date_gmt":"2021-03-11T19:21:21","guid":{"rendered":"http:\/\/smfr.fi\/wordpress\/?page_id=90"},"modified":"2022-11-08T20:55:36","modified_gmt":"2022-11-08T18:55:36","slug":"saannot","status":"publish","type":"page","link":"https:\/\/smfr.fi\/wordpress\/saannot\/","title":{"rendered":"S\u00e4\u00e4nn\u00f6t"},"content":{"rendered":"\n<p>Voimassaolevat s\u00e4\u00e4nn\u00f6t: 08.11.2022 10:27:30<\/p>\n\n\n\n<ol class=\"wp-block-list\">\n<li><strong>NIMI JA KOTIPAIKKA<\/strong><\/li>\n<\/ol>\n\n\n\n<p>Yhdistyksen nimi on SM-Fetisisti Ryhm\u00e4 ry ja kotipaikka Helsinki.<\/p>\n\n\n\n<p>Yhdistys voi my\u00f6s k\u00e4ytt\u00e4\u00e4 virallisen nimens\u00e4 ohella ep\u00e4virallista lyhennett\u00e4 &#8216;SMFR&#8217;.<\/p>\n\n\n\n<ol class=\"wp-block-list\" start=\"2\">\n<li><strong>TOIMINNAN TARKOITUS JA LAATU<\/strong><\/li>\n<\/ol>\n\n\n\n<p>Yhdistyksen tarkoituksena on seksuaalisen tasavertaisuuden edist\u00e4minen Suomessa.<\/p>\n\n\n\n<p>Yhdistys on uskonnollisesti ja poliittisesti sitoutumaton, yleishy\u00f6dyllinen ja voittoa tavoittelematon yhdistys. Yhdistys on aatteellinen eik\u00e4 sen tavoitteena ole voiton tai ansion hankkiminen siihen osallisilla.<\/p>\n\n\n\n<p>Toimintansa toteuttamiseksi yhdistys voi j\u00e4rjest\u00e4\u00e4 joko itsen\u00e4isesti tai yhteisty\u00f6ss\u00e4 koti- tai ulkomaisten toimijoiden kanssa tiedotusja julkaisutoimintaa, j\u00e4sentilaisuuksia, tapaamisia, kokouksia ja muita vastaavia tilaisuuksia.<\/p>\n\n\n\n<p>Toimintansa tukemiseksi yhdistys voi ottaa vastaan lahjoituksia ja testamentteja, j\u00e4rjest\u00e4\u00e4 maksullisia juhlatilaisuuksia, koulutuksia, myyj\u00e4isi\u00e4 ja arpajaisia niihin tarvittavat luvat hankittuaan.<\/p>\n\n\n\n<ol class=\"wp-block-list\" start=\"3\">\n<li><strong>J\u00c4SENET<\/strong><\/li>\n<\/ol>\n\n\n\n<p>Yhdistykseen varsinaiseksi j\u00e4seneksi voidaan hyv\u00e4ksy\u00e4 henkil\u00f6, joka hyv\u00e4ksyy yhdistyksen tarkoituksen. Kannattavaksi j\u00e4seneksi voidaan hyv\u00e4ksy\u00e4 yksityinen henkil\u00f6 tai oikeuskelpoinen yhteis\u00f6, joka haluaa tukea yhdistyksen tarkoitusta ja toimintaa. Varsinaiset j\u00e4senet ja kannattavat j\u00e4senet hyv\u00e4ksyy hakemuksesta yhdistyksen hallitus.<\/p>\n\n\n\n<p>Mik\u00e4li kaksi luonnollista henkil\u00f6\u00e4, jotka asuvat samassa osoitteessa hakevat j\u00e4seniksi voidaan j\u00e4senmaksua huojentaa yhdistyksen kokouksen p\u00e4\u00e4t\u00f6ksell\u00e4 (&#8220;parij\u00e4senyys&#8221;). Parij\u00e4seni\u00e4 kohdellaan muilta osin kuin kahta erillist\u00e4 varsinaista j\u00e4sent\u00e4.<\/p>\n\n\n\n<p>Kalenterivuoden j\u00e4senmaksu er\u00e4\u00e4ntyy maksettavaksi tammikuun viimeisen\u00e4 p\u00e4iv\u00e4n\u00e4 (31.1.). Jos j\u00e4senmaksua ei ole suoritettu kolmen (3) kuukauden kuluessa er\u00e4p\u00e4iv\u00e4st\u00e4, katsotaan j\u00e4senen eronneen yhdistyksest\u00e4.<\/p>\n\n\n\n<p>Yhdistyksell\u00e4 voi olla my\u00f6s ainaisj\u00e4seni\u00e4. Hallitus hyv\u00e4ksyy ainaisj\u00e4senet. Ainaisj\u00e4senen maksettua ainaisj\u00e4senmaksun h\u00e4n vapautuu siit\u00e4 eteenp\u00e4in j\u00e4senmaksun suorittamisesta.<\/p>\n\n\n\n<p>Kunniaj\u00e4seneksi voidaan hallituksen esityksest\u00e4 yhdistyksen kokouksessa kutsua henkil\u00f6, joka on huomattavasti edist\u00e4nyt ja tukenut yhdistyksen toimintaa.<\/p>\n\n\n\n<p>Hallitus voi erottaa varsinaisen tai kannattavan j\u00e4senen yhdistyksest\u00e4, jos j\u00e4sen on j\u00e4tt\u00e4nyt er\u00e4\u00e4ntyneen j\u00e4senmaksunsa maksamatta tai muuten j\u00e4tt\u00e4nyt t\u00e4ytt\u00e4m\u00e4tt\u00e4 ne velvoitteet, joihin h\u00e4n on yhdistykseen liittym\u00e4ll\u00e4 sitoutunut tai on menettelyll\u00e4\u00e4n yhdistyksess\u00e4 tai sen ulkopuolella huomattavasti vahingoittanut yhdistyst\u00e4 tai ei en\u00e4\u00e4 t\u00e4yt\u00e4 laissa taikka yhdistyksen s\u00e4\u00e4nn\u00f6iss\u00e4 mainittuja j\u00e4senyyden ehtoja. Pois lukien j\u00e4senmaksun maksamattomuus, j\u00e4senelle on varattava mahdollisuus tulla kuulluksi ennen erottamisesta p\u00e4\u00e4tt\u00e4mist\u00e4.<\/p>\n\n\n\n<p>Kunnia- tai ainaisj\u00e4senen voi erottaa hallituksen esityksest\u00e4 yhdistyksen kokous. J\u00e4senelle on kokouksessa varattava mahdollisuus tulla kuulluksi ennen erottamisesta p\u00e4\u00e4tt\u00e4mist\u00e4.<\/p>\n\n\n\n<p>Yhdistyksen j\u00e4senell\u00e4 on oikeus erota yhdistyksest\u00e4 ilmoittamalla siit\u00e4 kirjallisesti yhdistyksen hallitukselle tai sen puheenjohtajalle, taikka ilmoittamalla erostaan yhdistyksen kokouksen p\u00f6yt\u00e4kirjaan.<\/p>\n\n\n\n<p>Hallitus pit\u00e4\u00e4 luetteloa j\u00e4senist\u00e4. Jokaisen j\u00e4senen tulee ilmoittaa nimens\u00e4 ja kotipaikkakuntansa. Saadakseen j\u00e4senpostia tulee j\u00e4senen ilmoittaa lis\u00e4ksi joko s\u00e4hk\u00f6posti- tai postiosoitteensa.<\/p>\n\n\n\n<ol class=\"wp-block-list\" start=\"4\">\n<li><strong>LIITTYMIS- JA VUOSIMAKSU<\/strong><\/li>\n<\/ol>\n\n\n\n<p>Varsinaisilta j\u00e4senilt\u00e4 ja kannattavilta j\u00e4senilt\u00e4 peritt\u00e4v\u00e4n liittymismaksun ja vuotuisen j\u00e4senmaksun suuruudesta erikseen kullekin j\u00e4senryhm\u00e4lle p\u00e4\u00e4tt\u00e4\u00e4 syyskokous. Parij\u00e4senille my\u00f6nnett\u00e4v\u00e4st\u00e4 huojennuksesta p\u00e4\u00e4tet\u00e4\u00e4n samassa yhteydess\u00e4.<\/p>\n\n\n\n<p>Ainaisj\u00e4senmaksun suuruus on kaksitoistakertainen sen hetkisest\u00e4 varsinaisen tai parij\u00e4senen vuosij\u00e4senmaksusta.<\/p>\n\n\n\n<p>Hallituksen puheenjohtaja, hallituksen varsinaiset j\u00e4senet, ainaisj\u00e4senet ja kunniaj\u00e4senet eiv\u00e4t suorita j\u00e4senmaksuja.<\/p>\n\n\n\n<ol class=\"wp-block-list\" start=\"5\">\n<li><strong>HALLITUS<\/strong><\/li>\n<\/ol>\n\n\n\n<p>Yhdistyksen asioita hoitaa hallitus, johon kuuluu puheenjohtaja ja 2-5 muuta varsinaista j\u00e4sent\u00e4 sek\u00e4 0-5 varaj\u00e4sent\u00e4. Varaj\u00e4senill\u00e4 on osallistumis- ja puheoikeus hallituksen kokouksissa muttei \u00e4\u00e4nioikeutta.<\/p>\n\n\n\n<p>Hallituksen puheenjohtaja, varsinaiset j\u00e4senet ja varaj\u00e4senet valitaan j\u00e4senist\u00f6n keskuudesta. Mik\u00e4li n\u00e4iden s\u00e4\u00e4nt\u00f6jen m\u00e4\u00e4r\u00e4\u00e4m\u00e4\u00e4 varsinaisten hallituksen j\u00e4senten v\u00e4himm\u00e4ism\u00e4\u00e4r\u00e4\u00e4 ei saada valittua j\u00e4senist\u00f6n keskuudesta s\u00e4\u00e4nt\u00f6m\u00e4\u00e4r\u00e4isess\u00e4 syyskokouksessa ja joudutaan pit\u00e4m\u00e4\u00e4n ylim\u00e4\u00e4r\u00e4inen yhdistyksen kokous hallituksen valitsemiseksi, voidaan hallitukseen ehdottaa ja valita my\u00f6s yhdistyksen ulkopuolisia. Yhdistyksen puheenjohtaja valitaan kuitenkin aina j\u00e4senist\u00f6n keskuudesta.<\/p>\n\n\n\n<p>Hallituksen toimikausi on yksivuotinen ja alkaa valitsevasta syyskokouksesta ja p\u00e4\u00e4ttyy seuraavaan syyskokoukseen.<\/p>\n\n\n\n<p>Hallitus valitsee keskuudestaan varapuheenjohtajan sek\u00e4 ottaa keskuudestaan rahastonhoitajan ja muut tarpeelliset toimihenkil\u00f6t.<\/p>\n\n\n\n<p>Hallitus voi kokoontua puhelimitse tai s\u00e4hk\u00f6ist\u00e4 apuv\u00e4linett\u00e4 k\u00e4ytt\u00e4en, mik\u00e4li kaikki hallituksen varsinaiset j\u00e4senet antavat siihen suostumuksensa.<\/p>\n\n\n\n<p>Hallitus kokoontuu puheenjohtajan tai h\u00e4nen estyneen\u00e4 ollessaan varapuheenjohtajan kutsusta, kun he katsovat siihen olevan aihetta tai kun v\u00e4hint\u00e4\u00e4n yksi hallituksen varsinainen j\u00e4sen sit\u00e4 vaatii.<\/p>\n\n\n\n<p>Hallitus on p\u00e4\u00e4t\u00f6svaltainen, kun v\u00e4hint\u00e4\u00e4n puolet sen varsinaisista j\u00e4senist\u00e4, puheenjohtaja tai varapuheenjohtaja mukaanluettuna on l\u00e4sn\u00e4. \u00c4\u00e4nestykset ratkaistaan ehdottomalla \u00e4\u00e4ntenenemmist\u00f6ll\u00e4.<\/p>\n\n\n\n<p>\u00c4\u00e4nten menness\u00e4 tasan ratkaisee puheenjohtajan \u00e4\u00e4ni, vaaleissa kuitenkin arpa.<\/p>\n\n\n\n<p>Varsinaisen hallituksen j\u00e4senen erotessa tai tullessa erotetuksi hallitus voi ottaa varaj\u00e4senist\u00f6st\u00e4 uuden varsinaisen hallituksen j\u00e4senen kutsumisj\u00e4rjestyksess\u00e4. Puheenjohtajan erotessa teht\u00e4v\u00e4st\u00e4\u00e4n tai tullessa erotetuksi yhdistyksest\u00e4 on yhdistyksen kokous kutsuttava koolle viivytyksett\u00e4 uuden puheenjohtajan valitsemiseksi. Samoin on toimittava, mik\u00e4li hallitus ei j\u00e4senen hallituksesta eroamisen seurauksena en\u00e4\u00e4 t\u00e4yt\u00e4 n\u00e4iss\u00e4 s\u00e4\u00e4nn\u00f6iss\u00e4 m\u00e4\u00e4ritelty\u00e4 v\u00e4himm\u00e4isj\u00e4senm\u00e4\u00e4r\u00e4\u00e4 eik\u00e4 varaj\u00e4senist\u00f6st\u00e4 voida ottaa uutta hallituksen j\u00e4sent\u00e4.<\/p>\n\n\n\n<p>Mik\u00e4li hallituksen j\u00e4sen tai puheenjohtaja toimii yhdistyst\u00e4 tai sen mainetta vahingoittavasti, tai on perusteltua ep\u00e4ill\u00e4 t\u00e4llaista, tulee muun hallituksen kyseenomaista j\u00e4sent\u00e4 kuultuaan harkita ylim\u00e4\u00e4r\u00e4isen yhdistyksen kokouksen koollekutsumista hallituksen j\u00e4senen luottamuksen mittauttamiseksi. Samoin on toimittava mik\u00e4li hallitus n\u00e4iden s\u00e4\u00e4nt\u00f6jen perusteella p\u00e4\u00e4tyy erottamaan hallituksen j\u00e4senen yhdistyksen j\u00e4senyydest\u00e4. Hallituksen j\u00e4senelle on n\u00e4iss\u00e4 tapauksissa annettava mahdollisuus itsen\u00e4isesti erota teht\u00e4v\u00e4st\u00e4\u00e4n ennen ylim\u00e4\u00e4r\u00e4isen kokouksen koollekutsumista.<\/p>\n\n\n\n<ol class=\"wp-block-list\" start=\"6\">\n<li><strong>YHDISTYKSEN NIMEN KIRJOITTAMINEN<\/strong><\/li>\n<\/ol>\n\n\n\n<p>Yhdistyksen nimen kirjoittaa hallituksen puheenjohtaja tai rahastonhoitaja, kumpikin yksin.<\/p>\n\n\n\n<p>Hallitus voi antaa nimenkirjoitusoikeuden hallituksen varsinaisille j\u00e4senille, joko kullekin yksin tai kahdelle yhdess\u00e4.<\/p>\n\n\n\n<ol class=\"wp-block-list\" start=\"7\">\n<li><strong>TILIKAUSI JA TOIMINNANTARKASTUS<\/strong><\/li>\n<\/ol>\n\n\n\n<p>Yhdistyksen tilikausi on kalenterivuosi. Tilinp\u00e4\u00e4t\u00f6s tarvittavine asiakirjoineen ja hallituksen vuosikertomus on annettava toiminnantarkastajille viimeist\u00e4\u00e4n yksi (1) kuukausi ennen kev\u00e4tkokousta. Toiminnantarkastajien tulee antaa kirjallinen lausuntonsa hallitukselle viimeist\u00e4\u00e4n kaksi (2) viikkoa ennen kev\u00e4tkokousta.<\/p>\n\n\n\n<ol class=\"wp-block-list\" start=\"8\">\n<li><strong>KOKOUSTEN KOOLLEKUTSUMINEN<\/strong><\/li>\n<\/ol>\n\n\n\n<p>Yhdistyksen kokoukset kutsuu koolle hallitus. Kokouskutsu on toimitettava viimeist\u00e4\u00e4n nelj\u00e4toista (14) p\u00e4iv\u00e4\u00e4 ennen kokousta l\u00e4hett\u00e4m\u00e4ll\u00e4 kokouskutsu jokaiselle j\u00e4senelle s\u00e4hk\u00f6postilla, kirjeell\u00e4, tekstiviestill\u00e4 tai asettamalla kutsu n\u00e4ht\u00e4ville s\u00e4hk\u00f6iselle ilmoitustaululle yhdistyksen verkkosivuille.<\/p>\n\n\n\n<ol class=\"wp-block-list\" start=\"9\">\n<li><strong>YHDISTYKSEN KOKOUKSET<\/strong><\/li>\n<\/ol>\n\n\n\n<p>Yhdistyksen kokoukseen voidaan osallistua hallituksen tai yhdistyksen kokouksen niin p\u00e4\u00e4tt\u00e4ess\u00e4 my\u00f6s postitse taikka tietoliikenneyhteyden tai muun teknisen apuv\u00e4lineen avulla kokouksen aikana tai ennen kokousta. Kokoukseen et\u00e4yhteyden avulla osallistuvan on pystytt\u00e4v\u00e4 todistamaan j\u00e4senyytens\u00e4 ja oikeutensa osallistua kokoukseen.<\/p>\n\n\n\n<p>Yhdistys pit\u00e4\u00e4 vuosittain kaksi varsinaista kokousta. Yhdistyksen kev\u00e4tkokous pidet\u00e4\u00e4n maalis-huhtikuussa ja syyskokous syyslokakuussa hallituksen m\u00e4\u00e4r\u00e4\u00e4m\u00e4n\u00e4 p\u00e4iv\u00e4n\u00e4. Yhdistyksen kokouksissa on jokaisella varsinaisella j\u00e4senell\u00e4, kunniaj\u00e4senell\u00e4 ja ainaisj\u00e4senell\u00e4 yksi \u00e4\u00e4ni. Kannattavalla j\u00e4senell\u00e4 on kokouksessa l\u00e4sn\u00e4olo- ja puheoikeus. Yhdistyksen kokouksen p\u00e4\u00e4t\u00f6kseksi tulee, ellei s\u00e4\u00e4nn\u00f6iss\u00e4 ole toisin m\u00e4\u00e4r\u00e4tty, se mielipide, jota on kannattanut yli puolet annetuista \u00e4\u00e4nist\u00e4. \u00c4\u00e4nten menness\u00e4 tasan ratkaisee kokouksen puheenjohtajan \u00e4\u00e4ni, vaaleissa kuitenkin arpa.<\/p>\n\n\n\n<p>Ylim\u00e4\u00e4r\u00e4inen kokous pidet\u00e4\u00e4n, kun hallitus katsoo sen tarpeelliseksi, tai kun v\u00e4hint\u00e4\u00e4n kymmenesosa \u00e4\u00e4nioikeutetuista j\u00e4senist\u00e4 sit\u00e4 hallitukselta erityisesti ilmoitettua asiaa varten kirjallisesti vaatii. Kokous on pidett\u00e4v\u00e4 kolmenkymmenen vuorokauden kuluessa siit\u00e4, kun vaatimus sen pit\u00e4misest\u00e4 on esitetty hallitukselle.<\/p>\n\n\n\n<p>Ylim\u00e4\u00e4r\u00e4inen kokous on my\u00f6s j\u00e4rjestett\u00e4v\u00e4, mik\u00e4li hallituksen j\u00e4senen eroamisen tai erottamisen seurauksena n\u00e4iss\u00e4 s\u00e4\u00e4nn\u00f6iss\u00e4 m\u00e4\u00e4ritellyt hallituksen v\u00e4himm\u00e4isj\u00e4senm\u00e4\u00e4r\u00e4t eiv\u00e4t en\u00e4\u00e4 t\u00e4yty, eik\u00e4 varaj\u00e4senist\u00f6st\u00e4 voida ottaa uutta varsinaista hallituksen j\u00e4sent\u00e4.<\/p>\n\n\n\n<p>Mik\u00e4li yhdistyksen j\u00e4sen haluaa saada jonkin asian yhdistyksen kokouksen k\u00e4sitelt\u00e4v\u00e4ksi, on h\u00e4nen ilmoitettava siit\u00e4 hallitukselle niin hyviss\u00e4 ajoin, ett\u00e4 se voidaan sis\u00e4llytt\u00e4\u00e4 kokouskutsuun.<\/p>\n\n\n\n<ol class=\"wp-block-list\" start=\"10\">\n<li><strong>VARSINAISET KOKOUKSET<\/strong><\/li>\n<\/ol>\n\n\n\n<p>Yhdistyksen kev\u00e4tkokouksessa k\u00e4sitell\u00e4\u00e4n v\u00e4hint\u00e4\u00e4n seuraavat asiat:<\/p>\n\n\n\n<ol class=\"wp-block-list\">\n<li>kokouksen avaus<\/li>\n\n\n\n<li>valitaan kokouksen puheenjohtaja, sihteeri, kaksi<br>p\u00f6yt\u00e4kirjantarkastajaa ja tarvittaessa kaksi \u00e4\u00e4ntenlaskijaa<\/li>\n\n\n\n<li>todetaan kokouksen laillisuus ja p\u00e4\u00e4t\u00f6svaltaisuus<\/li>\n\n\n\n<li>hyv\u00e4ksyt\u00e4\u00e4n kokouksen ty\u00f6j\u00e4rjestys<\/li>\n\n\n\n<li>esitet\u00e4\u00e4n tilinp\u00e4\u00e4t\u00f6s, vuosikertomus ja<br>toiminnantarkastajien\/tilintarkastajien lausunto<\/li>\n\n\n\n<li>p\u00e4\u00e4tet\u00e4\u00e4n tilinp\u00e4\u00e4t\u00f6ksen vahvistamisesta ja vastuuvapauden<br>my\u00f6nt\u00e4misest\u00e4 hallitukselle ja muille vastuuvelvollisille<\/li>\n\n\n\n<li>k\u00e4sitell\u00e4\u00e4n muut kokouskutsussa mainitut asiat<\/li>\n<\/ol>\n\n\n\n<p>Yhdistyksen syyskokouksessa k\u00e4sitell\u00e4\u00e4n v\u00e4hint\u00e4\u00e4n seuraavat asiat:<\/p>\n\n\n\n<ol class=\"wp-block-list\">\n<li>kokouksen avaus<\/li>\n\n\n\n<li>valitaan kokouksen puheenjohtaja, sihteeri, kaksi<br>p\u00f6yt\u00e4kirjantarkastajaa ja tarvittaessa kaksi \u00e4\u00e4ntenlaskijaa<\/li>\n\n\n\n<li>todetaan kokouksen laillisuus ja p\u00e4\u00e4t\u00f6svaltaisuus<\/li>\n\n\n\n<li>hyv\u00e4ksyt\u00e4\u00e4n kokouksen ty\u00f6j\u00e4rjestys<\/li>\n\n\n\n<li>vahvistetaan toimintasuunnitelma, tulo- ja menoarvio sek\u00e4<br>liittymis- ja j\u00e4senmaksujen suuruudet seuraavalle kalenterivuodelle<\/li>\n\n\n\n<li>valitaan hallituksen puheenjohtaja<\/li>\n\n\n\n<li>valitaan kahdesta viiteen (2-5) hallituksen varsinaista j\u00e4sent\u00e4<\/li>\n\n\n\n<li>valitaan enint\u00e4\u00e4n viisi (0-5) hallituksen varaj\u00e4sent\u00e4 ja<br>p\u00e4\u00e4tet\u00e4\u00e4n varaj\u00e4senten kutsumisj\u00e4rjestyksest\u00e4<\/li>\n\n\n\n<li>valitaan yksi tai kaksi toiminnantarkastajaa ja<br>varatoiminnantarkastajaa taikka yksi tai kaksi tilintarkastajaa ja<br>varatilintarkastajaa<\/li>\n\n\n\n<li>k\u00e4sitell\u00e4\u00e4n muut kokouskutsussa mainitut asiat<\/li>\n\n\n\n<li><strong>S\u00c4\u00c4NT\u00d6JEN MUUTTAMINEN JA YHDISTYKSEN PURKAMINEN<\/strong><\/li>\n<\/ol>\n\n\n\n<p>P\u00e4\u00e4t\u00f6s s\u00e4\u00e4nt\u00f6jen muuttamisesta tai yhdistyksen purkamisesta on teht\u00e4v\u00e4 yhdistyksen kokouksessa v\u00e4hint\u00e4\u00e4n kolme nelj\u00e4sosan (3\/4) enemmist\u00f6ll\u00e4 annetuista \u00e4\u00e4nist\u00e4. Kokouskutsussa on mainittava s\u00e4\u00e4nt\u00f6jen muuttamisesta tai yhdistyksen purkamisesta.<\/p>\n\n\n\n<p>Yhdistyksen purkautuessa k\u00e4ytet\u00e4\u00e4n yhdistyksen varat purkamisesta p\u00e4\u00e4tt\u00e4v\u00e4n kokouksen esitt\u00e4m\u00e4ll\u00e4 tavalla yhdistyksen tarkoituksen edist\u00e4miseen. Yhdistyksen tullessa lakkautetuksi k\u00e4ytet\u00e4\u00e4n varat yhdistyksen tarkoituksen edist\u00e4miseen.<\/p>\n","protected":false},"excerpt":{"rendered":"<p>Voimassaolevat s\u00e4\u00e4nn\u00f6t: 08.11.2022 10:27:30 Yhdistyksen nimi on SM-Fetisisti Ryhm\u00e4<\/p>\n<p><a href=\"https:\/\/smfr.fi\/wordpress\/saannot\/\" class=\"more-link\">Jatka lukemista&#8230;<span class=\"screen-reader-text\">S\u00e4\u00e4nn\u00f6t<\/span><\/a><\/p>\n","protected":false},"author":7,"featured_media":0,"parent":0,"menu_order":0,"comment_status":"closed","ping_status":"closed","template":"","meta":{"ngg_post_thumbnail":0,"footnotes":""},"class_list":["post-90","page","type-page","status-publish","hentry"],"_links":{"self":[{"href":"https:\/\/smfr.fi\/wordpress\/wp-json\/wp\/v2\/pages\/90","targetHints":{"allow":["GET"]}}],"collection":[{"href":"https:\/\/smfr.fi\/wordpress\/wp-json\/wp\/v2\/pages"}],"about":[{"href":"https:\/\/smfr.fi\/wordpress\/wp-json\/wp\/v2\/types\/page"}],"author":[{"embeddable":true,"href":"https:\/\/smfr.fi\/wordpress\/wp-json\/wp\/v2\/users\/7"}],"replies":[{"embeddable":true,"href":"https:\/\/smfr.fi\/wordpress\/wp-json\/wp\/v2\/comments?post=90"}],"version-history":[{"count":3,"href":"https:\/\/smfr.fi\/wordpress\/wp-json\/wp\/v2\/pages\/90\/revisions"}],"predecessor-version":[{"id":2737,"href":"https:\/\/smfr.fi\/wordpress\/wp-json\/wp\/v2\/pages\/90\/revisions\/2737"}],"wp:attachment":[{"href":"https:\/\/smfr.fi\/wordpress\/wp-json\/wp\/v2\/media?parent=90"}],"curies":[{"name":"wp","href":"https:\/\/api.w.org\/{rel}","templated":true}]}}