{"id":83,"date":"2021-03-11T21:10:50","date_gmt":"2021-03-11T19:10:50","guid":{"rendered":"http:\/\/smfr.fi\/wordpress\/?page_id=83"},"modified":"2025-11-04T20:12:01","modified_gmt":"2025-11-04T18:12:01","slug":"smfrn-hallitus-2021","status":"publish","type":"page","link":"https:\/\/smfr.fi\/wordpress\/smfrn-hallitus-2021\/","title":{"rendered":"Hallitus 2026"},"content":{"rendered":"\n<p>Syyskokouksessa valitun hallituksen kokoonpano: <\/p>\n\n\n\n<ul class=\"wp-block-list\">\n<li>puheenjohtaja Paistettu M\u00f6rk\u00f6<\/li>\n\n\n\n<li>varapuheenjohtaja Vived<\/li>\n\n\n\n<li>rahastonhoitaja ja h\u00e4irint\u00e4yhdyshenkil\u00f6 susa-anniina<\/li>\n\n\n\n<li>talousassistentti BlueDragon<\/li>\n\n\n\n<li>kalustovastaava tillistallis<\/li>\n\n\n\n<li>j\u00e4senvastaava Fat Bastard<\/li>\n\n\n\n<li>viestint\u00e4vastaava Mazete<\/li>\n<\/ul>\n\n\n\n<p>Hallituksen s\u00e4hk\u00f6posti: smfr@smfr.fi<\/p>\n\n\n\n<p><\/p>\n\n\n\n<p><\/p>\n","protected":false},"excerpt":{"rendered":"<p>Syyskokouksessa valitun hallituksen kokoonpano: Hallituksen s\u00e4hk\u00f6posti: smfr@smfr.fi<\/p>\n","protected":false},"author":7,"featured_media":0,"parent":0,"menu_order":0,"comment_status":"closed","ping_status":"closed","template":"","meta":{"ngg_post_thumbnail":0,"footnotes":""},"class_list":["post-83","page","type-page","status-publish","hentry"],"_links":{"self":[{"href":"https:\/\/smfr.fi\/wordpress\/wp-json\/wp\/v2\/pages\/83","targetHints":{"allow":["GET"]}}],"collection":[{"href":"https:\/\/smfr.fi\/wordpress\/wp-json\/wp\/v2\/pages"}],"about":[{"href":"https:\/\/smfr.fi\/wordpress\/wp-json\/wp\/v2\/types\/page"}],"author":[{"embeddable":true,"href":"https:\/\/smfr.fi\/wordpress\/wp-json\/wp\/v2\/users\/7"}],"replies":[{"embeddable":true,"href":"https:\/\/smfr.fi\/wordpress\/wp-json\/wp\/v2\/comments?post=83"}],"version-history":[{"count":15,"href":"https:\/\/smfr.fi\/wordpress\/wp-json\/wp\/v2\/pages\/83\/revisions"}],"predecessor-version":[{"id":2835,"href":"https:\/\/smfr.fi\/wordpress\/wp-json\/wp\/v2\/pages\/83\/revisions\/2835"}],"wp:attachment":[{"href":"https:\/\/smfr.fi\/wordpress\/wp-json\/wp\/v2\/media?parent=83"}],"curies":[{"name":"wp","href":"https:\/\/api.w.org\/{rel}","templated":true}]}}