{"id":803,"date":"2021-04-17T17:37:10","date_gmt":"2021-04-17T15:37:10","guid":{"rendered":"https:\/\/smfr.fi\/wordpress\/?page_id=803"},"modified":"2022-04-29T15:27:38","modified_gmt":"2022-04-29T13:27:38","slug":"mita-on-bdsm","status":"publish","type":"page","link":"https:\/\/smfr.fi\/wordpress\/mita-on-bdsm\/","title":{"rendered":"Mit\u00e4 on BDSM?"},"content":{"rendered":"\n<p><a href=\"https:\/\/smfr.fi\/wordpress\/bdsm-sanasto\/#bdsm-termi-sanasto\">BDSM<\/a>-lyhenne muodostuu englanninkielisist\u00e4 sanoista <a href=\"https:\/\/smfr.fi\/wordpress\/bdsm-sanasto\/#bondage-sanasto\">bondage<\/a>, <a href=\"https:\/\/smfr.fi\/wordpress\/bdsm-sanasto\/#discipline-sanasto\">discipline<\/a>, <a href=\"https:\/\/smfr.fi\/wordpress\/bdsm-sanasto\/#dom-and-sub-sanasto\">dominance and submission<\/a> sek\u00e4 <a href=\"https:\/\/smfr.fi\/wordpress\/bdsm-sanasto\/#sadism-sanasto\">sadism<\/a> &amp; <a href=\"https:\/\/smfr.fi\/wordpress\/bdsm-sanasto\/#masochism-sanasto\">masochism<\/a>. BDSM on sateenvarjotermi ja m\u00e4\u00e4ritelm\u00e4 fyysist\u00e4 kontrollointia, psykologista voimank\u00e4ytt\u00f6\u00e4 ja\/tai kipua sis\u00e4lt\u00e4v\u00e4lle seksuaaliselle toiminnalle, mihin sis\u00e4ltyy tyypillisesti osatekij\u00f6it\u00e4 sitomisesta, kurinpidosta, alistamisesta ja alistumisesta sek\u00e4 sadismista ja masokismista.  <\/p>\n\n\n\n<hr class=\"wp-block-separator has-text-color has-background has-black-background-color has-black-color is-style-dots\"\/>\n\n\n\n<p>Vaikka BDSM:\u00e4\u00e4n liittyy my\u00f6s seksuaalista toimintaa, sen harjoittamiseen ei tarvitse aina liitty\u00e4 seksi\u00e4. Esimerkiksi piiskaamista voidaan harrastaa ilman seksi\u00e4, mutta vastaavasti my\u00f6s piiskaus voi olla osa seksiaktia. Eri aktiviteettien yhdist\u00e4minen mahdollistaa l\u00e4hes rajattomien variaatioiden harjoittamisen osapuolista ja heid\u00e4n mielenkiinnon kohteistaan riippuen.   <\/p>\n\n\n\n<p>Joidenkin aktien henkiset mielikuvat tai tunnes\u00e4vyiset oheismerkitykset voivat olla paljon kiihottavampia kuin jokin erityinen seksiin johtava toimi. Henkinen mielikuva esimerkiksi toisesta osapuolesta <a href=\"https:\/\/smfr.fi\/wordpress\/bdsm-sanasto\/#fetishwear-sanasto\">fetish-vaatetuksessa<\/a> tai valtasuhteesta ja <a href=\"https:\/\/smfr.fi\/wordpress\/bdsm-sanasto\/#dom-and-sub-sanasto\">D\/s-asetelmasta<\/a> voivat olla seksuaalista mielihyv\u00e4\u00e4 tuottava asia ilman seksi\u00e4. <\/p>\n\n\n\n<p>Dominoivan henkil\u00f6n psykologinen voimank\u00e4ytt\u00f6 sanavalinnoilla tai kiusoittelevalla\/paljastavalla pukeutumisella voivat my\u00f6skin ilman seksin harrastamista tuoda valtapeliin seksuaalista kiihotusta tuottavan tunnes\u00e4vyisen oheismerkityksen, mink\u00e4 lis\u00e4ksi se voi olla my\u00f6s osa seksiin johtavaa sessiota.  <\/p>\n\n\n\n<div class=\"wp-block-image is-style-default\"><figure class=\"aligncenter size-large is-resized\"><img loading=\"lazy\" decoding=\"async\" src=\"https:\/\/smfr.fi\/wordpress\/wp-content\/uploads\/2021\/04\/Untitled-pienennetty-2-798x1024.jpg\" alt=\"\" class=\"wp-image-1259\" width=\"319\" height=\"409\" srcset=\"https:\/\/smfr.fi\/wordpress\/wp-content\/uploads\/2021\/04\/Untitled-pienennetty-2-798x1024.jpg 798w, https:\/\/smfr.fi\/wordpress\/wp-content\/uploads\/2021\/04\/Untitled-pienennetty-2-234x300.jpg 234w, https:\/\/smfr.fi\/wordpress\/wp-content\/uploads\/2021\/04\/Untitled-pienennetty-2-768x985.jpg 768w, https:\/\/smfr.fi\/wordpress\/wp-content\/uploads\/2021\/04\/Untitled-pienennetty-2-1197x1536.jpg 1197w, https:\/\/smfr.fi\/wordpress\/wp-content\/uploads\/2021\/04\/Untitled-pienennetty-2.jpg 1206w\" sizes=\"auto, (max-width: 319px) 100vw, 319px\" \/><figcaption>BDSM ei ole vain seksi\u00e4. Se on my\u00f6s kunnioitusta, suostumusta, rakkautta, rehellisyytt\u00e4, itseilmaisua, kommunikaatiota ja hyv\u00e4ksynt\u00e4\u00e4.<\/figcaption><\/figure><\/div>\n\n\n\n<p>BDSM ei ole ainoastaan vain esimerkiksi pelkk\u00e4\u00e4 <a href=\"https:\/\/smfr.fi\/wordpress\/bdsm-sanasto\/#dom-and-sub-sanasto\">D\/s<\/a>:\u00e4\u00e4. Kinkyily\u00e4 voi harjoittaa niin monella osa-alueella juuri sellaisessa laajuudessa kuin itse haluaa. BDSM:n harjoittaminen ei lokeroi henkil\u00f6\u00e4 mihink\u00e4\u00e4n tiettyyn rooliin automaattisesti.  <\/p>\n\n\n\n<h2 class=\"has-text-align-center wp-block-heading\">Millainen henkil\u00f6 on tyypillinen kinky?<\/h2>\n\n\n\n<p>H\u00e4n on tavallinen ihminen. BDSM:st\u00e4 kiinnostunutta ja sit\u00e4 harjoittavasta henkil\u00f6st\u00e4 k\u00e4ytet\u00e4\u00e4n skeness\u00e4 nimityst\u00e4 kinky. Ja joskus k\u00e4ytet\u00e4\u00e4n my\u00f6s sanaa kinksteri. Tiettyj\u00e4 kinksterin ominaispiirteit\u00e4 tai ominaisuuksia ei ole. Jokainen on yksil\u00f6. Jokainen saa olla kiinnostunut juuri itse\u00e4\u00e4n kiinnostavista asioista. BDSM:n harjoittaminen ei edellyt\u00e4, ett\u00e4 pit\u00e4isi olla juuri oikeanlainen tai tietynlainen henkil\u00f6.  <\/p>\n\n\n\n<hr class=\"wp-block-separator has-text-color has-background has-black-background-color has-black-color is-style-dots\"\/>\n\n\n\n<p>Kinkypiireiss\u00e4 on ihmisi\u00e4 laidasta laitaan: dominoita, alistuvia, bondage-harrastajia, fetisistej\u00e4, crossdressaajia, yhdistysaktiiveja, swingaajia jne. kaikista ammatti- ja ik\u00e4ryhmist\u00e4 18-vuotiaista yli 70-vuotiaisiin. Kinkyydelle ei ole mit\u00e4\u00e4n ik\u00e4haarukkaa tai aikaikkunaa, joissa kinkyily\u00e4 harrastetaan. Kinkyys ei n\u00e4y ulosp\u00e4in, etk\u00e4 voi koskaan tiet\u00e4\u00e4, ett\u00e4 onko kohtaamasi ihminen kiinnostunut BDSM:st\u00e4. <\/p>\n\n\n\n<hr class=\"wp-block-separator has-text-color has-background has-black-background-color has-black-color is-style-dots\"\/>\n\n\n\n<p>Kaikki eiv\u00e4t kaikesta tykk\u00e4\u00e4 p\u00e4tee my\u00f6s BDSM:ss\u00e4. BDSM:n harjoittajista ei voida yleist\u00e4\u00e4, ett\u00e4 jokainen esimerkiksi tykk\u00e4isi piiskauksesta tai fetissipukeutumisesta. Kullakin yksil\u00f6ll\u00e4 on omat mieltymyksens\u00e4 ja kiinnostuksen kohteensa. Se mik\u00e4 kiinnostaa toista, ei v\u00e4ltt\u00e4m\u00e4tt\u00e4 kiinnosta toista.     <\/p>\n\n\n\n<h2 class=\"has-text-align-center wp-block-heading\">Mit\u00e4 muuta BDSM on? <\/h2>\n\n\n\n<p>Kinkyily voi olla my\u00f6s osa sosiaalisuutta samanhenkisten yst\u00e4vien seurassa tai itsens\u00e4 toteuttamista seksipositiivisessa ymp\u00e4rist\u00f6ss\u00e4. Ymp\u00e4ri vuoden j\u00e4rjestet\u00e4\u00e4n kaikenlaista tekemist\u00e4 alkaen k\u00e4velylenkeist\u00e4, elokuvailloista, miiteist\u00e4 ja kokoontumisista yhdistysten j\u00e4rjest\u00e4miin bileisiin. <\/p>\n\n\n\n<hr class=\"wp-block-separator has-text-color has-background has-black-background-color has-black-color is-style-dots\"\/>\n\n\n\n<p>Joillekin BDSM on isompi osa el\u00e4m\u00e4\u00e4 kuin toisille. Toiset toteuttavat sit\u00e4 vain toisinaan, jotkut s\u00e4\u00e4nn\u00f6llisemmin, ja joillekin sen ymp\u00e4rille on rakentunut ty\u00f6. <\/p>\n\n\n\n<h2 class=\"has-text-align-center wp-block-heading\">BDSM-tasot<\/h2>\n\n\n\n<p>BDSM:\u00e4\u00e4 on mahdollista harjoittaa monella eri tasolla. Toiselle sopii kevyemm\u00e4t jutut, kun toinen tykk\u00e4\u00e4 eritt\u00e4in rajuista leikeist\u00e4. Yht\u00e4 oikeaa tapaa harjoittaa BDSM:\u00e4\u00e4 ei ole. Kevyt <a href=\"https:\/\/smfr.fi\/wordpress\/bdsm-sanasto\/#bondage-sanasto\">bondage<\/a> ja <a href=\"https:\/\/smfr.fi\/wordpress\/bdsm-sanasto\/#spanking-sanasto\">spanking<\/a> makuuhuoneessa on BDSM:n harjoittamista samalla tavoin kuin t\u00e4ysim\u00e4\u00e4r\u00e4inen orjasuhde tai yleisemmin harjoitettava D\/s- tai sessiosuhde. <\/p>\n\n\n\n<p>Kevyell\u00e4 tasolla ei ole v\u00e4ltt\u00e4m\u00e4t\u00f6nt\u00e4 hankkia syvemp\u00e4\u00e4 tiet\u00e4myst\u00e4 tai osaamista aktiviteettien harjoittamiseksi, kun taas harrastajatasolla esimerkiksi sessiosuhteessa t\u00e4ytyy olla riitt\u00e4v\u00e4 perusosaaminen ja -tiet\u00e4mys aiheesta. Rajulla tasolla harrastaminen ei ole mahdollista ilman syv\u00e4\u00e4 tiet\u00e4myst\u00e4 ja osaamista, koska isojen riskien takia vahingon sattuessa mahdollisuus vakavaan loukkaantumiseen tai jopa kuolemaan on korkea.     <\/p>\n\n\n\n<div class=\"wp-block-image\"><figure class=\"aligncenter size-large is-resized\"><img loading=\"lazy\" decoding=\"async\" src=\"https:\/\/smfr.fi\/wordpress\/wp-content\/uploads\/2021\/04\/kinkyyden-tasot-2.jpg\" alt=\"\" class=\"wp-image-1245\" width=\"387\" height=\"361\" srcset=\"https:\/\/smfr.fi\/wordpress\/wp-content\/uploads\/2021\/04\/kinkyyden-tasot-2.jpg 549w, https:\/\/smfr.fi\/wordpress\/wp-content\/uploads\/2021\/04\/kinkyyden-tasot-2-300x280.jpg 300w\" sizes=\"auto, (max-width: 387px) 100vw, 387px\" \/><\/figure><\/div>\n\n\n\n<h2 class=\"has-text-align-center wp-block-heading\">Turvallisuus<\/h2>\n\n\n\n<p>Turvallisuus on aina t\u00e4rkein huomioitava asia BDSM-aktiviteeteissa yleisen BDSM-etiikan SSC-periaatteen (ks. <a href=\"http:\/\/smfr.fi\/wordpress\/bdsm-sanasto\/#ssc-periaate\">SSC<\/a>) mukaisesti. Riskialttiimpia aktiviteetteja varten on olemassa <a href=\"https:\/\/smfr.fi\/wordpress\/bdsm-sanasto\/#rack-sanasto\">RACK<\/a>-metodi: sill\u00e4 ilmaistaan halukkuus harjoittaa niit\u00e4 turvallisesti ja yhteisymm\u00e4rryksess\u00e4. Ennen BDSM:n harjoittamista on t\u00e4rke\u00e4\u00e4 perehty\u00e4 harjoitettavaan aktiviteettiin; sessiointi ilman asiaan perehtymist\u00e4 ei ole turvallista eik\u00e4 j\u00e4rkev\u00e4\u00e4. <\/p>\n\n\n\n<p>Turvallisuuteen kuuluu olennaisena osana my\u00f6s <a href=\"https:\/\/smfr.fi\/wordpress\/bdsm-sanasto\/#safeword-sanasto\">turvasana<\/a> ja\/tai <a href=\"https:\/\/smfr.fi\/wordpress\/bdsm-sanasto\/#safesignal-sanasto\">turvaele<\/a>, joita ilman ei pid\u00e4 sessioida. Turvasanalla\/-eleell\u00e4 sessio on mahdollista keskeytt\u00e4\u00e4, jos harjoitettava aktiviteetti menee yli omien sietorajojen. Kun turvasanaa k\u00e4ytet\u00e4\u00e4n, toiminta keskeytet\u00e4\u00e4n <em>v\u00e4litt\u00f6m\u00e4sti<\/em> ja osapuolet selvitt\u00e4v\u00e4t siihen johtaneet syyt.      <\/p>\n\n\n\n<div class=\"wp-block-image is-style-default\"><figure class=\"aligncenter size-large is-resized\"><img loading=\"lazy\" decoding=\"async\" src=\"https:\/\/smfr.fi\/wordpress\/wp-content\/uploads\/2021\/04\/turvallisuus.jpg\" alt=\"\" class=\"wp-image-1371\" width=\"253\" height=\"253\" srcset=\"https:\/\/smfr.fi\/wordpress\/wp-content\/uploads\/2021\/04\/turvallisuus.jpg 384w, https:\/\/smfr.fi\/wordpress\/wp-content\/uploads\/2021\/04\/turvallisuus-300x300.jpg 300w, https:\/\/smfr.fi\/wordpress\/wp-content\/uploads\/2021\/04\/turvallisuus-150x150.jpg 150w\" sizes=\"auto, (max-width: 253px) 100vw, 253px\" \/><figcaption>Ensin turvallisuus, sitten toiminta. Turvallisuus on aina etusijalla.  <\/figcaption><\/figure><\/div>\n\n\n\n<h2 class=\"has-text-align-center wp-block-heading\">Suostumus <\/h2>\n\n\n\n<p>BDSM-aktien harjoittaminen edellytt\u00e4\u00e4 <a href=\"https:\/\/smfr.fi\/wordpress\/bdsm-sanasto\/#consent-sanasto\">suostumusta<\/a>, avointa kommunikaatiota ja luottamusta partnereiden v\u00e4lill\u00e4. Suostumuksella varmistetaan molempien osapuolien ymm\u00e4rrys harjoitettavasta aktiviteetista, koska se erottaa suostumukseen sis\u00e4lletyn toiminnan pahoinpitelyst\u00e4 tai loukkauksesta. <\/p>\n\n\n\n<p>Alistuvan ja dominoivan osapuolen vastuuseen kuuluu m\u00e4\u00e4ritt\u00e4\u00e4 rajat ja turvallisuusmenetelm\u00e4t yhdess\u00e4. Alistuvalla osapuolella on velvollisuus ja oikeus tarpeen mukaan k\u00e4ytt\u00e4\u00e4 turvasanaa\/-elett\u00e4, ja dominoivan osapuolen velvollisuus on noudattaa niit\u00e4. Jos alistuva osapuoli jostain syyst\u00e4 ei ole kykenev\u00e4 k\u00e4ytt\u00e4m\u00e4\u00e4n turvallisuusmenetelmi\u00e4 session keskeytt\u00e4miseksi, dominoivalla osapuolella on aina kokonaisvastuu, oikeus ja velvollisuus keskeytt\u00e4\u00e4 ei-turvallinen toiminta.  <\/p>\n\n\n\n<p>Asianmukainen vallank\u00e4ytt\u00f6 on dominoivan osapuolen vastuulla, koska ilman sit\u00e4 toiminta ei ole suostumuksellista ja yhteisymm\u00e4rryksellist\u00e4.   <\/p>\n\n\n\n<div class=\"wp-block-image\"><figure class=\"aligncenter size-large is-resized\"><img loading=\"lazy\" decoding=\"async\" src=\"https:\/\/smfr.fi\/wordpress\/wp-content\/uploads\/2021\/04\/vastuualueet-1024x485.jpg\" alt=\"\" class=\"wp-image-1492\" width=\"815\" height=\"385\" srcset=\"https:\/\/smfr.fi\/wordpress\/wp-content\/uploads\/2021\/04\/vastuualueet-1024x485.jpg 1024w, https:\/\/smfr.fi\/wordpress\/wp-content\/uploads\/2021\/04\/vastuualueet-300x142.jpg 300w, https:\/\/smfr.fi\/wordpress\/wp-content\/uploads\/2021\/04\/vastuualueet-768x364.jpg 768w, https:\/\/smfr.fi\/wordpress\/wp-content\/uploads\/2021\/04\/vastuualueet-1536x728.jpg 1536w, https:\/\/smfr.fi\/wordpress\/wp-content\/uploads\/2021\/04\/vastuualueet.jpg 1969w\" sizes=\"auto, (max-width: 815px) 100vw, 815px\" \/><figcaption>Suostumuksen lis\u00e4ksi BDSM:ss\u00e4 edellytet\u00e4\u00e4n my\u00f6s vastuuasioita. <\/figcaption><\/figure><\/div>\n\n\n\n<p class=\"has-text-align-center\"><strong>Suostumus ei ole vain edellytys sessioimiselle<\/strong><\/p>\n\n\n\n<p>Sessiosta ja sen sis\u00e4ll\u00f6st\u00e4 keskusteleminen ei ole vain edellytys toiminnalle, vaan johdattaa my\u00f6s syvemp\u00e4\u00e4n ymm\u00e4rrykseen toisen osapuolen haluista ja odotuksista.  <\/p>\n\n\n\n<p class=\"has-text-align-center\"><strong>Ep\u00e4selv\u00e4 suostumus<\/strong><\/p>\n\n\n\n<p>\u00c4l\u00e4 luota ep\u00e4selv\u00e4\u00e4n suostumukseen, koska silloin mahdollisuus v\u00e4\u00e4rintulkinnoille kasvaa. Pyri aina ymm\u00e4rt\u00e4m\u00e4\u00e4n ja tulemaan ymm\u00e4rretyksi, koska ihmiset eiv\u00e4t ole ajatustenlukijoita. Molemminpuolinen itsetietoisuus ja hyv\u00e4t kommunikointitaidot edist\u00e4v\u00e4t yhteisymm\u00e4rryst\u00e4.         <\/p>\n\n\n\n<div class=\"wp-block-image is-style-default\"><figure class=\"aligncenter size-large is-resized\"><img loading=\"lazy\" decoding=\"async\" src=\"https:\/\/smfr.fi\/wordpress\/wp-content\/uploads\/2021\/04\/suostumus.jpg\" alt=\"\" class=\"wp-image-1276\" width=\"716\" height=\"435\"\/><figcaption>Mihink\u00e4\u00e4n mist\u00e4 ei itse pid\u00e4 tai on ep\u00e4varma siit\u00e4, <em>ei tarvitse suostua<\/em>.<\/figcaption><\/figure><\/div>\n\n\n\n<p>Korostetusti, t\u00e4rkein painoarvo on ilmaistulla ja yhdess\u00e4 sovitulla suostumuksella harjoitettaessa BDSM-aktiviteetteja, koska niihin liittyy usein eriasteista kipua, fyysisi\u00e4 pakkokeinoja, k\u00e4skynalaisuutta ja loukkaantumisriskej\u00e4. <\/p>\n\n\n\n<h2 class=\"has-text-align-center wp-block-heading\"><strong>Rehellinen ja avoin keskustelu<\/strong><\/h2>\n\n\n\n<p>Jokaisen tarpeet ja mieltymykset ovat aina erilaiset, mink\u00e4 vuoksi kunnollinen keskustelu hy\u00f6dytt\u00e4\u00e4 kaikkia osapuolia v\u00e4\u00e4rintulkintojen v\u00e4ltt\u00e4miseksi. Keskustele avoimesti ja rehellisesti haluista, rajoista ja suostumuksesta kumppanin kanssa, koska kumppanin omat n\u00e4kemykset ja periaatteet ovat t\u00e4rkeit\u00e4 avaintekij\u00f6it\u00e4 onnistuneisiin ja voimaannuttaviin kokemuksiin. Kysy ja kuuntele aidosti toista osapuolta, ja etsi h\u00e4nen aidot motivaattorit ja rajat aktiviteetteihin.   <\/p>\n\n\n\n<p>Suostumus kulkee molempiin suuntiin, ja sen takia kaikkien osallisien on t\u00e4rke\u00e4\u00e4 tuoda esille selv\u00e4sti ja rehellisesti omat odotukset, rajat ja kokemus. Pid\u00e4 huoli, ett\u00e4 keskustelet n\u00e4ist\u00e4 aina etuk\u00e4teen kumppanin kanssa, kun harjoittaessasi BDSM:\u00e4\u00e4.    <\/p>\n\n\n\n<h2 class=\"has-text-align-center wp-block-heading\">Rajat <\/h2>\n\n\n\n<p>Rajoilla m\u00e4\u00e4ritet\u00e4\u00e4n aktiviteettien kehykset; mit\u00e4 ehdottomasti ei kokeilla ja mist\u00e4 voidaan neuvotella. Rajat voivat kuitenkin muuttua kokemuksen my\u00f6t\u00e4, mink\u00e4 takia rajojen tarkoitus on m\u00e4\u00e4ritt\u00e4\u00e4 vallitsevan tilanteen mieltymyksi\u00e4. Rajoista on aina hyv\u00e4 puhua avoimesti, koska niiden m\u00e4\u00e4ritt\u00e4minen selkeytt\u00e4\u00e4 harjoitettavat aktiviteetit osapuolille. <\/p>\n\n\n\n<p><a href=\"https:\/\/smfr.fi\/wordpress\/bdsm-sanasto\/#hardlimits-sanasto\">Kovilla rajoilla<\/a> voidaan sulkea pois aktit, jotka tiedet\u00e4\u00e4n sellaisiksi, joita ei haluta kokeilla miss\u00e4\u00e4n toiminnassa eik\u00e4 niist\u00e4 ole mahdollista neuvotella toiminnan aikana. Kovat rajat ovat voimassa kunnes toisin m\u00e4\u00e4ritet\u00e4\u00e4n. <\/p>\n\n\n\n<p><a href=\"https:\/\/smfr.fi\/wordpress\/bdsm-sanasto\/#softlimits-sanasto\">Pehmeill\u00e4 rajoilla<\/a> m\u00e4\u00e4ritellyist\u00e4 aktiviteeteista on mahdollista neuvotella, ja niit\u00e4 on tilanteesta riippuen mahdollista kokeilla toiminnan aikana, kun taas kovilla rajoilla m\u00e4\u00e4ritetyist\u00e4 aktiviteeteista ei toiminnan aikana ole mahdollista neuvotella. Pehme\u00e4t rajat ovat ik\u00e4\u00e4n kuin aktiviteetteja, jotka eiv\u00e4t ole automaattisesti sallittuja, mutta niit\u00e4 voidaan harjoittaa tilanteen mukaan. Koska pehmeill\u00e4 rajoilla olevat aktiviteetit eiv\u00e4t ole automaattisesti sallittuja, niiden harjoittamisesta pit\u00e4\u00e4 aina sopia erikseen. <\/p>\n\n\n\n<p>Sallitut aktiviteetit ovat yhdess\u00e4 sovittuja suostumuksellisia aktiviteetteja, joiden harjoittamisesta ei tarvitse aina erikseen sopia.                                                                                                                                                                               <\/p>\n\n\n\n<div class=\"wp-block-image is-style-default\"><figure class=\"aligncenter size-large is-resized\"><img loading=\"lazy\" decoding=\"async\" src=\"https:\/\/smfr.fi\/wordpress\/wp-content\/uploads\/2021\/04\/rajat-1-1024x682.jpg\" alt=\"\" class=\"wp-image-1315\" width=\"549\" height=\"365\" srcset=\"https:\/\/smfr.fi\/wordpress\/wp-content\/uploads\/2021\/04\/rajat-1-1024x682.jpg 1024w, https:\/\/smfr.fi\/wordpress\/wp-content\/uploads\/2021\/04\/rajat-1-300x200.jpg 300w, https:\/\/smfr.fi\/wordpress\/wp-content\/uploads\/2021\/04\/rajat-1-768x512.jpg 768w, https:\/\/smfr.fi\/wordpress\/wp-content\/uploads\/2021\/04\/rajat-1.jpg 1334w\" sizes=\"auto, (max-width: 549px) 100vw, 549px\" \/><\/figure><\/div>\n\n\n\n<h2 class=\"has-text-align-center wp-block-heading\">Liikennevalomalli<\/h2>\n\n\n\n<p>Liikennevalomalli on BDSM:ss\u00e4 yleisimmin k\u00e4ytetty turvasanaj\u00e4rjestelm\u00e4 luontevaan kommunikointiin osapuolten v\u00e4lill\u00e4. Liikennevalomallissa jokainen v\u00e4ri ilmaisee tunnetilaa ja kyky\u00e4 toiminnan jatkamiseen.    <\/p>\n\n\n\n<div class=\"wp-block-image is-style-default\"><figure class=\"aligncenter size-large is-resized\"><img loading=\"lazy\" decoding=\"async\" src=\"https:\/\/smfr.fi\/wordpress\/wp-content\/uploads\/2021\/04\/liikennevalomalli.jpg\" alt=\"\" class=\"wp-image-1339\" width=\"473\" height=\"87\" srcset=\"https:\/\/smfr.fi\/wordpress\/wp-content\/uploads\/2021\/04\/liikennevalomalli.jpg 829w, https:\/\/smfr.fi\/wordpress\/wp-content\/uploads\/2021\/04\/liikennevalomalli-300x55.jpg 300w, https:\/\/smfr.fi\/wordpress\/wp-content\/uploads\/2021\/04\/liikennevalomalli-768x141.jpg 768w\" sizes=\"auto, (max-width: 473px) 100vw, 473px\" \/><figcaption>Liikennevalomallin v\u00e4rit ovat punainen, keltainen ja vihre\u00e4. <\/figcaption><\/figure><\/div>\n\n\n\n<div class=\"wp-block-columns is-layout-flex wp-container-core-columns-is-layout-9d6595d7 wp-block-columns-is-layout-flex\">\n<div class=\"wp-block-column is-layout-flow wp-block-column-is-layout-flow\">\n<p class=\"has-text-align-center\" style=\"font-size:15px\">Punainen tarkoittaa lopeta  <\/p>\n<\/div>\n\n\n\n<div class=\"wp-block-column is-layout-flow wp-block-column-is-layout-flow\">\n<p class=\"has-text-align-center\" style=\"font-size:15px\">Keltainen tarkoittaa hidasta<\/p>\n<\/div>\n\n\n\n<div class=\"wp-block-column is-layout-flow wp-block-column-is-layout-flow\">\n<p class=\"has-text-align-center\" style=\"font-size:15px\">Vihre\u00e4 tarkoittaa kaikki hyvin  <\/p>\n<\/div>\n<\/div>\n\n\n\n<ul class=\"wp-block-list\"><li>Punainen tarkoittaa, ett\u00e4 toiminta keskeytet\u00e4\u00e4n v\u00e4litt\u00f6m\u00e4sti. Punaista k\u00e4ytet\u00e4\u00e4n silloin, kun toiminta ei tunnu mukavalta tai se menee omien sietorajojen tai omien suostumusten yli.  <\/li><\/ul>\n\n\n\n<ul class=\"wp-block-list\"><li>Keltainen tarkoittaa, ett\u00e4 toimintaa hidastetaan. Jos harjoitettava aktiviteetti alkaa l\u00e4hesty\u00e4 omia sietorajoja ja tuntua ep\u00e4mukavalta, keltaisella voidaan hidastaa ja &#8220;l\u00f6ys\u00e4t\u00e4 hieman&#8221; toimintaa keskeytt\u00e4m\u00e4tt\u00e4.   <\/li><\/ul>\n\n\n\n<ul class=\"wp-block-list\"><li>Vihre\u00e4 tarkoittaa, ett\u00e4 kaikki on hyvin, harjoitettava aktiviteetti tuntuu mukavalta ja turvalliselta ja sit\u00e4 voidaan jatkaa. <\/li><\/ul>\n\n\n\n<p><\/p>\n\n\n\n<h2 class=\"has-text-align-center wp-block-heading\">BDSM-aktiviteetit<\/h2>\n\n\n\n<p>BDSM-aktiviteettien valikoima on hyvin laaja, eik\u00e4 kaikesta tarvitse pit\u00e4\u00e4. Tyypillisi\u00e4 esimerkkej\u00e4 BDSM-aktista ovat esimerkiksi toisen henkil\u00f6n sitominen, piiskaaminen, kaulapannassa pit\u00e4minen tai alistaminen seksiaktiviteetin aikana. Kokemuksen my\u00f6t\u00e4 mielenkiinnon kohteet voivat vaihdella, mist\u00e4 usein syntyy halu perehty\u00e4 syvemm\u00e4lle BDSM:\u00e4\u00e4n.<\/p>\n\n\n\n<p>BDSM:n harjoittaminen kannattaa aloittaa kevyesti helpoilla leikeill\u00e4. Ennen v\u00e4lineiden k\u00e4ytt\u00f6\u00e4 mahdollista roolijakoa kannattaa harjoitella muutaman kerran keskittyen vain luomaan dynamiikkaa kumppanin kanssa ilman mit\u00e4\u00e4n v\u00e4lineit\u00e4, koska tottuminen voi ottaa oman aikansa, vaikka olisit tottunut olemaan ohjaava henkil\u00f6 seksiss\u00e4. Dominoiva osapuoli on <em>aina<\/em> p\u00e4\u00e4vastuullinen harjoitettavassa aktiviteetissa siit\u00e4 huolimatta, ett\u00e4 alistuvalla on my\u00f6s alistuvan vastuu. <\/p>\n\n\n\n<p>Esimerkiksi aistien rajoittaminen silm\u00e4t peitt\u00e4v\u00e4ll\u00e4 siteell\u00e4 ja\/tai liikkeen rajoittaminen pehmustetuilla kahleilla ovat matalan kynnyksen aktiviteetteja.    <\/p>\n\n\n\n<div class=\"wp-block-image is-style-default\"><figure class=\"aligncenter size-large is-resized\"><img loading=\"lazy\" decoding=\"async\" src=\"https:\/\/smfr.fi\/wordpress\/wp-content\/uploads\/2021\/04\/pehmustetut-kahleet-pienennetty-768x1024.jpg\" alt=\"\" class=\"wp-image-1430\" width=\"306\" height=\"409\" srcset=\"https:\/\/smfr.fi\/wordpress\/wp-content\/uploads\/2021\/04\/pehmustetut-kahleet-pienennetty-768x1024.jpg 768w, https:\/\/smfr.fi\/wordpress\/wp-content\/uploads\/2021\/04\/pehmustetut-kahleet-pienennetty-225x300.jpg 225w, https:\/\/smfr.fi\/wordpress\/wp-content\/uploads\/2021\/04\/pehmustetut-kahleet-pienennetty-1152x1536.jpg 1152w, https:\/\/smfr.fi\/wordpress\/wp-content\/uploads\/2021\/04\/pehmustetut-kahleet-pienennetty.jpg 1204w\" sizes=\"auto, (max-width: 306px) 100vw, 306px\" \/><figcaption>Kuvan pehmustetut kahleet sopivat aloittelijalle. <\/figcaption><\/figure><\/div>\n\n\n\n<p> BDSM-aktiviteeteista l\u00f6ytyy useita artikkeleita internetist\u00e4 ja esimerkiksi <a href=\"https:\/\/kinklovers.com\/\" target=\"_blank\" rel=\"noreferrer noopener\">www.kinklovers.com<\/a>-sivustolla esitell\u00e4\u00e4n <a rel=\"noreferrer noopener\" href=\"https:\/\/kinklovers.com\/bdsm-play-list\/\" target=\"_blank\">50 eri aktiviteettia<\/a>. Sivusto on englanninkielinen. <\/p>\n\n\n\n<p>       <\/p>\n","protected":false},"excerpt":{"rendered":"<p>BDSM-lyhenne muodostuu englanninkielisist\u00e4 sanoista bondage, discipline, dominance and submission<\/p>\n<p><a href=\"https:\/\/smfr.fi\/wordpress\/mita-on-bdsm\/\" class=\"more-link\">Jatka lukemista&#8230;<span class=\"screen-reader-text\">Mit\u00e4 on BDSM?<\/span><\/a><\/p>\n","protected":false},"author":7,"featured_media":0,"parent":0,"menu_order":0,"comment_status":"closed","ping_status":"closed","template":"","meta":{"ngg_post_thumbnail":0,"footnotes":""},"class_list":["post-803","page","type-page","status-publish","hentry"],"_links":{"self":[{"href":"https:\/\/smfr.fi\/wordpress\/wp-json\/wp\/v2\/pages\/803","targetHints":{"allow":["GET"]}}],"collection":[{"href":"https:\/\/smfr.fi\/wordpress\/wp-json\/wp\/v2\/pages"}],"about":[{"href":"https:\/\/smfr.fi\/wordpress\/wp-json\/wp\/v2\/types\/page"}],"author":[{"embeddable":true,"href":"https:\/\/smfr.fi\/wordpress\/wp-json\/wp\/v2\/users\/7"}],"replies":[{"embeddable":true,"href":"https:\/\/smfr.fi\/wordpress\/wp-json\/wp\/v2\/comments?post=803"}],"version-history":[{"count":242,"href":"https:\/\/smfr.fi\/wordpress\/wp-json\/wp\/v2\/pages\/803\/revisions"}],"predecessor-version":[{"id":2131,"href":"https:\/\/smfr.fi\/wordpress\/wp-json\/wp\/v2\/pages\/803\/revisions\/2131"}],"wp:attachment":[{"href":"https:\/\/smfr.fi\/wordpress\/wp-json\/wp\/v2\/media?parent=803"}],"curies":[{"name":"wp","href":"https:\/\/api.w.org\/{rel}","templated":true}]}}