{"id":35,"date":"2021-03-11T18:27:28","date_gmt":"2021-03-11T16:27:28","guid":{"rendered":"http:\/\/smfr.fi\/wordpress\/?page_id=35"},"modified":"2026-04-07T13:42:18","modified_gmt":"2026-04-07T11:42:18","slug":"contact","status":"publish","type":"page","link":"https:\/\/smfr.fi\/wordpress\/contact\/","title":{"rendered":"Ota yhteytt\u00e4"},"content":{"rendered":"\n<div class=\"wp-block-columns is-layout-flex wp-container-core-columns-is-layout-9d6595d7 wp-block-columns-is-layout-flex\">\n<div class=\"wp-block-column is-layout-flow wp-block-column-is-layout-flow\"><\/div>\n<\/div>\n\n\n\n<div class=\"wp-block-group\"><div class=\"wp-block-group__inner-container is-layout-flow wp-block-group-is-layout-flow\">\n<div class=\"wp-block-group\"><div class=\"wp-block-group__inner-container is-layout-flow wp-block-group-is-layout-flow\">\n<div class=\"wp-block-columns is-layout-flex wp-container-core-columns-is-layout-9d6595d7 wp-block-columns-is-layout-flex\">\n<div class=\"wp-block-column is-vertically-aligned-center is-layout-flow wp-block-column-is-layout-flow\">\n<ul class=\"wp-block-list\">\n<li>Puheenjohtaja: puheenjohtaja@smfr.fi<\/li>\n<\/ul>\n\n\n\n<ul class=\"wp-block-list\">\n<li>Hallitus: smfr@smfr.fi<\/li>\n<\/ul>\n\n\n\n<ul class=\"wp-block-list\">\n<li>J\u00e4senyysasiat: membership@smfr.fi <\/li>\n<\/ul>\n\n\n\n<ul class=\"wp-block-list\">\n<li>Info: info@smfr.fi<\/li>\n<\/ul>\n\n\n\n<ul class=\"wp-block-list\">\n<li><a href=\"https:\/\/smfr.fi\/wordpress\/tapahtumatoimikunta\/\">Tapahtumatoimikunta<\/a>: tapahtumatoimikunta@smfr.fi<\/li>\n<\/ul>\n\n\n\n<ul class=\"wp-block-list\">\n<li>Viestint\u00e4: viestinta@smfr.fi<\/li>\n<\/ul>\n\n\n\n<ul class=\"wp-block-list\">\n<li>Jos olet kohdannut h\u00e4irint\u00e4\u00e4 ja\/tai ep\u00e4sopivaa k\u00e4yt\u00f6st\u00e4, voit ottaa yhteytt\u00e4 asian k\u00e4sittelemiseksi: hairinta@smfr.fi <\/li>\n<\/ul>\n<\/div>\n<\/div>\n<\/div><\/div>\n<\/div><\/div>\n\n\n\n<p>Yhteytt\u00e4 voi ottaa my\u00f6s sosiaalisessa mediassa <a href=\"https:\/\/www.instagram.com\/smfrry\/?hl=en\" data-type=\"URL\" data-id=\"https:\/\/www.instagram.com\/smfr_ry\/?hl=en\" target=\"_blank\" rel=\"noreferrer noopener\">Instagramissa<\/a>, <a href=\"https:\/\/www.facebook.com\/SMFRry\" data-type=\"URL\" data-id=\"https:\/\/www.facebook.com\/SMFRry\" target=\"_blank\" rel=\"noreferrer noopener\">Facebookissa<\/a> ja <a href=\"https:\/\/fetlife.com\/users\/5438460?sp=5\" data-type=\"URL\" data-id=\"https:\/\/fetlife.com\/users\/5438460?sp=5\" target=\"_blank\" rel=\"noreferrer noopener\">FetLifess\u00e4<\/a>.<\/p>\n","protected":false},"excerpt":{"rendered":"<p>Yhteytt\u00e4 voi ottaa my\u00f6s sosiaalisessa mediassa Instagramissa, Facebookissa ja<\/p>\n<p><a href=\"https:\/\/smfr.fi\/wordpress\/contact\/\" class=\"more-link\">Jatka lukemista&#8230;<span class=\"screen-reader-text\">Ota yhteytt\u00e4<\/span><\/a><\/p>\n","protected":false},"author":7,"featured_media":0,"parent":0,"menu_order":0,"comment_status":"closed","ping_status":"closed","template":"","meta":{"ngg_post_thumbnail":0,"footnotes":""},"class_list":["post-35","page","type-page","status-publish","hentry"],"_links":{"self":[{"href":"https:\/\/smfr.fi\/wordpress\/wp-json\/wp\/v2\/pages\/35","targetHints":{"allow":["GET"]}}],"collection":[{"href":"https:\/\/smfr.fi\/wordpress\/wp-json\/wp\/v2\/pages"}],"about":[{"href":"https:\/\/smfr.fi\/wordpress\/wp-json\/wp\/v2\/types\/page"}],"author":[{"embeddable":true,"href":"https:\/\/smfr.fi\/wordpress\/wp-json\/wp\/v2\/users\/7"}],"replies":[{"embeddable":true,"href":"https:\/\/smfr.fi\/wordpress\/wp-json\/wp\/v2\/comments?post=35"}],"version-history":[{"count":49,"href":"https:\/\/smfr.fi\/wordpress\/wp-json\/wp\/v2\/pages\/35\/revisions"}],"predecessor-version":[{"id":2910,"href":"https:\/\/smfr.fi\/wordpress\/wp-json\/wp\/v2\/pages\/35\/revisions\/2910"}],"wp:attachment":[{"href":"https:\/\/smfr.fi\/wordpress\/wp-json\/wp\/v2\/media?parent=35"}],"curies":[{"name":"wp","href":"https:\/\/api.w.org\/{rel}","templated":true}]}}