{"id":2837,"date":"2025-11-04T20:24:19","date_gmt":"2025-11-04T18:24:19","guid":{"rendered":"https:\/\/smfr.fi\/wordpress\/?page_id=2837"},"modified":"2026-02-07T20:39:46","modified_gmt":"2026-02-07T18:39:46","slug":"2837-2","status":"publish","type":"page","link":"https:\/\/smfr.fi\/wordpress\/2837-2\/","title":{"rendered":"Bilekurinpito"},"content":{"rendered":"\n<h2 class=\"wp-block-heading has-text-align-center\">Bilekurinpito SMFR:n tapahtumissa<\/h2>\n\n\n<div class=\"wp-block-image\">\n<figure class=\"aligncenter size-full\"><img loading=\"lazy\" decoding=\"async\" width=\"551\" height=\"551\" src=\"https:\/\/smfr.fi\/wordpress\/wp-content\/uploads\/2022\/10\/cropped-Untitled-3-3.jpg\" alt=\"\" class=\"wp-image-2798\" srcset=\"https:\/\/smfr.fi\/wordpress\/wp-content\/uploads\/2022\/10\/cropped-Untitled-3-3.jpg 551w, https:\/\/smfr.fi\/wordpress\/wp-content\/uploads\/2022\/10\/cropped-Untitled-3-3-300x300.jpg 300w, https:\/\/smfr.fi\/wordpress\/wp-content\/uploads\/2022\/10\/cropped-Untitled-3-3-150x150.jpg 150w\" sizes=\"auto, (max-width: 551px) 100vw, 551px\" \/><\/figure>\n<\/div>\n\n\n<ul class=\"wp-block-list\">\n<li>Tapahtuman j\u00e4rjestyksenvalvojalla\/valvojilla on oikeus poistaa tapahtumasta h\u00e4iritsev\u00e4sti k\u00e4ytt\u00e4ytyv\u00e4 oman harkintansa mukaan. Mik\u00e4li poistaminen tapahtuu t\u00e4st\u00e4 syyst\u00e4, p\u00e4\u00e4sylipun hintaa ei palauteta, ei my\u00f6sk\u00e4\u00e4n mahdollisen avecin osalta,<\/li>\n<\/ul>\n\n\n\n<ul class=\"wp-block-list\">\n<li>Tapahtuman j\u00e4rjest\u00e4jill\u00e4 (p\u00e4\u00e4j\u00e4rjest\u00e4j\u00e4, bossit) on oikeus joko est\u00e4\u00e4 tapahtumaan saapuminen tai poistaa henkil\u00f6 tapahtumasta seuraavista syist\u00e4:<\/li>\n<\/ul>\n\n\n\n<ol style=\"list-style-type:lower-alpha\" class=\"wp-block-list\">\n<li>Henkil\u00f6 on aikaisemmalla k\u00e4yt\u00f6ksell\u00e4\u00e4n aiheuttanut merkitt\u00e4vi\u00e4 j\u00e4rjestysh\u00e4iri\u00f6t\u00e4, riippumatta onko h\u00e4net silloin poistettu tapahtumasta, eik\u00e4 ole syyt\u00e4 olettaa asian olevan t\u00e4ll\u00e4k\u00e4\u00e4n kertaa toisin,<\/li>\n\n\n\n<li>Henkil\u00f6n tiedet\u00e4\u00e4n tosiasiallisesti tehneen rikoksen tai teon, joka osoittaa piittaamattomuutta, jota yhdistys ei halua tukea, joko jonkun edelt\u00e4v\u00e4n tapahtuman aikana tai sen ulkopuolella, tai valmistellut sellaista rikosta tai tekoa tapahtumassa. Tosiallisena pidet\u00e4\u00e4n t\u00e4ss\u00e4 yhteydess\u00e4 tuomiota, tai ett\u00e4 henkil\u00f6 on itse my\u00f6nt\u00e4nyt sellaisen teon, tai johonkin viralliseen asiakirjaan on kirjattu oikeaksi my\u00f6nnetty teonkuvaus, tai esimerkiksi julkaistuilla kirjoituksillaan vahvistanut saman<\/li>\n\n\n\n<li>Henkil\u00f6n l\u00e4sn\u00e4olo jostain muusta syyst\u00e4 on omiaan aiheuttamaan j\u00e4rjestysh\u00e4iri\u00f6it\u00e4 esimerkiksi mediahuomion tai muun vastaavan vuoksi siten, ettei voida kohtuudella odottaa yhdistyksen sallivan tapahtumiseensa osallistumista,<\/li>\n\n\n\n<li>Mik\u00e4li henkil\u00f6 on julkiselta profiililtaan sellainen, ettei voida kohtuudella odottaa muiden vieraiden tuntevan oloaan turvalliseksi tapahtumassa henkil\u00f6n l\u00e4sn\u00e4 ollessa<\/li>\n<\/ol>\n\n\n\n<p>Mik\u00e4li henkil\u00f6n p\u00e4\u00e4sy tapahtumaan estet\u00e4\u00e4n kohdan 2 perusteella heti h\u00e4nen saavuttuaan paikalle, p\u00e4\u00e4sylipun hinta <strong>voidaan hallituksen harkinnan mukaan palauttaa<\/strong> henkil\u00f6n ilmoittamalle pankkitilille, samoin kuin mahdollisen avecin p\u00e4\u00e4sylipun hinta.<\/p>\n\n\n\n<p>Tilanne pyrit\u00e4\u00e4n hoitamaan niin hienovaraisesti kuin mahdollista.<\/p>\n\n\n\n<ul class=\"wp-block-list\">\n<li>P\u00e4\u00e4t\u00f6kset tapahtumasta poistamisesta tai p\u00e4\u00e4syn ev\u00e4\u00e4misest\u00e4 tehd\u00e4\u00e4n p\u00e4\u00e4j\u00e4rjest\u00e4j\u00e4n, j\u00e4rjestyksenvalvojan\/valvojien ja bossien (staff-funktioiden vastuuhenkil\u00f6t) yhteisell\u00e4 enemmist\u00f6p\u00e4\u00e4t\u00f6ksell\u00e4,<\/li>\n<\/ul>\n\n\n\n<ul class=\"wp-block-list\">\n<li>Tilanteesta keskustellaan poistettavan kanssa vieraiden n\u00e4kym\u00e4tt\u00f6miss\u00e4, esimerkiksi Clubilla staff-huoneessa, yksityisyydensuojan s\u00e4ilytt\u00e4miseksi,<\/li>\n<\/ul>\n\n\n\n<ul class=\"wp-block-list\">\n<li>Samat s\u00e4\u00e4nn\u00f6t p\u00e4tev\u00e4t kaikkiin vieraisiin yht\u00e4l\u00e4isesti. SMFR:n omien j\u00e4senien osalta t\u00e4llaisessa tilanteessa voidaan kuitenkin tarjota samalla j\u00e4senmaksun palauttamista, mik\u00e4li arvellaan ett\u00e4 tilanne ei ole muuttumassa kohtuullisen ajan kuluessa,<\/li>\n<\/ul>\n\n\n\n<ul class=\"wp-block-list\">\n<li>Kaikki tapahtumasta poistamiset perusteluineen kirjataan tapahtumailmoitukseen sek\u00e4 seuraavan hallituksen kokouksen p\u00f6yt\u00e4kirjaan, jolloin niihin voidaan tarvittaessa yhdistyksen kokouksessa palata ja n\u00e4in est\u00e4\u00e4 erilaisen huhujen levi\u00e4minen.<\/li>\n<\/ul>\n\n\n\n<p>Ohjes\u00e4\u00e4nt\u00f6 hyv\u00e4ksytty yhdistyksen syyskokouksessa 24.09.2025<\/p>\n","protected":false},"excerpt":{"rendered":"<p>Bilekurinpito SMFR:n tapahtumissa Mik\u00e4li henkil\u00f6n p\u00e4\u00e4sy tapahtumaan estet\u00e4\u00e4n kohdan<\/p>\n<p><a href=\"https:\/\/smfr.fi\/wordpress\/2837-2\/\" class=\"more-link\">Jatka lukemista&#8230;<span class=\"screen-reader-text\">Bilekurinpito<\/span><\/a><\/p>\n","protected":false},"author":7,"featured_media":0,"parent":0,"menu_order":0,"comment_status":"closed","ping_status":"closed","template":"","meta":{"ngg_post_thumbnail":0,"footnotes":""},"class_list":["post-2837","page","type-page","status-publish","hentry"],"_links":{"self":[{"href":"https:\/\/smfr.fi\/wordpress\/wp-json\/wp\/v2\/pages\/2837","targetHints":{"allow":["GET"]}}],"collection":[{"href":"https:\/\/smfr.fi\/wordpress\/wp-json\/wp\/v2\/pages"}],"about":[{"href":"https:\/\/smfr.fi\/wordpress\/wp-json\/wp\/v2\/types\/page"}],"author":[{"embeddable":true,"href":"https:\/\/smfr.fi\/wordpress\/wp-json\/wp\/v2\/users\/7"}],"replies":[{"embeddable":true,"href":"https:\/\/smfr.fi\/wordpress\/wp-json\/wp\/v2\/comments?post=2837"}],"version-history":[{"count":2,"href":"https:\/\/smfr.fi\/wordpress\/wp-json\/wp\/v2\/pages\/2837\/revisions"}],"predecessor-version":[{"id":2859,"href":"https:\/\/smfr.fi\/wordpress\/wp-json\/wp\/v2\/pages\/2837\/revisions\/2859"}],"wp:attachment":[{"href":"https:\/\/smfr.fi\/wordpress\/wp-json\/wp\/v2\/media?parent=2837"}],"curies":[{"name":"wp","href":"https:\/\/api.w.org\/{rel}","templated":true}]}}