{"id":260,"date":"2021-04-05T23:25:29","date_gmt":"2021-04-05T21:25:29","guid":{"rendered":"http:\/\/smfr.fi\/wordpress\/?page_id=260"},"modified":"2022-01-16T18:58:48","modified_gmt":"2022-01-16T16:58:48","slug":"linkkeja","status":"publish","type":"page","link":"https:\/\/smfr.fi\/wordpress\/linkkeja\/","title":{"rendered":"Linkkej\u00e4"},"content":{"rendered":"\n<div class=\"wp-block-group\"><div class=\"wp-block-group__inner-container is-layout-flow wp-block-group-is-layout-flow\">\n<div class=\"wp-block-columns is-layout-flex wp-container-core-columns-is-layout-9d6595d7 wp-block-columns-is-layout-flex\">\n<div class=\"wp-block-column is-layout-flow wp-block-column-is-layout-flow\">\n<p><a href=\"http:\/\/www.bdsmbaari.net\" data-type=\"URL\" data-id=\"www.bdsmbaari.net\" target=\"_blank\" rel=\"noreferrer noopener\">www.bdsmbaari.net<\/a><\/p>\n<\/div>\n\n\n\n<div class=\"wp-block-column is-layout-flow wp-block-column-is-layout-flow\">\n<p>BDSM-baari on suomenkielinen keskustelufoorumi. <\/p>\n<\/div>\n<\/div>\n<\/div><\/div>\n\n\n\n<div class=\"wp-block-columns is-layout-flex wp-container-core-columns-is-layout-9d6595d7 wp-block-columns-is-layout-flex\">\n<div class=\"wp-block-column is-layout-flow wp-block-column-is-layout-flow\">\n<p><a rel=\"noreferrer noopener\" href=\"http:\/\/www.everydayhealth.com\" target=\"_blank\">www.everydayhealth.com<\/a><\/p>\n<\/div>\n\n\n\n<div class=\"wp-block-column is-layout-flow wp-block-column-is-layout-flow\">\n<p>Everydayhealth on englanninkielinen terveyteen, seksiin ja hyvinvointiin keskittynyt sivusto.<\/p>\n<\/div>\n<\/div>\n\n\n\n<div class=\"wp-block-columns is-layout-flex wp-container-core-columns-is-layout-9d6595d7 wp-block-columns-is-layout-flex\">\n<div class=\"wp-block-column is-layout-flow wp-block-column-is-layout-flow\">\n<div class=\"wp-block-columns is-layout-flex wp-container-core-columns-is-layout-9d6595d7 wp-block-columns-is-layout-flex\">\n<div class=\"wp-block-column is-layout-flow wp-block-column-is-layout-flow\">\n<p><a rel=\"noreferrer noopener\" href=\"http:\/\/www.fetlife.com\" target=\"_blank\">www.fetlife.com<\/a><\/p>\n<\/div>\n\n\n\n<div class=\"wp-block-column is-layout-flow wp-block-column-is-layout-flow\">\n<p>Englanninkielinen FetLife on kuin kinkyjen Facebook. Sivustolla jaetaan kuvia ja videoita, osallistutaan keskusteluihin ryhmiss\u00e4 tai yksityisesti, kommentoidaan toisten kuvia ja kirjoitetaan omia postauksia.  <\/p>\n<\/div>\n<\/div>\n<\/div>\n<\/div>\n\n\n\n<div class=\"wp-block-columns is-layout-flex wp-container-core-columns-is-layout-9d6595d7 wp-block-columns-is-layout-flex\">\n<div class=\"wp-block-column is-layout-flow wp-block-column-is-layout-flow\" style=\"flex-basis:100%\">\n<div class=\"wp-block-columns is-layout-flex wp-container-core-columns-is-layout-9d6595d7 wp-block-columns-is-layout-flex\">\n<div class=\"wp-block-column is-layout-flow wp-block-column-is-layout-flow\">\n<p><a href=\"https:\/\/kinklovers.com\/bdsm-play-list\/\" target=\"_blank\" rel=\"noreferrer noopener\">https:\/\/kinklovers.com\/bdsm-play-list\/<\/a><\/p>\n<\/div>\n\n\n\n<div class=\"wp-block-column is-layout-flow wp-block-column-is-layout-flow\">\n<p>Englanninkielisell\u00e4 sivustolla luetellaan 50 eri BDSM-aktiviteettia.<\/p>\n<\/div>\n<\/div>\n<\/div>\n<\/div>\n\n\n\n<div class=\"wp-block-columns is-layout-flex wp-container-core-columns-is-layout-9d6595d7 wp-block-columns-is-layout-flex\">\n<div class=\"wp-block-column is-layout-flow wp-block-column-is-layout-flow\">\n<p><a rel=\"noreferrer noopener\" href=\"http:\/\/www.kinkly.com\" data-type=\"URL\" data-id=\"www.kinkly.com\" target=\"_blank\">www.kinkly.com<\/a><\/p>\n<\/div>\n\n\n\n<div class=\"wp-block-column is-layout-flow wp-block-column-is-layout-flow\">\n<p>Informatiivinen BDSM-sivusto ja webshop. <\/p>\n<\/div>\n<\/div>\n\n\n\n<div class=\"wp-block-columns is-layout-flex wp-container-core-columns-is-layout-9d6595d7 wp-block-columns-is-layout-flex\">\n<div class=\"wp-block-column is-layout-flow wp-block-column-is-layout-flow\">\n<p><a rel=\"noreferrer noopener\" href=\"http:\/\/www.lovehoney.co.uk\/\" target=\"_blank\">www.lovehoney.co.uk\/<\/a><\/p>\n<\/div>\n\n\n\n<div class=\"wp-block-column is-layout-flow wp-block-column-is-layout-flow\">\n<p>Maailmanlaajuisesti johtava seksiv\u00e4linekauppa tarjoten hyvin laajan valikoiman mm. fetish-vaatetusta, sidontav\u00e4lineit\u00e4, seksileluja jne. BDSM:\u00e4\u00e4n. Lovehoneylla on runsaasti my\u00f6s pluskoon asusteita valikoimassa.  <\/p>\n<\/div>\n<\/div>\n\n\n\n<p><\/p>\n","protected":false},"excerpt":{"rendered":"<p>www.bdsmbaari.net BDSM-baari on suomenkielinen keskustelufoorumi. www.everydayhealth.com Everydayhealth on englanninkielinen<\/p>\n<p><a href=\"https:\/\/smfr.fi\/wordpress\/linkkeja\/\" class=\"more-link\">Jatka lukemista&#8230;<span class=\"screen-reader-text\">Linkkej\u00e4<\/span><\/a><\/p>\n","protected":false},"author":7,"featured_media":0,"parent":0,"menu_order":0,"comment_status":"closed","ping_status":"closed","template":"","meta":{"ngg_post_thumbnail":0,"footnotes":""},"class_list":["post-260","page","type-page","status-publish","hentry"],"_links":{"self":[{"href":"https:\/\/smfr.fi\/wordpress\/wp-json\/wp\/v2\/pages\/260","targetHints":{"allow":["GET"]}}],"collection":[{"href":"https:\/\/smfr.fi\/wordpress\/wp-json\/wp\/v2\/pages"}],"about":[{"href":"https:\/\/smfr.fi\/wordpress\/wp-json\/wp\/v2\/types\/page"}],"author":[{"embeddable":true,"href":"https:\/\/smfr.fi\/wordpress\/wp-json\/wp\/v2\/users\/7"}],"replies":[{"embeddable":true,"href":"https:\/\/smfr.fi\/wordpress\/wp-json\/wp\/v2\/comments?post=260"}],"version-history":[{"count":23,"href":"https:\/\/smfr.fi\/wordpress\/wp-json\/wp\/v2\/pages\/260\/revisions"}],"predecessor-version":[{"id":2216,"href":"https:\/\/smfr.fi\/wordpress\/wp-json\/wp\/v2\/pages\/260\/revisions\/2216"}],"wp:attachment":[{"href":"https:\/\/smfr.fi\/wordpress\/wp-json\/wp\/v2\/media?parent=260"}],"curies":[{"name":"wp","href":"https:\/\/api.w.org\/{rel}","templated":true}]}}