{"id":239,"date":"2021-04-03T01:20:36","date_gmt":"2021-04-02T23:20:36","guid":{"rendered":"http:\/\/smfr.fi\/wordpress\/?page_id=239"},"modified":"2021-04-24T19:27:42","modified_gmt":"2021-04-24T17:27:42","slug":"bdsm","status":"publish","type":"page","link":"https:\/\/smfr.fi\/wordpress\/bdsm\/","title":{"rendered":"BDSM"},"content":{"rendered":"\n<div class=\"wp-block-image is-style-default\"><figure class=\"aligncenter size-large is-resized\"><img loading=\"lazy\" decoding=\"async\" src=\"https:\/\/smfr.fi\/wordpress\/wp-content\/uploads\/2021\/04\/mita-on-bdsm-kuva.jpg\" alt=\"\" class=\"wp-image-1368\" width=\"316\" height=\"321\" srcset=\"https:\/\/smfr.fi\/wordpress\/wp-content\/uploads\/2021\/04\/mita-on-bdsm-kuva.jpg 803w, https:\/\/smfr.fi\/wordpress\/wp-content\/uploads\/2021\/04\/mita-on-bdsm-kuva-295x300.jpg 295w, https:\/\/smfr.fi\/wordpress\/wp-content\/uploads\/2021\/04\/mita-on-bdsm-kuva-768x780.jpg 768w\" sizes=\"auto, (max-width: 316px) 100vw, 316px\" \/><\/figure><\/div>\n\n\n\n<p><strong>BDSM-osiota rakennetaan, ja sis\u00e4lt\u00f6\u00e4 p\u00e4ivitet\u00e4\u00e4n s\u00e4\u00e4nn\u00f6llisesti.<\/strong><\/p>\n\n\n\n<p>Pohditko, ett\u00e4 mit\u00e4 on BDSM? Lue artikkeli <a href=\"https:\/\/smfr.fi\/wordpress\/mita-on-bdsm\/\">Mit\u00e4 on BDSM?<\/a>  <\/p>\n\n\n\n<p><a href=\"https:\/\/smfr.fi\/wordpress\/bdsm-sanasto\/\">BDSM-sanasto<\/a> selvent\u00e4\u00e4 BDSM-kielen monia eri termej\u00e4.  <\/p>\n\n\n\n<p><a href=\"http:\/\/smfr.fi\/wordpress\/linkkeja\/\">Linkkej\u00e4<\/a> Hy\u00f6dyllisi\u00e4 linkkej\u00e4 muun muassa verkkokauppoihin ja informatiivisille sivustoille. <\/p>\n","protected":false},"excerpt":{"rendered":"<p>BDSM-osiota rakennetaan, ja sis\u00e4lt\u00f6\u00e4 p\u00e4ivitet\u00e4\u00e4n s\u00e4\u00e4nn\u00f6llisesti. Pohditko, ett\u00e4 mit\u00e4<\/p>\n<p><a href=\"https:\/\/smfr.fi\/wordpress\/bdsm\/\" class=\"more-link\">Jatka lukemista&#8230;<span class=\"screen-reader-text\">BDSM<\/span><\/a><\/p>\n","protected":false},"author":7,"featured_media":0,"parent":0,"menu_order":0,"comment_status":"closed","ping_status":"closed","template":"","meta":{"ngg_post_thumbnail":0,"footnotes":""},"class_list":["post-239","page","type-page","status-publish","hentry"],"_links":{"self":[{"href":"https:\/\/smfr.fi\/wordpress\/wp-json\/wp\/v2\/pages\/239","targetHints":{"allow":["GET"]}}],"collection":[{"href":"https:\/\/smfr.fi\/wordpress\/wp-json\/wp\/v2\/pages"}],"about":[{"href":"https:\/\/smfr.fi\/wordpress\/wp-json\/wp\/v2\/types\/page"}],"author":[{"embeddable":true,"href":"https:\/\/smfr.fi\/wordpress\/wp-json\/wp\/v2\/users\/7"}],"replies":[{"embeddable":true,"href":"https:\/\/smfr.fi\/wordpress\/wp-json\/wp\/v2\/comments?post=239"}],"version-history":[{"count":32,"href":"https:\/\/smfr.fi\/wordpress\/wp-json\/wp\/v2\/pages\/239\/revisions"}],"predecessor-version":[{"id":1458,"href":"https:\/\/smfr.fi\/wordpress\/wp-json\/wp\/v2\/pages\/239\/revisions\/1458"}],"wp:attachment":[{"href":"https:\/\/smfr.fi\/wordpress\/wp-json\/wp\/v2\/media?parent=239"}],"curies":[{"name":"wp","href":"https:\/\/api.w.org\/{rel}","templated":true}]}}