{"id":2370,"date":"2022-03-17T23:25:57","date_gmt":"2022-03-17T21:25:57","guid":{"rendered":"https:\/\/smfr.fi\/wordpress\/?page_id=2370"},"modified":"2022-03-18T17:02:16","modified_gmt":"2022-03-18T15:02:16","slug":"kirjaesittely","status":"publish","type":"page","link":"https:\/\/smfr.fi\/wordpress\/kirjaesittely\/","title":{"rendered":"BDSM basics for submissives"},"content":{"rendered":"\n<h3 class=\"wp-block-heading\">Johdanto<\/h3>\n\n\n\n<div class=\"wp-block-image\"><figure class=\"aligncenter size-large is-resized\"><img loading=\"lazy\" decoding=\"async\" src=\"https:\/\/smfr.fi\/wordpress\/wp-content\/uploads\/2022\/03\/MG_5779-smaller-2-683x1024.jpg\" alt=\"\" class=\"wp-image-2412\" width=\"599\" height=\"897\" srcset=\"https:\/\/smfr.fi\/wordpress\/wp-content\/uploads\/2022\/03\/MG_5779-smaller-2-683x1024.jpg 683w, https:\/\/smfr.fi\/wordpress\/wp-content\/uploads\/2022\/03\/MG_5779-smaller-2-200x300.jpg 200w\" sizes=\"auto, (max-width: 599px) 100vw, 599px\" \/><figcaption>Kirja on saatavilla mm. <a href=\"https:\/\/www.adlibris.com\/fi\/kirja\/bdsm-basics-for-submissives---dealing-with-the-mental-and-emotional-side-of-submission-9781312348301\">Adlibriksest\u00e4<\/a>. <\/figcaption><\/figure><\/div>\n\n\n\n<p>BDSM basics for submissives: dealing with the mental and emotional side of submission on vuonna 2014 julkaistu teos.   <\/p>\n\n\n\n<hr class=\"wp-block-separator is-style-dots\"\/>\n\n\n\n<p>Kirja on kirjoitettu alistuvan osapuolen n\u00e4k\u00f6kulmasta, ja kirjoittajalla Michellell\u00e4 on yli 20 vuoden kokemus BDSM:n harjoittamisesta. H\u00e4n on samasta n\u00e4k\u00f6kulmasta kirjoittanut my\u00f6s blogeja ja muita opaskirjoja. <\/p>\n\n\n\n<hr class=\"wp-block-separator is-style-dots\"\/>\n\n\n\n<h3 class=\"wp-block-heading\">Sis\u00e4lt\u00f6<\/h3>\n\n\n\n<p>Kirja on jaettu 16 kappaleeseen kokonaissivum\u00e4\u00e4r\u00e4n ollen 44 sivua. Teksti on perus englantia, ja eurooppalaisen viitekehyksen asteikosta laaditulla suomalaisella asteikolla eli kielitaidon tasojen kuvausasteikolla lukemiselle riitt\u00e4v\u00e4 taitotaso saavutetaan taitotasolla B2.1.   <\/p>\n\n\n\n<div class=\"wp-block-image\"><figure class=\"aligncenter size-large is-resized\"><img decoding=\"async\" src=\"https:\/\/smfr.fi\/wordpress\/wp-content\/uploads\/2022\/03\/MG_5796-smaller-2-744x1024.jpg\" alt=\"\" class=\"wp-image-2379\" width=\"-132\" height=\"-182\" srcset=\"https:\/\/smfr.fi\/wordpress\/wp-content\/uploads\/2022\/03\/MG_5796-smaller-2-744x1024.jpg 744w, https:\/\/smfr.fi\/wordpress\/wp-content\/uploads\/2022\/03\/MG_5796-smaller-2-218x300.jpg 218w, https:\/\/smfr.fi\/wordpress\/wp-content\/uploads\/2022\/03\/MG_5796-smaller-2-768x1057.jpg 768w, https:\/\/smfr.fi\/wordpress\/wp-content\/uploads\/2022\/03\/MG_5796-smaller-2.jpg 1080w\" sizes=\"(max-width: 744px) 100vw, 744px\" \/><figcaption>Kirja sis\u00e4lt\u00e4\u00e4 useita hy\u00f6dyllisia aiheita. <\/figcaption><\/figure><\/div>\n\n\n\n<h3 class=\"wp-block-heading\">Oma arvio<\/h3>\n\n\n\n<p>Ostin t\u00e4m\u00e4n kirjan, koska aihe tunteista ja henkisest\u00e4 hyvinvoinnista tuntui kiinnostavalta, sill\u00e4 ihmissuhteissa sis\u00e4ltyi siihen BDSM miss\u00e4\u00e4n muodossa tai ei, ovat tunteiden ja henkisen hyvinvoinnin pit\u00e4minen terveell\u00e4 tasolla t\u00e4rkeit\u00e4 yksil\u00f6n hyvinvoinnille. Vaikka kirja on kirjoitettu alistuvan n\u00e4k\u00f6kulmasta, se ei vaikuttanut ostop\u00e4\u00e4t\u00f6kseeni, koska haluan oppia ja saada tietoa monelta eri suunnalta kapea-alaisen tiedonhankinnan sijaan; siihen kirja soveltuu hyvin. <\/p>\n\n\n\n<blockquote class=\"wp-block-quote is-layout-flow wp-block-quote-is-layout-flow\"><p>&#8220;- &#8211; this guide is a tool that will help you understand, analyze and deal with different types of emotions and mental stresses associated with being a submissive.&#8221;<\/p><cite>Michelle Fegatofi<\/cite><\/blockquote>\n\n\n\n<p>Moni kirjassa oleva aihe voisi vaatia jo pelk\u00e4st\u00e4\u00e4n itsell\u00e4\u00e4n yhden kirjan, mutta siit\u00e4 huolimatta etten kirjan varsinaiseen kohderyhm\u00e4\u00e4n kuulu, se tarjosi my\u00f6s tavallista ja arkiel\u00e4m\u00e4\u00e4n soveltuvaa hy\u00f6dyllist\u00e4 tietoa. Esimerkiksi kappale viidess\u00e4 kirjoitetaan mustasukkaisuudesta, jota voi ilmet\u00e4 mink\u00e4laisessa tahansa ihmissuhteessa ilman BDSM:\u00e4\u00e4.  <\/p>\n\n\n\n<p>   <\/p>\n\n\n\n<hr class=\"wp-block-separator is-style-dots\"\/>\n\n\n\n<p>Kirjassa ei pelk\u00e4st\u00e4\u00e4n yksipuolisesti kirjoiteta vain alistuvan n\u00e4k\u00f6kulmasta asioita, vaan esimerkkien avulla usein johdatellaan ja kerrotaan, kuinka jossain tilanteessa konfliktin ennaltaehk\u00e4isy tai jo siihen pisteeseen ajautunut tilanne voidaan yritt\u00e4\u00e4 korjata. <\/p>\n\n\n\n<hr class=\"wp-block-separator is-style-dots\"\/>\n\n\n\n<p>Kirja antoikin paljon oivalluksia ja aiheita tarkastella itse\u00e4\u00e4n kehitt\u00e4v\u00e4sti. Kohderyhm\u00e4st\u00e4 huolimatta pystyn suosittelemaan kirjaa l\u00e4hes kenelle tahansa. Eniten kirja antaa sis\u00e4lt\u00f6\u00e4 BDSM:st\u00e4 kiinnostuneelle, vasta kinkyilyyn tutustuvalle, sit\u00e4 jo pidemp\u00e4\u00e4n harjoittaneelle tai esimerkiksi ensimm\u00e4isen BDSM:\u00e4\u00e4 sis\u00e4lt\u00e4v\u00e4n parisuhteen osapuolille.  <\/p>\n\n\n\n<hr class=\"wp-block-separator is-style-dots\"\/>\n\n\n\n<p>Jos kiinnostusta BDSM:\u00e4\u00e4n tai valtasuhteisiin ei ole, lukijan t\u00e4ytyy suodattaa luettua, jolloin sis\u00e4lt\u00f6 voi j\u00e4\u00e4d\u00e4 laihaksi. Kokonaissivum\u00e4\u00e4r\u00e4lt\u00e4\u00e4n 44-sivuisena kirjana asioita ei k\u00e4sitell\u00e4 l\u00e4pi syv\u00e4luotaavasti, mutta siin\u00e4 m\u00e4\u00e4rin kuitenkin, ett\u00e4 niist\u00e4 on mahdollista oppia k\u00e4yt\u00e4nt\u00f6\u00f6n sovellettavaa tietoa. Kirjan suuri painoarvo on sill\u00e4, ett\u00e4 sen aiheiden avulla on mahdollista luoda laaja-alaisia keskusteluja henkiseen hyvinvointiin liittyen, mik\u00e4 voi kehitt\u00e4\u00e4 ja raivata tilaa uusille asioille ihmissuhteessa sek\u00e4 yksil\u00f6n omassa ajattelumaailmassa.  <\/p>\n\n\n\n<figure class=\"wp-block-pullquote\"><blockquote><p>&#8220;As humans, we all have to deal with negative feelings and thoughts from time to time &#8211; -&#8220;<\/p><cite>Michelle Fegatofi<\/cite><\/blockquote><\/figure>\n","protected":false},"excerpt":{"rendered":"<p>Johdanto BDSM basics for submissives: dealing with the mental<\/p>\n<p><a href=\"https:\/\/smfr.fi\/wordpress\/kirjaesittely\/\" class=\"more-link\">Jatka lukemista&#8230;<span class=\"screen-reader-text\">BDSM basics for submissives<\/span><\/a><\/p>\n","protected":false},"author":7,"featured_media":0,"parent":0,"menu_order":0,"comment_status":"closed","ping_status":"closed","template":"","meta":{"ngg_post_thumbnail":0,"footnotes":""},"class_list":["post-2370","page","type-page","status-publish","hentry"],"_links":{"self":[{"href":"https:\/\/smfr.fi\/wordpress\/wp-json\/wp\/v2\/pages\/2370","targetHints":{"allow":["GET"]}}],"collection":[{"href":"https:\/\/smfr.fi\/wordpress\/wp-json\/wp\/v2\/pages"}],"about":[{"href":"https:\/\/smfr.fi\/wordpress\/wp-json\/wp\/v2\/types\/page"}],"author":[{"embeddable":true,"href":"https:\/\/smfr.fi\/wordpress\/wp-json\/wp\/v2\/users\/7"}],"replies":[{"embeddable":true,"href":"https:\/\/smfr.fi\/wordpress\/wp-json\/wp\/v2\/comments?post=2370"}],"version-history":[{"count":23,"href":"https:\/\/smfr.fi\/wordpress\/wp-json\/wp\/v2\/pages\/2370\/revisions"}],"predecessor-version":[{"id":2416,"href":"https:\/\/smfr.fi\/wordpress\/wp-json\/wp\/v2\/pages\/2370\/revisions\/2416"}],"wp:attachment":[{"href":"https:\/\/smfr.fi\/wordpress\/wp-json\/wp\/v2\/media?parent=2370"}],"curies":[{"name":"wp","href":"https:\/\/api.w.org\/{rel}","templated":true}]}}