{"id":2188,"date":"2022-03-01T22:29:29","date_gmt":"2022-03-01T20:29:29","guid":{"rendered":"https:\/\/smfr.fi\/wordpress\/?page_id=2188"},"modified":"2022-03-02T05:09:03","modified_gmt":"2022-03-02T03:09:03","slug":"varomerkit","status":"publish","type":"page","link":"https:\/\/smfr.fi\/wordpress\/varomerkit\/","title":{"rendered":"Varomerkit"},"content":{"rendered":"\n<p>Varomerkki kuulostaa sanana negatiiviselta, mutta sen tarkoitus on positiivinen. Se kertoo ja varoittaa, ett\u00e4 kannattaa pys\u00e4hty\u00e4 tarkastelemaan omaa ihmissuhdetta. Hyvinvoivakin ihmissuhde voi muuttua ik\u00e4v\u00e4ksi tai ihmissuhde voi alusta alkaen jo olla myrkyllinen, jos ep\u00e4terveen k\u00e4ytt\u00e4ytymisen signaaleihin ei kiinnitet\u00e4 huomiota. <\/p>\n\n\n\n<hr class=\"wp-block-separator has-text-color has-background has-black-background-color has-black-color is-style-dots\"\/>\n\n\n\n<p>Mik\u00e4 varomerkki k\u00e4yt\u00e4nn\u00f6ss\u00e4 on? <a href=\"https:\/\/smfr.fi\/wordpress\/bdsm-sanasto\/#red-flag\">Varomerkki<\/a> auttaa kartoittamaan ja havainnollistamaan ep\u00e4terveit\u00e4 asioita ihmissuhteessa. Varomerkki on yleisty\u00f6kalu ihmissuhteiden puntarointiin riippumatta millainen ihmissuhde on kyseess\u00e4.  <\/p>\n\n\n\n<hr class=\"wp-block-separator is-style-dots\"\/>\n\n\n\n<h1 class=\"has-text-align-center wp-block-heading\">Green flag <\/h1>\n\n\n\n<p><a href=\"https:\/\/smfr.fi\/wordpress\/bdsm-sanasto\/#green-flag\">Green flag<\/a> auttaa havainnollistamaan ja kartoittamaan turvallisia ja positiivisia asioita. Green flag on merkki, joka kuvastaa ihmissuhteeseen sis\u00e4ltyv\u00e4n terveit\u00e4 ja positiivisesti vaikuttavia asioita. Green flagit ovat osittain subjektiivisia, eik\u00e4 yksi merkki tarkoita suoraan jonkin asian tai jonkun henkil\u00f6n olevan turvallinen. Green flag on ik\u00e4\u00e4n kuin ty\u00f6kalu, jota k\u00e4ytet\u00e4\u00e4n apuna pohtiessa ihmissuhteen vaikutusta itseens\u00e4.    <\/p>\n\n\n\n<hr class=\"wp-block-separator has-text-color has-background has-black-background-color has-black-color is-style-dots\"\/>\n\n\n\n<p>Green flageja voidaan k\u00e4ytt\u00e4\u00e4 kontekstista riippuen ristiin sek\u00e4 BDSM:\u00e4\u00e4 sis\u00e4lt\u00e4viss\u00e4 ihmissuhteissa ett\u00e4 my\u00f6s miss\u00e4 tahansa muissa ihmissuhteissa, jotka eiv\u00e4t sis\u00e4ll\u00e4 BDSM:\u00e4\u00e4. Koska green flagit ovat osittain subjektiivia, ne eiv\u00e4t p\u00e4de kaikkiin ihmissuhteisiin eiv\u00e4tk\u00e4 ole samat kaikille, sill\u00e4 ihmisill\u00e4 on erilaiset halut, tarpeet ja dynamiikat. Sek\u00e4 green flageihin ett\u00e4 red flageihin sis\u00e4ltyy BDSM-kontekstissa perustavanlaatuisia asioita, jotka on syyt\u00e4 ottaa huomioon my\u00f6s subjektiivisten n\u00e4k\u00f6kulmien lis\u00e4ksi.    <\/p>\n\n\n\n<hr class=\"wp-block-separator is-style-dots\"\/>\n\n\n\n<p>Miten green flageja kartoitetaan? Puntaroi itsellesi t\u00e4rkeit\u00e4 arvoja ja asioita, jotka ovat sinulle t\u00e4rkeit\u00e4 ihmissuhteessa. <\/p>\n\n\n\n<div class=\"wp-block-image\"><figure class=\"aligncenter size-full is-resized\"><img loading=\"lazy\" decoding=\"async\" src=\"https:\/\/smfr.fi\/wordpress\/wp-content\/uploads\/2022\/01\/green-flag.jpg\" alt=\"\" class=\"wp-image-2196\" width=\"461\" height=\"332\" srcset=\"https:\/\/smfr.fi\/wordpress\/wp-content\/uploads\/2022\/01\/green-flag.jpg 550w, https:\/\/smfr.fi\/wordpress\/wp-content\/uploads\/2022\/01\/green-flag-300x216.jpg 300w\" sizes=\"auto, (max-width: 461px) 100vw, 461px\" \/><figcaption><em>Keskustelu green flageista voi auttaa rakentamaan luottamusta ja ymm\u00e4rryst\u00e4. Se voi my\u00f6s vahvistaa osapuolten v\u00e4list\u00e4 yhteytt\u00e4. <\/em><\/figcaption><\/figure><\/div>\n\n\n\n<h3 class=\"has-text-align-left wp-block-heading\">Selv\u00e4 ajatus ja ymm\u00e4rrys suostumuksesta<\/h3>\n\n\n\n<p>Kunnioittaako henkil\u00f6 sinun rajojasi? Lopettaako h\u00e4n joko seksuaalisen tai mink\u00e4 tahansa muun toiminnan sinun pyyt\u00e4ess\u00e4si sit\u00e4? Tiedusteleeko h\u00e4n sinun fiiliksi\u00e4si ennen kuin mihink\u00e4\u00e4n toimintaan l\u00e4hdet\u00e4\u00e4n?  <\/p>\n\n\n\n<p>Suostumukseen ei aina tarvitse sis\u00e4lty\u00e4 seksuaalisuutta sis\u00e4lt\u00e4vi\u00e4 asioita. Suostumusta ja toisesta v\u00e4litt\u00e4mist\u00e4 on kuunnella toista. Se on molemminpuolista keskustelua ennen sitoumuksia tehdess\u00e4. Yksinkertaisimmillaan se voi olla my\u00f6s sit\u00e4, ett\u00e4 esim. kahvilassa toiselle tarjotessa ostaa sen toisen osapuolen haluaman tuotteen, eik\u00e4 tyrkytet\u00e4 v\u00e4kisin esimerkiksi &#8220;ostan sinulle tuon kakkupalan, jos kumminkin sitten maistuu my\u00f6hemmin&#8221;, jos toinen on sanonut haluavansa vain kahvin. <\/p>\n\n\n\n<hr class=\"wp-block-separator has-text-color has-background has-black-background-color has-black-color is-style-dots\"\/>\n\n\n\n<p>Selke\u00e4 ymm\u00e4rrys suostumuksesta kertoo henkil\u00f6 v\u00e4litt\u00e4v\u00e4n tunteistasi ja mukavuudestasi. Selke\u00e4 ymm\u00e4rrys suostumuksesta tarkoittaa, ett\u00e4 voidaan kysy\u00e4 lupa mihink\u00e4\u00e4n toiseen osapuoleen vaikuttavaan tekoon tai toimenpiteeseen. <\/p>\n\n\n\n<h3 class=\"wp-block-heading\">Pyrkimys kehittymiseen<\/h3>\n\n\n\n<p>Kukaan ihminen ei ole t\u00e4ydellinen, ja kaikilla on heikkouksia. Tietoinen kehittymishalu ja omien heikkouksien tunnistaminen on yksi eritt\u00e4in hyv\u00e4 positiivinen signaali ihmissuhteessa. Samojen argumenttien ja ongelmien l\u00e4pik\u00e4yminen jatkuvasti ei edist\u00e4 ihmissuhteen hyvinvointia.   <\/p>\n\n\n\n<hr class=\"wp-block-separator is-style-dots\"\/>\n\n\n\n<p>Tietoiseen kehittymiseen pyrkiv\u00e4t ihmiset osoittavat yrityst\u00e4 ja ponnistelua yritt\u00e4\u00e4kseen ymm\u00e4rt\u00e4\u00e4 my\u00f6s toisen osapuolen n\u00e4k\u00f6kulmia aiheesta, mik\u00e4 kasvattaa harkintakyky\u00e4. L\u00e4hestymistapojen muokkaaminen vanhoista ongelmista oppien kehitt\u00e4v\u00e4t ihmissuhdetta.<\/p>\n\n\n\n<div class=\"wp-block-image\"><figure class=\"aligncenter size-large is-resized\"><img loading=\"lazy\" decoding=\"async\" src=\"https:\/\/smfr.fi\/wordpress\/wp-content\/uploads\/2022\/03\/hashtag-greenflag-1-1024x322.jpg\" alt=\"\" class=\"wp-image-2345\" width=\"390\" height=\"121\" srcset=\"https:\/\/smfr.fi\/wordpress\/wp-content\/uploads\/2022\/03\/hashtag-greenflag-1-300x94.jpg 300w, https:\/\/smfr.fi\/wordpress\/wp-content\/uploads\/2022\/03\/hashtag-greenflag-1-768x241.jpg 768w\" sizes=\"auto, (max-width: 390px) 100vw, 390px\" \/><figcaption>Greenflag-aihetunnistetta k\u00e4ytet\u00e4\u00e4n sosiaalisen median palveluissa.<\/figcaption><\/figure><\/div>\n\n\n\n<h3 class=\"wp-block-heading\">Aidon kiinnostuksen osoittaminen <\/h3>\n\n\n\n<p>Kyll\u00e4stytt\u00e4\u00e4k\u00f6 aina olla vain se kuunteleva osapuoli ilman mahdollisuutta kertoa omista huolista? Toisesta v\u00e4litt\u00e4mist\u00e4 on kuunnella toista aiheesta kuin aiheesta; ei vain pelk\u00e4st\u00e4\u00e4n ty\u00f6p\u00e4iv\u00e4n kuulumiset vaan my\u00f6s mit\u00e4 toiselle kuuluu my\u00f6s muuten. Voiko h\u00e4n hyvin? Jos et saa koskaan tilaisuutta kertoa omia tunteitasi eik\u00e4 niihin koskaan vastata, mit\u00e4 se kertoo toisen osapuolen kiinnostuksesta sinua kohtaan? <\/p>\n\n\n\n<hr class=\"wp-block-separator has-text-color has-background has-black-background-color has-black-color is-style-dots\"\/>\n\n\n\n<p>V\u00e4litt\u00e4v\u00e4 ihminen osaa olla onnellinen toiselle osapuolesta tapahtuvista hyvist\u00e4 asioista, vaikkei v\u00e4ltt\u00e4m\u00e4tt\u00e4 yhteisi\u00e4 kiinnostuksen kohteita, joista olla onnellinen, olisi. Mahdollisuus keskustella turvallisesti toisen osapuolen kanssa ihan mist\u00e4 tahansa asiasta keskittyen keskusteluun ilman pelkoa torjumisesta on aina merkitt\u00e4v\u00e4 positiivinen signaali.  <\/p>\n\n\n\n<div class=\"wp-block-image\"><figure class=\"aligncenter size-full is-resized\"><img loading=\"lazy\" decoding=\"async\" src=\"https:\/\/smfr.fi\/wordpress\/wp-content\/uploads\/2022\/03\/vihrea-nuoli-kahteen-suuntaan.jpg\" alt=\"\" class=\"wp-image-2293\" width=\"318\" height=\"318\" srcset=\"https:\/\/smfr.fi\/wordpress\/wp-content\/uploads\/2022\/03\/vihrea-nuoli-kahteen-suuntaan.jpg 338w, https:\/\/smfr.fi\/wordpress\/wp-content\/uploads\/2022\/03\/vihrea-nuoli-kahteen-suuntaan-300x300.jpg 300w, https:\/\/smfr.fi\/wordpress\/wp-content\/uploads\/2022\/03\/vihrea-nuoli-kahteen-suuntaan-150x150.jpg 150w\" sizes=\"auto, (max-width: 318px) 100vw, 318px\" \/><figcaption>Ihmissuhteessa keskustelun t\u00e4ytyy kulkea molempiin suuntiin. <\/figcaption><\/figure><\/div>\n\n\n\n<h3 class=\"wp-block-heading\">Kyky pyyt\u00e4\u00e4 anteeksi<\/h3>\n\n\n\n<p>Kaikki ihmiset tekev\u00e4t virheit\u00e4. Osa tahallaan, osa tahattomasti. Ihmissuhteissa on aina mahdollisuus virheille ja v\u00e4\u00e4rinymm\u00e4rryksille. Joskus ihminen saattaa reagoida voimakkaasti irrelevanttiin asiaan tai on tullut tehty\u00e4 tai sanottua jotain, jolla ei ollut tarkoitusta loukata toista osapuolta tarkoituksellisesti.    <\/p>\n\n\n\n<hr class=\"wp-block-separator has-text-color has-background has-black-background-color has-black-color is-style-dots\"\/>\n\n\n\n<p>Anteeksipyyt\u00e4minen voi olla joskus vaikeaa, ja joskus sit\u00e4 pit\u00e4\u00e4 harjoitella. Kyky pyyt\u00e4\u00e4 anteeksi on ehdottomasti green flag ihmissuhteessa, mutta se on teht\u00e4v\u00e4 aina vilpitt\u00f6m\u00e4sti. Vilpillinen anteeksipyynt\u00f6 vain vahingoittaa lis\u00e4\u00e4 toista osapuolta, ja voi tuottaa my\u00f6s anteeksipyyt\u00e4j\u00e4lle ahdistusta valehtelemisesta.   <\/p>\n\n\n\n<hr class=\"wp-block-separator has-text-color has-background has-black-background-color has-black-color is-style-dots\"\/>\n\n\n\n<p>Jos toisen tunteita on tullut loukattua, keskustelu j\u00e4lkeenp\u00e4in on hyv\u00e4ksi ymm\u00e4rt\u00e4\u00e4ksemme tapahtuneen. Sill\u00e4 saadaan selvitetty\u00e4, ett\u00e4 miksi toinen loukkaantui ja mit\u00e4 itse tein v\u00e4\u00e4rin. Keskustelutaito vaikeistakin asioista on hyv\u00e4 positiivinen tekij\u00e4 arvioitessa ihmissuhdetta. <\/p>\n\n\n\n<h3 class=\"wp-block-heading\">Ne &#8220;pienet jutut&#8221;<\/h3>\n\n\n\n<p>Juuri ne pienet subjektiiviset jutut, jotka antavat sen loppusilauksen tuoden huippuarvosanan ihmissuhteeseen. Se voi olla vain tunneper\u00e4inen juttu tai jokin teko. Esim. toisen auttaminen ja huomioiminen, kun h\u00e4n on v\u00e4synyt. Ne pienet teot muistuttamaan, ett\u00e4 toinen osapuoli v\u00e4litt\u00e4\u00e4 my\u00f6s silloin, kun et ole vahvimmillasi. <\/p>\n\n\n\n<h3 class=\"wp-block-heading\">Green flagit ja red flagit ovat yhteispeli\u00e4<\/h3>\n\n\n\n<p>Vaikka ihmissuhteessa olisi rajaton m\u00e4\u00e4r\u00e4 green flageja, my\u00f6skin red flageihin kannattaa kiinnitt\u00e4\u00e4 huomiota. Molemmat pit\u00e4\u00e4 olla mieless\u00e4 otettaessa huomioon ihmissuhteen eri tekij\u00f6it\u00e4.  <\/p>\n\n\n\n<hr class=\"wp-block-separator has-text-color has-background has-black-background-color has-black-color is-style-dots\"\/>\n\n\n\n<p>Red flag ei ole automaattisesti poissulkeva tekij\u00e4, koska se voi olla my\u00f6s asia, joka vaatii ty\u00f6st\u00e4mist\u00e4 ja kehitt\u00e4mist\u00e4 yhteistuumin. Kehitt\u00e4mist\u00e4 ja ty\u00f6st\u00e4mist\u00e4 vaativa red flag ei kuitenkaan saa muodostua tekosyyksi laiminly\u00f6nneille ja\/tai hyv\u00e4ksik\u00e4yt\u00f6lle. <\/p>\n\n\n\n<div class=\"wp-block-image\"><figure class=\"aligncenter size-full is-resized\"><img loading=\"lazy\" decoding=\"async\" src=\"https:\/\/smfr.fi\/wordpress\/wp-content\/uploads\/2022\/01\/vaaka.jpg\" alt=\"\" class=\"wp-image-2222\" width=\"351\" height=\"351\" srcset=\"https:\/\/smfr.fi\/wordpress\/wp-content\/uploads\/2022\/01\/vaaka.jpg 290w, https:\/\/smfr.fi\/wordpress\/wp-content\/uploads\/2022\/01\/vaaka-150x150.jpg 150w\" sizes=\"auto, (max-width: 351px) 100vw, 351px\" \/><figcaption><em>Ihmissuhteen terveellisyytt\u00e4 punnitessa positiivisia ja negatiivisia asioita <em>pit\u00e4\u00e4 pohtia yhten\u00e4 kokonaisuutena<\/em>. <\/em><\/figcaption><\/figure><\/div>\n\n\n\n<h1 class=\"has-text-align-center wp-block-heading\">Red flag<\/h1>\n\n\n\n<p>Red flag on green flagin vastakohta. Niit\u00e4 k\u00e4ytet\u00e4\u00e4n avuksi pohdittaessa ihmissuhteen turvallisuutta sek\u00e4 negatiivisia vaikutuksia. Red flagin mekanismi on sama kuin green flagilla: ne ovat osittain subjektiivia ja niit\u00e4 voidaan soveltaa sek\u00e4 BDSM:\u00e4\u00e4 sis\u00e4lt\u00e4viss\u00e4 ihmissuhteissa ett\u00e4 sit\u00e4 sis\u00e4lt\u00e4m\u00e4tt\u00f6miss\u00e4 ihmissuhteissa.    <\/p>\n\n\n\n<div class=\"wp-block-image\"><figure class=\"aligncenter size-full is-resized\"><img loading=\"lazy\" decoding=\"async\" src=\"https:\/\/smfr.fi\/wordpress\/wp-content\/uploads\/2022\/01\/red-flag.jpg\" alt=\"\" class=\"wp-image-2204\" width=\"418\" height=\"301\" srcset=\"https:\/\/smfr.fi\/wordpress\/wp-content\/uploads\/2022\/01\/red-flag.jpg 550w, https:\/\/smfr.fi\/wordpress\/wp-content\/uploads\/2022\/01\/red-flag-300x216.jpg 300w\" sizes=\"auto, (max-width: 418px) 100vw, 418px\" \/><figcaption><em>BDSM-kontekstissa on perustavia red flageja, joita on erityisen hyv\u00e4 puntaroida my\u00f6s subjektiivisten lis\u00e4ksi.<\/em><\/figcaption><\/figure><\/div>\n\n\n\n<h3 class=\"wp-block-heading\">V\u00e4itt\u00e4\u00e4 turvasanan olevan tarpeeton<\/h3>\n\n\n\n<p>Eritt\u00e4in kokeneet asiantuntijaharrastajat saattavat harjoittaa BDSM:\u00e4\u00e4 ilman <a href=\"https:\/\/smfr.fi\/wordpress\/bdsm-sanasto\/#safeword-sanasto\">turvasanaa<\/a>, mutta t\u00e4ll\u00f6in kyseess\u00e4 on pitk\u00e4n aikav\u00e4lin aktiivinen harrastaminen sek\u00e4 asiaan paneutuminen syvent\u00e4v\u00e4sti eritt\u00e4in hyvin toisensa tuntevien osapuolten v\u00e4lill\u00e4.   <\/p>\n\n\n\n<hr class=\"wp-block-separator has-text-color has-background has-black-background-color has-black-color is-style-dots\"\/>\n\n\n\n<p>Turvasana on <em>hyvin t\u00e4rke\u00e4<\/em> asia BDSM:\u00e4\u00e4 harjoitettaessa. Jos toinen osapuoli v\u00e4itt\u00e4\u00e4 turvasanan olevan tarpeeton tai ehdottaa sen j\u00e4tt\u00e4mist\u00e4 pois, on harkinta tarpeen, ett\u00e4 onko ehdottaja varmasti ymm\u00e4rt\u00e4v\u00e4inen turvallisen BDSM:n harjoittamisesta. <em>Turvasana ei ole koskaan tarpeeton<\/em>, jos kumpi tahansa ihmissuhteen osapuolista kokee sen tarpeelliseksi.  <\/p>\n\n\n\n<hr class=\"wp-block-separator has-text-color has-background has-black-background-color has-black-color is-style-dots\"\/>\n\n\n\n<p>Turvasana on se ty\u00f6kalu, jolla sessio tai mik\u00e4 tahansa muu aktiviteetti voidaan keskeytt\u00e4\u00e4, jos se alkaa tuntua pahalta tai ei muutoin tunnu hyv\u00e4lt\u00e4. Keskustelulle turvasanan k\u00e4yt\u00f6st\u00e4 on fiksua j\u00e4tt\u00e4\u00e4 tilaa.     <\/p>\n\n\n\n<h3 class=\"wp-block-heading\">V\u00e4itt\u00e4\u00e4, ett\u00e4 soft ja hard limittej\u00e4 ei ole<\/h3>\n\n\n\n<p>Rajojen rikkominen silloin, kun ne on yhdess\u00e4 on sovittu, on v\u00e4\u00e4rin. Jokaisella ihmisell\u00e4 on <a href=\"https:\/\/smfr.fi\/wordpress\/bdsm-sanasto\/#softlimits-sanasto\">pehme\u00e4t<\/a> ja <a href=\"https:\/\/smfr.fi\/wordpress\/bdsm-sanasto\/#hardlimits-sanasto\">kovat<\/a> rajat. V\u00e4itt\u00e4minen rajojen puuttumattomuudesta osoittaa sek\u00e4 kokemuksen ja\/tiedon puutetta ett\u00e4 ep\u00e4rehellisyytt\u00e4. Toisilla ihmisill\u00e4 rajat ovat korkeammalla ja eri asioissa kuin toisilla, mutta silti jokaiselta ihmiselt\u00e4 l\u00f6ytyy rajat.   <\/p>\n\n\n\n<hr class=\"wp-block-separator has-text-color has-background has-black-background-color has-black-color is-style-dots\"\/>\n\n\n\n<p>Jos toinen osapuoli v\u00e4itt\u00e4\u00e4, ett\u00e4 h\u00e4nell\u00e4 ei ole mit\u00e4\u00e4n rajoja, kokeile ehdottaa h\u00e4nelle jotain todella \u00e4\u00e4rimm\u00e4ist\u00e4 ja katso, ett\u00e4 hyv\u00e4ksyyk\u00f6 h\u00e4n sen. Kommunikointi rajojen t\u00e4rkeydest\u00e4 on osa avoimuutta, luottamusta, turvallisuutta ja tietoisuutta kunkin osapuolen v\u00e4lill\u00e4.  <\/p>\n\n\n\n<h3 class=\"wp-block-heading\">Painostaa sinua harjoittamaan rajojasi loukkaavia aktiviteetteja<\/h3>\n\n\n\n<p class=\"has-text-align-left\">Mit\u00e4 tehd\u00e4 tilanteessa, jossa toinen painostaa menem\u00e4\u00e4n ilmaisemiesi rajojen yli? Ent\u00e4 mit\u00e4 tehd\u00e4 tilanteessa, joka on yksipuolisen painostava ja jossa tunnet olosi todella ep\u00e4mukavaksi.    <\/p>\n\n\n\n<div class=\"wp-block-columns is-layout-flex wp-container-core-columns-is-layout-9d6595d7 wp-block-columns-is-layout-flex\">\n<div class=\"wp-block-column is-layout-flow wp-block-column-is-layout-flow\">\n<p><strong><em>Tilanne a<\/em>)<\/strong> Kerro kumppanille, ett\u00e4 koet olevasi painostuksen alla. Ota keskusteluun mukaan toisen halu ja toiveet siihen liittyen. Jos se on sellainen, josta on ajan kanssa mahdollista p\u00e4\u00e4st\u00e4 eteenp\u00e4in, keksik\u00e4\u00e4 yhdess\u00e4 turvallinen ja kontrolloitu keino l\u00e4hte\u00e4 tutkimaan uutta kiinnostuksen kohdetta.<\/p>\n<\/div>\n\n\n\n<div class=\"wp-block-column is-layout-flow wp-block-column-is-layout-flow\">\n<p><strong><em>Tilanne b<\/em>)<\/strong> Toinen osapuoli painostaa sinua tekem\u00e4\u00e4n asioita rajoistasi v\u00e4litt\u00e4m\u00e4tt\u00e4 ja tunnet olosi eritt\u00e4in ep\u00e4mukavaksi sen takia.  <\/p>\n<\/div>\n<\/div>\n\n\n\n<p>Vaihtoehdossa B tiukka ja rehellinen keskustelu tilanteesta on tarpeen. Terveess\u00e4 ihmissuhteessa toista osapuolta ei painosteta tekem\u00e4\u00e4n kielteisi\u00e4 asioita, koska se on loukkaavaa eik\u00e4 yhteisymm\u00e4rrys toteudu, mik\u00e4 on mm. vallan v\u00e4\u00e4rink\u00e4ytt\u00f6\u00e4.    <\/p>\n\n\n\n<h3 class=\"wp-block-heading\">Vihaisena ja tuohtuneena BDSM:n harjoittaminen<\/h3>\n\n\n\n<p><em>Fyysinen v\u00e4kivalta ei ole koskaan keino ratkaista ongelmia.<\/em> Turvalliseen BDSM:\u00e4\u00e4n ei kuulu lainkaan viha ja suuttumus. Riippumatta sis\u00e4ltyyk\u00f6 ihmissuhteeseen BDSM vai ei, on pahan olon purkaminen toiseen osapuoleen tarkoituksellisesti omaa oloa parantaakseen aina v\u00e4\u00e4rink\u00e4ytt\u00f6\u00e4. Vihainen mielentila kasvattaa riski\u00e4 vahingollisiin turvallisuuspuutteisiin sek\u00e4 vahingolliseen k\u00e4ytt\u00e4ytymiseen.  <\/p>\n\n\n\n<h3 class=\"wp-block-heading\">Vaatii ensitapaamisella puhuttelemaan tietyll\u00e4 nimell\u00e4 tai kutsuu sinua muulla kuin omalla nimell\u00e4si<\/h3>\n\n\n\n<p>T\u00e4m\u00e4 ei koske vain <a href=\"https:\/\/smfr.fi\/wordpress\/bdsm-sanasto\/#bdsm-scene-sanasto\">BDSM-skene\u00e4<\/a>. Treffi- ja deittailukulttuurissa on aina ollut ja tulee olemaan ihmisi\u00e4, jotka olettavat saavansa kutsua toista osapuolta nimityksill\u00e4 ik\u00e4\u00e4n kuin ihmissuhde olisi ollut jo kauan olemassa ja tuntisitte toisenne.    <\/p>\n\n\n\n<hr class=\"wp-block-separator has-text-color has-background has-black-background-color has-black-color is-style-dots\"\/>\n\n\n\n<p>Fakta on: niin kauan kuin ette tunne toisianne eik\u00e4 v\u00e4lillenne ole muodostunut mink\u00e4\u00e4nlaista ihmissuhdetta, ei toisella ole syyt\u00e4 kutsua sinua muulla kuin omalla nimell\u00e4si; vastaavasti my\u00f6s kenell\u00e4k\u00e4\u00e4n ei ole oikeutta vaatia puhuttelemaan tietyll\u00e4 nimell\u00e4, jos olette toisillenne tuntemattomia ettek\u00e4 ole yhdess\u00e4 sopineet k\u00e4ytt\u00e4v\u00e4nne erityisi\u00e4 nimityksi\u00e4 toisistanne. <\/p>\n\n\n\n<h3 class=\"wp-block-heading\">Ei huolehdi aftercaresta<\/h3>\n\n\n\n<p>Vastuulliseen ja turvalliseen BDSM:n harjoittamiseen kuuluu <a href=\"https:\/\/smfr.fi\/wordpress\/bdsm-sanasto\/#aftercare-sanasto\">Aftercare <\/a>. Toiselle sopii erilainen aftercare kuin toiselle. Jollekin se voi olla syv\u00e4llist\u00e4 keskustelua, kun taas toiselle voi riitt\u00e4\u00e4 kevyempi l\u00e4pik\u00e4ynti. Jos toinen osapuoli ei v\u00e4lit\u00e4 lainkaan aftercaren tarpeellisuudesta ja j\u00e4tt\u00e4\u00e4 sinut huomioimatta pyynn\u00f6st\u00e4si huolimatta, osoittaa se vastuullisuuden puutetta.   <\/p>\n\n\n\n<div class=\"wp-block-image\"><figure class=\"aligncenter size-large is-resized\"><img decoding=\"async\" src=\"https:\/\/smfr.fi\/wordpress\/wp-content\/uploads\/2022\/03\/hashtag-aftercare-1024x332.jpg\" alt=\"\" class=\"wp-image-2348\" width=\"-778\" height=\"-250\" srcset=\"https:\/\/smfr.fi\/wordpress\/wp-content\/uploads\/2022\/03\/hashtag-aftercare-1024x332.jpg 1024w, https:\/\/smfr.fi\/wordpress\/wp-content\/uploads\/2022\/03\/hashtag-aftercare-300x97.jpg 300w, https:\/\/smfr.fi\/wordpress\/wp-content\/uploads\/2022\/03\/hashtag-aftercare-768x249.jpg 768w, https:\/\/smfr.fi\/wordpress\/wp-content\/uploads\/2022\/03\/hashtag-aftercare.jpg 1144w\" sizes=\"(max-width: 1024px) 100vw, 1024px\" \/><figcaption>Aftercare vahvistaa emotionaalisia siteit\u00e4.  <\/figcaption><\/figure><\/div>\n\n\n\n<h3 class=\"wp-block-heading\">Ei kunnioita turvasanaasi tai pyynt\u00f6\u00e4 lopettaa<\/h3>\n\n\n\n<p><em>Turvasana on ehdoton.<\/em> Turvasanan sivuuttaminen on yht\u00e4 kuin suostumuksen kumoaminen, ja mik\u00e4 tahansa tehty toiminta sen j\u00e4lkeen on v\u00e4\u00e4rink\u00e4ytt\u00f6\u00e4. My\u00f6skin jos tilanne jatkuu lopetuspyynn\u00f6st\u00e4 huolimatta, on se v\u00e4\u00e4rink\u00e4ytt\u00f6\u00e4. <\/p>\n\n\n\n<hr class=\"wp-block-separator has-text-color has-background has-black-background-color has-black-color is-style-dots\"\/>\n\n\n\n<p>Jos toinen ei v\u00e4lit\u00e4 ja kielt\u00e4ytyy turvasanasta, on siit\u00e4 hyv\u00e4 keskustella tarkemmin. <\/p>\n\n\n\n<h3 class=\"wp-block-heading\">Vaatii lopettamaan ehk\u00e4isyn<\/h3>\n\n\n\n<p>Jos sinulla ei ole aikomusta ja\/tai halua hankkia lapsia, toinen osapuoli ei voi vaatia lopettamaan ehk\u00e4isy\u00e4.<\/p>\n\n\n\n<h3 class=\"wp-block-heading\">Haluaa sessioida p\u00e4ihtyneen\u00e4<\/h3>\n\n\n\n<p>P\u00e4ihteiden vaikutuksen alaisena rajat ja kiputuntemus laskevat sek\u00e4 ihmisen k\u00e4ytt\u00e4ytyminen muuttuu; silloin BDSM:n harjoittaminen ei ole suositeltavaa. Turvallisuuden edist\u00e4miseksi sek\u00e4 itsellesi ett\u00e4 toiselle osapuolelle kannattaa BDSM:\u00e4\u00e4 harjoittaa vain selvinp\u00e4in.  <\/p>\n\n\n\n<h3 class=\"wp-block-heading\">Syyllisyyden tunne turvasanan k\u00e4yt\u00f6st\u00e4<\/h3>\n\n\n\n<p>Turvasanan k\u00e4yt\u00f6st\u00e4 ei saa koskaan tulla syyllisyyden tunnetta. Sen tarkoitus on turvata sek\u00e4 sen k\u00e4ytt\u00e4j\u00e4 ett\u00e4 aktin toinen osapuoli. Sill\u00e4 ei ole merkityst\u00e4, ett\u00e4 johtiko turvasanan k\u00e4ytt\u00f6\u00f6n esim. liika kipu, jalan kramppi, v\u00e4symys tai tunne ettei kykene eik\u00e4 jaksa en\u00e4\u00e4. Oli syy mik\u00e4 tahansa, turvasanan tarkoitus on suojata ja sen k\u00e4ytt\u00f6 on oikeutettua <em>aina<\/em>. <\/p>\n\n\n\n<hr class=\"wp-block-separator has-text-color has-background has-black-background-color has-black-color is-style-dots\"\/>\n\n\n\n<p>Jos turvasanan k\u00e4ytt\u00f6 aiheuttaa syyllisyyden tunnetta, on syyt\u00e4 keskustella toisen osapuolen kanssa siihen johtavista syist\u00e4. Onko kyseess\u00e4 luottamuksen puute? Tahtooko toinen olla enemm\u00e4n kuin on?<\/p>\n\n\n\n<div class=\"wp-block-image\"><figure class=\"aligncenter size-full is-resized\"><img decoding=\"async\" src=\"https:\/\/smfr.fi\/wordpress\/wp-content\/uploads\/2022\/03\/hashtag-redflag.jpg\" alt=\"\" class=\"wp-image-2342\" width=\"-1040\" height=\"-410\" srcset=\"https:\/\/smfr.fi\/wordpress\/wp-content\/uploads\/2022\/03\/hashtag-redflag.jpg 940w, https:\/\/smfr.fi\/wordpress\/wp-content\/uploads\/2022\/03\/hashtag-redflag-300x118.jpg 300w, https:\/\/smfr.fi\/wordpress\/wp-content\/uploads\/2022\/03\/hashtag-redflag-768x303.jpg 768w\" sizes=\"(max-width: 940px) 100vw, 940px\" \/><figcaption>Redflag-aihetunnistetta k\u00e4ytet\u00e4\u00e4n sosiaalisen median palveluissa.<\/figcaption><\/figure><\/div>\n\n\n\n<h3 class=\"wp-block-heading\">Kielt\u00e4ytyy keskustelemasta suostumuksesta, rajoista sek\u00e4 haluista ja tarpeista<\/h3>\n\n\n\n<p>Kaksisuuntainen kommunikointi on hyv\u00e4n ja vakaan suhteen merkki kaikissa ihmissuhteissa. Niin on my\u00f6s BDSM:ss\u00e4; kommunikointi ja BDSM kulkevat k\u00e4si k\u00e4dess\u00e4. Puhu. Kerro. Kysy. Vastaa. Vaitonaisuus on hiljaista kuolemaa. <\/p>\n\n\n\n<hr class=\"wp-block-separator has-text-color has-background has-black-background-color has-black-color is-style-dots\"\/>\n\n\n\n<p>BDSM:\u00e4\u00e4 harjoitettaessa selke\u00e4n kaksisuuntaisen kommunikoinnin merkitys korostuu, koska ihmistuntemus, kyky lukea toista ja toisen osapuolen k\u00e4ytt\u00e4ytymisen syiden ja seurauksien ymm\u00e4rt\u00e4minen edellytt\u00e4\u00e4 kyky\u00e4 puhua avoimesti ja rehellisesti. Kommunikoinnin puute voi johtaa monenlaisiin ongelmiin kuten esimerkiksi riitoihin, v\u00e4\u00e4rink\u00e4sityksiin, toista loukkaavaan toimintaan joko tahallisesti tai tahattomasti, rajojen ylityksiin, turhautumiseen jne.   <\/p>\n\n\n\n<h3 class=\"wp-block-heading\">Ei kohtele sinua tasavertaisesti ja on ep\u00e4kunnioittava sinua kohtaan  <\/h3>\n\n\n\n<p>Ep\u00e4asiallinen kohtelu ei kuulu mihink\u00e4\u00e4n ihmissuhteeseen. Vaikka BDSM:ss\u00e4 voi olla monenlaisia valta-asetelmia ja erilaisia leikkej\u00e4, joissa ihmiset asettuvat erilaisiin rooleihin, kaikki ovat silti t\u00e4ysin tasavertaisia. Kaikkia tulee kunnioittaa ja kohdella samoin kuin ket\u00e4 tahansa muutakin kohtaamaasi ihmist\u00e4. <\/p>\n\n\n\n<hr class=\"wp-block-separator aligncenter is-style-dots\"\/>\n\n\n\n<div class=\"wp-block-image\"><figure class=\"aligncenter size-large is-resized\"><img loading=\"lazy\" decoding=\"async\" src=\"https:\/\/smfr.fi\/wordpress\/wp-content\/uploads\/2022\/03\/varomerkit-puhekupla-3-1024x790.jpg\" alt=\"\" class=\"wp-image-2357\" width=\"476\" height=\"365\" srcset=\"https:\/\/smfr.fi\/wordpress\/wp-content\/uploads\/2022\/03\/varomerkit-puhekupla-3-300x231.jpg 300w, https:\/\/smfr.fi\/wordpress\/wp-content\/uploads\/2022\/03\/varomerkit-puhekupla-3-1405x1080.jpg 1405w\" sizes=\"auto, (max-width: 476px) 100vw, 476px\" \/><\/figure><\/div>\n","protected":false},"excerpt":{"rendered":"<p>Varomerkki kuulostaa sanana negatiiviselta, mutta sen tarkoitus on positiivinen.<\/p>\n<p><a href=\"https:\/\/smfr.fi\/wordpress\/varomerkit\/\" class=\"more-link\">Jatka lukemista&#8230;<span class=\"screen-reader-text\">Varomerkit<\/span><\/a><\/p>\n","protected":false},"author":7,"featured_media":0,"parent":0,"menu_order":0,"comment_status":"closed","ping_status":"closed","template":"","meta":{"ngg_post_thumbnail":0,"footnotes":""},"class_list":["post-2188","page","type-page","status-publish","hentry"],"_links":{"self":[{"href":"https:\/\/smfr.fi\/wordpress\/wp-json\/wp\/v2\/pages\/2188","targetHints":{"allow":["GET"]}}],"collection":[{"href":"https:\/\/smfr.fi\/wordpress\/wp-json\/wp\/v2\/pages"}],"about":[{"href":"https:\/\/smfr.fi\/wordpress\/wp-json\/wp\/v2\/types\/page"}],"author":[{"embeddable":true,"href":"https:\/\/smfr.fi\/wordpress\/wp-json\/wp\/v2\/users\/7"}],"replies":[{"embeddable":true,"href":"https:\/\/smfr.fi\/wordpress\/wp-json\/wp\/v2\/comments?post=2188"}],"version-history":[{"count":98,"href":"https:\/\/smfr.fi\/wordpress\/wp-json\/wp\/v2\/pages\/2188\/revisions"}],"predecessor-version":[{"id":2359,"href":"https:\/\/smfr.fi\/wordpress\/wp-json\/wp\/v2\/pages\/2188\/revisions\/2359"}],"wp:attachment":[{"href":"https:\/\/smfr.fi\/wordpress\/wp-json\/wp\/v2\/media?parent=2188"}],"curies":[{"name":"wp","href":"https:\/\/api.w.org\/{rel}","templated":true}]}}