{"id":210,"date":"2021-04-02T22:36:06","date_gmt":"2021-04-02T20:36:06","guid":{"rendered":"http:\/\/smfr.fi\/wordpress\/?page_id=210"},"modified":"2022-04-12T04:14:16","modified_gmt":"2022-04-12T02:14:16","slug":"kinky-yhdistykset","status":"publish","type":"page","link":"https:\/\/smfr.fi\/wordpress\/kinky-yhdistykset\/","title":{"rendered":"Muut kinky-yhdistykset"},"content":{"rendered":"\n<p>Suomessa on kahdeksan kinky-yhdistyst\u00e4 SMFR mukaan lukien. Yhdistyksi\u00e4 on Helsingiss\u00e4, Tampereella, Turussa, Oulussa, Lahdessa, Jyv\u00e4skyl\u00e4ss\u00e4 ja Pohjanmaalla. Yhteisty\u00f6t\u00e4 tehd\u00e4\u00e4n muiden yhdistysten kanssa, ja esimerkiksi SMFR:n tapahtumiin muiden yhdistysten j\u00e4senet saavat p\u00e4\u00e4sylipun edullisemmalla hinnalla. Usein yhdistyksell\u00e4 on alennusk\u00e4yt\u00e4nt\u00f6 tai muita yhdistyskohtaisia etuja, joista tiedotetaan tapahtumien tiedotteissa. <\/p>\n\n\n\n<ul class=\"wp-block-list\"><li>Helsinki: <a rel=\"noreferrer noopener\" href=\"https:\/\/www.akateemisetkinkyt.fi\/\" data-type=\"URL\" data-id=\"https:\/\/www.akateemisetkinkyt.fi\/\" target=\"_blank\">https:\/\/www.akateemisetkinkyt.fi\/<\/a><\/li><li>Tampere: <a rel=\"noreferrer noopener\" href=\"http:\/\/www.rsyke.net\/\" data-type=\"URL\" data-id=\"http:\/\/www.rsyke.net\/\" target=\"_blank\">http:\/\/www.rsyke.net\/<\/a><\/li><li>Turku: <a rel=\"noreferrer noopener\" href=\"https:\/\/turunbaletti.fi\/fi\/\" data-type=\"URL\" data-id=\"https:\/\/turunbaletti.fi\/fi\/\" target=\"_blank\">https:\/\/turunbaletti.fi\/fi\/<\/a><\/li><li>Oulu: <a rel=\"noreferrer noopener\" href=\"https:\/\/ousm.fi\/\" target=\"_blank\">https:\/\/ousm.fi\/<\/a><\/li><li>Lahti: <a rel=\"noreferrer noopener\" href=\"http:\/\/www.ketjureaktio.org\/\" target=\"_blank\">http:\/\/www.ketjureaktio.org\/<\/a><\/li><li>Jyv\u00e4skyl\u00e4: <a rel=\"noreferrer noopener\" href=\"http:\/\/bizarreclub.fi\/\" target=\"_blank\">http:\/\/bizarreclub.fi\/<\/a><\/li><li>Pohjanmaa: <a rel=\"noreferrer noopener\" href=\"http:\/\/www.vinot-skeva.net\/\" data-type=\"URL\" data-id=\"http:\/\/www.vinot-skeva.net\/\" target=\"_blank\">http:\/\/www.vinot-skeva.net\/<\/a><\/li><\/ul>\n\n\n\n<p>SMFR:n j\u00e4senyys on ostettavissa <a href=\"https:\/\/holvi.com\/shop\/SMFRRY\/\">Holvista<\/a>. <\/p>\n","protected":false},"excerpt":{"rendered":"<p>Suomessa on kahdeksan kinky-yhdistyst\u00e4 SMFR mukaan lukien. Yhdistyksi\u00e4 on<\/p>\n<p><a href=\"https:\/\/smfr.fi\/wordpress\/kinky-yhdistykset\/\" class=\"more-link\">Jatka lukemista&#8230;<span class=\"screen-reader-text\">Muut kinky-yhdistykset<\/span><\/a><\/p>\n","protected":false},"author":7,"featured_media":0,"parent":0,"menu_order":0,"comment_status":"closed","ping_status":"closed","template":"","meta":{"ngg_post_thumbnail":0,"footnotes":""},"class_list":["post-210","page","type-page","status-publish","hentry"],"_links":{"self":[{"href":"https:\/\/smfr.fi\/wordpress\/wp-json\/wp\/v2\/pages\/210","targetHints":{"allow":["GET"]}}],"collection":[{"href":"https:\/\/smfr.fi\/wordpress\/wp-json\/wp\/v2\/pages"}],"about":[{"href":"https:\/\/smfr.fi\/wordpress\/wp-json\/wp\/v2\/types\/page"}],"author":[{"embeddable":true,"href":"https:\/\/smfr.fi\/wordpress\/wp-json\/wp\/v2\/users\/7"}],"replies":[{"embeddable":true,"href":"https:\/\/smfr.fi\/wordpress\/wp-json\/wp\/v2\/comments?post=210"}],"version-history":[{"count":13,"href":"https:\/\/smfr.fi\/wordpress\/wp-json\/wp\/v2\/pages\/210\/revisions"}],"predecessor-version":[{"id":2511,"href":"https:\/\/smfr.fi\/wordpress\/wp-json\/wp\/v2\/pages\/210\/revisions\/2511"}],"wp:attachment":[{"href":"https:\/\/smfr.fi\/wordpress\/wp-json\/wp\/v2\/media?parent=210"}],"curies":[{"name":"wp","href":"https:\/\/api.w.org\/{rel}","templated":true}]}}