{"id":2062,"date":"2022-01-05T01:33:11","date_gmt":"2022-01-04T23:33:11","guid":{"rendered":"https:\/\/smfr.fi\/wordpress\/?page_id=2062"},"modified":"2022-01-16T19:22:22","modified_gmt":"2022-01-16T17:22:22","slug":"yleisia-vaarinkasityksia-bdsmsta","status":"publish","type":"page","link":"https:\/\/smfr.fi\/wordpress\/yleisia-vaarinkasityksia-bdsmsta\/","title":{"rendered":"Yleisi\u00e4 v\u00e4\u00e4rink\u00e4sityksi\u00e4 BDSM:st\u00e4"},"content":{"rendered":"\n<p class=\"has-text-align-left\">Vaikka BDSM on tullut merkitt\u00e4v\u00e4sti laajempaan tietoisuuteen, aiheuttaa se silti monta kertaa v\u00e4\u00e4rinymm\u00e4rryksi\u00e4, koska valtaosalla v\u00e4est\u00f6st\u00e4 ei ole riitt\u00e4v\u00e4\u00e4 oikeaa tietoa siit\u00e4, ja usein &#8220;tieto&#8221; perustuu huhuihin, uskomuksiin, stereotypioihin tai elokuviin. Oikea tieto auttaa ymm\u00e4rt\u00e4m\u00e4\u00e4n BDSM:n todellisen tarkoituksen.   <\/p>\n\n\n\n<div class=\"wp-block-image\"><figure class=\"aligncenter size-full\"><img loading=\"lazy\" decoding=\"async\" width=\"312\" height=\"311\" src=\"https:\/\/smfr.fi\/wordpress\/wp-content\/uploads\/2022\/01\/kysymysmerkki.jpg\" alt=\"\" class=\"wp-image-2065\" srcset=\"https:\/\/smfr.fi\/wordpress\/wp-content\/uploads\/2022\/01\/kysymysmerkki.jpg 312w, https:\/\/smfr.fi\/wordpress\/wp-content\/uploads\/2022\/01\/kysymysmerkki-300x300.jpg 300w, https:\/\/smfr.fi\/wordpress\/wp-content\/uploads\/2022\/01\/kysymysmerkki-150x150.jpg 150w\" sizes=\"auto, (max-width: 312px) 100vw, 312px\" \/><figcaption><em>Tiedon puute johtaa stigmatisoimaan asioita. <\/em><\/figcaption><\/figure><\/div>\n\n\n\n<h3 class=\"has-text-align-left wp-block-heading\">BDSM:n harras<strong>tajat ovat outoja tai sairaita<\/strong><\/h3>\n\n\n\n<p class=\"has-text-align-left\">BDSM:n ymp\u00e4rill\u00e4 on edelleen paljon sosiaalista stigmaa. Monet uskovat edelleen, ett\u00e4 BDSM:n harjoittajilla on l\u00e4ht\u00f6kohtaisesti psykologisia ongelmia. He ovat masentuneita, ahdistuneita tai k\u00e4rsiv\u00e4t seksuaalisesta hyv\u00e4ksik\u00e4yt\u00f6st\u00e4. He ovat joko kieroutuneita tai eiv\u00e4t tied\u00e4 mit\u00e4 haluavat.  <\/p>\n\n\n\n<hr class=\"wp-block-separator has-text-color has-background has-black-background-color has-black-color is-style-dots\"\/>\n\n\n\n<p><a href=\"https:\/\/smfr.fi\/wordpress\/bdsm-sanasto\/#kinky-sanasto\">Kinkyytt\u00e4<\/a> harjoittavat ihmiset ovat onnellisia, terveit\u00e4, uteliaita ja avoinmielisi\u00e4 uusia asioita kohtaan samoin kuin muutkin ihmiset. Kukaan BDSM:\u00e4\u00e4 harjoittava henkil\u00f6 ei ole oletusarvoisesti ep\u00e4terve tai henkisesti sairas vain sen takia, ett\u00e4 on kiinnostunut BDSM:st\u00e4. Kinkyt ovat tavallisia ihmisi\u00e4, joilla voi olla arjessaan samanlaisia esimerkiksi rahasta, ty\u00f6st\u00e4, elinkeinosta, hyvinvoinnista ja sairauksista johtuvia ongelmia kuin muillakin ihmisill\u00e4.    <\/p>\n\n\n\n<hr class=\"wp-block-separator has-text-color has-background has-black-background-color has-black-color is-style-dots\"\/>\n\n\n\n<p><a href=\"https:\/\/smfr.fi\/wordpress\/bdsm-sanasto\/#kinkster-sanasto\">Kinksterit<\/a> eiv\u00e4t my\u00f6sk\u00e4\u00e4n ole yhteiskunnan ulkopuolella el\u00e4vi\u00e4 kummajaisia. BDSM:n harjoittajia l\u00f6ytyy kaikista ammatti- ja ik\u00e4ryhmist\u00e4. On perheellisi\u00e4, sinkkuja, miehi\u00e4, naisia, muun sukupuolisia, transnaisia, transmiehi\u00e4 jne. i\u00e4st\u00e4 ja ammatista riippumatta.     <\/p>\n\n\n\n<h3 class=\"has-text-align-left wp-block-heading\"><strong>Dominoivat ovat <\/strong>vaarallisia<\/h3>\n\n\n\n<p>Jokaiseen porukkaan mahtuu aina niit\u00e4, jotka eiv\u00e4t noudata s\u00e4\u00e4nt\u00f6j\u00e4 eiv\u00e4tk\u00e4 kunnioita toisia; kaikkia dominoivia ei voida kuitenkaan yleist\u00e4\u00e4 vaarallisiksi.  <\/p>\n\n\n\n<hr class=\"wp-block-separator has-text-color has-background has-black-background-color has-black-color is-style-dots\"\/>\n\n\n\n<p>Vastuullinen dominointi on turvallista. Tutustuminen toiseen henkil\u00f6\u00f6n <a href=\"https:\/\/smfr.fi\/wordpress\/bdsm-sanasto\/#varomerkki-sanasto\">varomerkkej\u00e4<\/a> k\u00e4ytt\u00e4en ennen mit\u00e4\u00e4n aktiviteetteja v\u00e4hent\u00e4\u00e4 riski\u00e4 joutua v\u00e4\u00e4rink\u00e4yt\u00f6ksiin.  <\/p>\n\n\n\n<h3 class=\"wp-block-heading\">Dominoivat eiv\u00e4t kunnioita alistuvia henkil\u00f6it\u00e4<\/h3>\n\n\n\n<p>Dominointi ei ole ep\u00e4kunnioitusta. Fiksu dominoiva henkil\u00f6 on kunnioittava toisen osapuolen tunteita ja ajatuksia kohtaan. Hyviin tapoihin kuuluu neuvotella teht\u00e4vist\u00e4 asioista <em>etuk\u00e4teen<\/em>, ei <a href=\"https:\/\/smfr.fi\/wordpress\/bdsm-sanasto\/#sessio-sanasto\">sessioinnin<\/a> aikana tai sen j\u00e4lkeen. <\/p>\n\n\n\n<hr class=\"wp-block-separator has-text-color has-background has-black-background-color has-black-color is-style-dots\"\/>\n\n\n\n<p>Lis\u00e4ksi BDSM:\u00e4\u00e4n tutustuvan <a href=\"https:\/\/smfr.fi\/wordpress\/bdsm-sanasto\/#newbie-sanasto\">vasta-alkajan<\/a> kanssa vastuullisuuteen ja oikeaan toimintamalliin kuuluu olla erityisen valpas ja tarkka toisen osapuolen v\u00e4h\u00e4inen kokemus huomioiden. My\u00f6s kokeneemmilla vastuullisuuteen ja oikeisiin toimintamalleihin kuuluvat edell\u00e4 mainitut.  <\/p>\n\n\n\n<h3 class=\"wp-block-heading\">Dominointi on aggressiivista ja kivuliasta seksi\u00e4<\/h3>\n\n\n\n<p>BDSM:n harjoittamiseen ei aina sis\u00e4lly penetraatiota. Jos sis\u00e4ltyy, sen tarkoitus ei ole olla kivuliasta tai aggressiivista. Dominointia voi olla esim. kiusoittelu ja kielt\u00e4minen, mik\u00e4 on todella yleist\u00e4. Kiusoittelu ja kielt\u00e4minen voi olla esimerkiksi osa esileikki\u00e4: toinen osapuoli voi esimerkiksi pukeutumisella tai eleill\u00e4 viesti\u00e4 seksuaalista signaalia, mutta ei anna lupaa koskettaa ennen kuin esileikki on edennyt tarpeeksi pitk\u00e4lle. <\/p>\n\n\n\n<h3 class=\"wp-block-heading\">Alistuvat ovat alistuvia jokaisella el\u00e4m\u00e4n osa-alueella<\/h3>\n\n\n\n<p>Alistuva rooli BDSM:ss\u00e4 ei tarkoita, ett\u00e4 olisi alistuva el\u00e4m\u00e4n jokaisella osa-alueella. Monilla ihmisill\u00e4 alistuva rooli on vain BDSM:n harjoittamisen yhteydess\u00e4 eli <a href=\"https:\/\/smfr.fi\/wordpress\/bdsm-sanasto\/#sessio-sanasto\">sessioidessa<\/a>, mik\u00e4 voi olla hetki ottaa omaa aikaa irroittautuakseen p\u00e4ivitt\u00e4isen el\u00e4m\u00e4n rutiineista ja velvollisuuksista luovuttaen kontrollin ja vastuun session ajaksi toiselle henkil\u00f6lle. Alistuminen toisen kontrolliin m\u00e4\u00e4ritellyn hetken ajaksi voi olla eksklusiivinen kokemus, eik\u00e4 se m\u00e4\u00e4rit\u00e4 ihmisen muuta el\u00e4m\u00e4\u00e4 tai henkil\u00f6profiilia mill\u00e4\u00e4n tavoin.     <\/p>\n\n\n\n<hr class=\"wp-block-separator has-text-color has-background has-black-background-color has-black-color is-style-dots\"\/>\n\n\n\n<p>Esimerkiksi ihmisi\u00e4 ty\u00f6kseen johtavalle henkil\u00f6lle sessiohetki alistuvan roolissa voi olla se hetki irrottautua organisoinnista, johtamisesta ja vastuusta muista henkil\u00f6ist\u00e4, mik\u00e4 rentouttaa samoin kuin vaikkapa lenkkeily tai jokin harrastus.     <\/p>\n\n\n\n<h3 class=\"wp-block-heading\">Alistuminen on n\u00f6yryytt\u00e4v\u00e4\u00e4<\/h3>\n\n\n\n<p>Alistuminen ei ole n\u00f6yryytt\u00e4v\u00e4\u00e4. Alistuvalle ei ole tarkoitus tuottaa pahaa oloa ja k\u00e4ytt\u00e4\u00e4 h\u00e4nt\u00e4 hyv\u00e4ksi. Alistuminen on rooli, jossa annetaan sessiossa oma valta ja kontrolli toiselle ihmiselle.<\/p>\n\n\n\n<hr class=\"wp-block-separator has-text-color has-background has-black-background-color has-black-color is-style-dots\"\/>\n\n\n\n<p>Alistuminen on n\u00f6yryytt\u00e4v\u00e4\u00e4 vain, jos session harjoittajat haluavat sis\u00e4llytt\u00e4\u00e4 siihen n\u00f6yryytyst\u00e4. Jotkut voivat haluta k\u00e4ytt\u00e4\u00e4 esimerkiksi tietynlaisia nimi\u00e4 tai sanavalintoja, mutta kaikki on yhdess\u00e4 sovittua yhteisymm\u00e4rrykseen perustuvaa toimintaa. <\/p>\n\n\n\n<h3 class=\"wp-block-heading\">BDSM ei ole yhteisymm\u00e4rrykseen perustuvaa<\/h3>\n\n\n\n<p>Kuten mik\u00e4 tahansa seksuaalinen kanssak\u00e4yminen, my\u00f6s BDSM:n harjoittaminen edellytt\u00e4\u00e4 <a href=\"https:\/\/smfr.fi\/wordpress\/bdsm-sanasto\/#consent-sanasto\">suostumusta<\/a> ja keskustelua aktiviteeteista <em>ennen<\/em> kuin niit\u00e4 on aikomus harjoittaa. BDSM:n yleisen\u00e4 eettisen\u00e4 perustana pidet\u00e4\u00e4n <a href=\"https:\/\/smfr.fi\/wordpress\/bdsm-sanasto\/#ssc-periaate\">SSC<\/a>:t\u00e4. <\/p>\n\n\n\n<h3 class=\"wp-block-heading\">BDSM on kallista<\/h3>\n\n\n\n<p>BDSM:n harjoittaminen ei edellyt\u00e4 erikoisv\u00e4lineit\u00e4 tai rahallista panostusta. V\u00e4lineit\u00e4 voi tehd\u00e4 itse tai ostaa kaupallisia tuotteita, ja rahallinen panostus riippuu t\u00e4ysin siit\u00e4, kuinka pitk\u00e4lle omaa toimintaa halutaan kehitt\u00e4\u00e4: toiselle riitt\u00e4\u00e4 v\u00e4lineen\u00e4 kaulahuivin k\u00e4ytt\u00f6, kun taas toiselle lukuisin eri v\u00e4linein varusteltu <a href=\"https:\/\/smfr.fi\/wordpress\/bdsm-sanasto\/#dungeon-sanasto\">dungeon<\/a> on riitt\u00e4v\u00e4. <\/p>\n\n\n\n<h3 class=\"wp-block-heading\">BDSM on vain penetroivaa seksi\u00e4 <\/h3>\n\n\n\n<p>Vaikka penetroiva seksi voi olla iso osa BDSM:n harjoittamista, BDSM ei ole <em>vain ainoastaan <\/em>seksi\u00e4. Useat kymmenet BDSM-aktiviteetit eiv\u00e4t sis\u00e4ll\u00e4 penetroivaa seksi\u00e4, koska BDSM:n harjoittamista on yht\u00e4 lailla esimerkiksi fantasioiden tutkiminen, valtadynamiikka, <a href=\"https:\/\/smfr.fi\/wordpress\/bdsm-sanasto\/#sensationplay-sanasto\">sensation play<\/a>, <a href=\"https:\/\/smfr.fi\/wordpress\/bdsm-sanasto\/#crossdressing-sanasto\">crossdressing<\/a>, roolileikit jne.    <\/p>\n\n\n\n<h3 class=\"wp-block-heading\">BDSM on vain dominoiville<\/h3>\n\n\n\n<p>Skeness\u00e4 on monen monta erilaista ihmistyyppi\u00e4, ja juuri tietty\u00e4 BDSM:st\u00e4 kiinnostuneen henkil\u00f6n persoonallisuuspiirrett\u00e4 ei ole. Kuka tahansa voi harjoittaa BDSM:\u00e4\u00e4. Siihen ei vaikuta seksuaalinen suuntautuminen, kulttuurinen, koulutuksellinen tai sosioekonominen tausta.  <\/p>\n\n\n\n<div class=\"wp-block-image\"><figure class=\"aligncenter size-full\"><img loading=\"lazy\" decoding=\"async\" width=\"400\" height=\"400\" src=\"https:\/\/smfr.fi\/wordpress\/wp-content\/uploads\/2022\/01\/kettu-1.jpg\" alt=\"\" class=\"wp-image-2088\" srcset=\"https:\/\/smfr.fi\/wordpress\/wp-content\/uploads\/2022\/01\/kettu-1.jpg 400w, https:\/\/smfr.fi\/wordpress\/wp-content\/uploads\/2022\/01\/kettu-1-300x300.jpg 300w, https:\/\/smfr.fi\/wordpress\/wp-content\/uploads\/2022\/01\/kettu-1-150x150.jpg 150w\" sizes=\"auto, (max-width: 400px) 100vw, 400px\" \/><figcaption><em>Kaikki voivat harjoittaa BDSM:\u00e4\u00e4. <\/em><\/figcaption><\/figure><\/div>\n\n\n\n<h3 class=\"wp-block-heading\">BDSM t\u00e4ytyy pit\u00e4\u00e4 salassa<\/h3>\n\n\n\n<p>Konservatiiviset arvot, konservatiinen kasvuymp\u00e4rist\u00f6 ja\/tai sis\u00e4istynyt h\u00e4pe\u00e4 seksist\u00e4 voivat aiheuttaa tuntemusta, ett\u00e4 BDSM on &#8220;v\u00e4\u00e4rin&#8221; ja\/tai &#8220;likaista&#8221;. Kiinnostuneisuus BDSM:\u00e4\u00e4n ei tee kenest\u00e4k\u00e4\u00e4n &#8220;huonoa&#8221; tai &#8220;h\u00e4pe\u00e4llist\u00e4&#8221; ihmist\u00e4. Se on vain yksi mielenkiinnon kohde. <\/p>\n\n\n\n<h3 class=\"wp-block-heading\">BDSM on vain kipua<\/h3>\n\n\n\n<p>Kipu ei ole v\u00e4ltt\u00e4m\u00e4tt\u00f6myys eik\u00e4 luontainen ominaisuus BDSM:n harjoittamiselle. Useisiin aktiviteetteihin sit\u00e4 ei sis\u00e4lly lainkaan, ja joissakin kipuasteikon spektri voi vaihdella miedosta kovaan riippuen siit\u00e4, ett\u00e4 miten osapuolet haluavat aktiviteettia harjoittaa.   <\/p>\n\n\n\n<hr class=\"wp-block-separator has-text-color has-background has-black-background-color has-black-color is-style-dots\"\/>\n\n\n\n<p>BDSM voi olla esimerkiksi kevytt\u00e4, eroottista roolileikki\u00e4 fetisseill\u00e4 tai se voi olla leikki\u00e4 kinkyll\u00e4 pukeutumisella ilman mink\u00e4\u00e4nlaista kipua. Esimerkiksi aisteilla leikkiess\u00e4 h\u00f6yhenell\u00e4 kutittaminen silm\u00e4t peitettyn\u00e4 ei sis\u00e4ll\u00e4 lainkaan kipua.   <\/p>\n\n\n\n<h3 class=\"wp-block-heading\">BDSM on vain valtaa<\/h3>\n\n\n\n<p>BDSM ei ole pelkk\u00e4\u00e4 intensiivist\u00e4 valtadynamiikkaa, vaikka monet pit\u00e4v\u00e4tkin siit\u00e4 ja oman kontrollin luovuttamisesta toiselle erilaisissa rooleissa. BDSM ei silti ole ainoastaan<a href=\"https:\/\/smfr.fi\/wordpress\/bdsm-sanasto\/#dom-and-sub-sanasto\"> valta-asemaa ja alistumista<\/a>. <\/p>\n\n\n\n<hr class=\"wp-block-separator has-text-color has-background has-black-background-color has-black-color is-style-dots\"\/>\n\n\n\n<p>Monille BDSM on my\u00f6s fetissej\u00e4 ja kevyit\u00e4 leikkej\u00e4. Joillekin BDSM on hassuttelun muoto ja tapa pit\u00e4\u00e4 hauskaa yhdess\u00e4. Joku tykk\u00e4\u00e4 pukeutua latex-asuun, kun toinen taas tykk\u00e4\u00e4 crossdressailla. Joku tykk\u00e4\u00e4 enemm\u00e4n fyysisest\u00e4 kontaktista, toinen taas ei.  <\/p>\n\n\n\n<blockquote class=\"wp-block-quote is-layout-flow wp-block-quote-is-layout-flow\"><p>Alistuminen ei ole vain k\u00e4skyvaltaa ja tottelevaisuutta. Se on my\u00f6s parisuhteen rakkautta ja kunnioitusta.<\/p><cite>Pariskunta<\/cite><\/blockquote>\n\n\n\n<p class=\"has-text-align-center\">BDSM on juuri sellaista, millaista siit\u00e4 itse haluaa tehd\u00e4.  <\/p>\n\n\n\n<h3 class=\"has-text-align-left wp-block-heading\">BDSM-suhteet ovat ep\u00e4terveit\u00e4<\/h3>\n\n\n\n<p><em>Mik\u00e4 tahansa<\/em> ihmissuhde voi olla ep\u00e4terve. BDSM:\u00e4\u00e4 sis\u00e4lt\u00e4v\u00e4t suhteet eiv\u00e4t ole oletusarvoisesti huonoja, sill\u00e4 huono suhde voi muodostua riippumatta siit\u00e4, ett\u00e4 sis\u00e4ltyik\u00f6 BDSM siihen vai ei. Terveess\u00e4 suhteessa on mukana mm. samoja asioita kuin miss\u00e4 tahansa muussa ihmissuhteessa: selke\u00e4 ja rehellinen kommunikointi, avoin keskustelu rajoista sek\u00e4 tarpeista ja haluista. <\/p>\n\n\n\n<hr class=\"wp-block-separator has-text-color has-background has-black-background-color has-black-color is-style-dots\"\/>\n\n\n\n<p>BDSM:\u00e4\u00e4 sis\u00e4lt\u00e4v\u00e4t suhteet rakentuvat samoin tavoin kuin mitk\u00e4 tahansa muutkin ihmissuhteet. Ihmiset tutustuvat toisiinsa, he keskustelevat, he l\u00f6yt\u00e4v\u00e4t kenties yhteisi\u00e4 mielenkiinnon kohteita, mahdollisesti he kiinnostuvat toisistaan, ja mahdollisesti uusi parisuhde muodostuu.  <\/p>\n\n\n\n<h3 class=\"wp-block-heading\">Olet joko dominoiva tai alistuva<\/h3>\n\n\n\n<p>BDSM ei ole joko-tai-tilanne. BDSM:st\u00e4 kiinnostuneen ei tarvitse valita mit\u00e4\u00e4n roolia, jos ei halua, astuessaan BDSM:n maailmaan. Roolia voi my\u00f6s vaihtaa: jotkut ovat ovat <a href=\"https:\/\/smfr.fi\/wordpress\/bdsm-sanasto\/#switch-sanasto\">switchej\u00e4<\/a>, mik\u00e4 tarkoittaa, ett\u00e4 voi olla kummassa tahansa roolissa riippuen harrastettavasta aktiviteetista, henkil\u00f6st\u00e4 jne. Lis\u00e4ksi voi olla vain <a href=\"https:\/\/smfr.fi\/wordpress\/bdsm-sanasto\/#kinkster-sanasto\">kinksteri<\/a> ilman mink\u00e4\u00e4nlaista roolia. <\/p>\n\n\n\n<h3 class=\"wp-block-heading\">BDSM on vain nahkavaatteita ja sitomista<\/h3>\n\n\n\n<p>BDSM on hyvin monikasvoista, monipuolista ja mukautuvaa, koska BDSM ei ole vain yksitt\u00e4inen juttu. Yksi yleinen harhaluulo on, ett\u00e4 BDSM sis\u00e4lt\u00e4\u00e4 aina pelk\u00e4st\u00e4\u00e4n ruoskintaa, sidontaa, fyysist\u00e4 kontaktia ja alistumista. Toinen yleinen harhaluulo on, ett\u00e4 BDSM:n pit\u00e4\u00e4 ollaa tiukkaa ja ankaraa.   <\/p>\n\n\n\n<p>Ei ole yht\u00e4 oikeaa tapaa harjoittaa BDSM:\u00e4\u00e4. Toiset pit\u00e4v\u00e4t hyvin kevyest\u00e4 kinkyilyst\u00e4 silloin t\u00e4ll\u00f6in, kun taas toinen haluaa muokata oman el\u00e4m\u00e4ns\u00e4 kinkyilyyn sopivaksi hankkien paljon v\u00e4lineit\u00e4 ja vaatetusta kokeillen useita eri aktiviteetteja. My\u00f6sk\u00e4\u00e4n kaikki eiv\u00e4t pid\u00e4 fyysisest\u00e4 kontaktista tai alistumisesta. Kiinnostuksen kohteet ovat aina yksil\u00f6kohtaisia. <\/p>\n\n\n\n<hr class=\"wp-block-separator has-text-color has-background has-black-background-color has-black-color is-style-dots\"\/>\n\n\n\n<p>BDSM ei ole oletusarvoisesti tiukkaa ja ankaraa. Jos osapuolet haluavat harjoittaa sellaista, se on aina yksil\u00f6iden v\u00e4linen sopimus.  <\/p>\n\n\n\n<hr class=\"wp-block-separator has-text-color has-background has-black-background-color has-black-color is-style-dots\"\/>\n\n\n\n<p>Kyse on siit\u00e4, ett\u00e4 etsit itsellesi sopivat jutut r\u00e4\u00e4t\u00e4l\u00f6iden ne sopiviksi sinulle sinun el\u00e4m\u00e4\u00e4si riippumatta siit\u00e4, ett\u00e4 mihin rooliin identifioit itsesi. <a href=\"https:\/\/smfr.fi\/wordpress\/bdsm-sanasto\/#bdsm-scene-sanasto\">Skenest\u00e4<\/a> tuttu sanonta <em>your kink is not my kink, but your kink is okay <\/em> on hyv\u00e4 ohjenuora. <\/p>\n\n\n\n<div class=\"wp-block-image\"><figure class=\"aligncenter size-large is-resized\"><img loading=\"lazy\" decoding=\"async\" src=\"https:\/\/smfr.fi\/wordpress\/wp-content\/uploads\/2022\/01\/ajatuskupla-2-1-1024x892.jpg\" alt=\"\" class=\"wp-image-2092\" width=\"458\" height=\"398\" srcset=\"https:\/\/smfr.fi\/wordpress\/wp-content\/uploads\/2022\/01\/ajatuskupla-2-1-1024x892.jpg 1024w, https:\/\/smfr.fi\/wordpress\/wp-content\/uploads\/2022\/01\/ajatuskupla-2-1-300x261.jpg 300w, https:\/\/smfr.fi\/wordpress\/wp-content\/uploads\/2022\/01\/ajatuskupla-2-1-768x669.jpg 768w, https:\/\/smfr.fi\/wordpress\/wp-content\/uploads\/2022\/01\/ajatuskupla-2-1-1536x1338.jpg 1536w, https:\/\/smfr.fi\/wordpress\/wp-content\/uploads\/2022\/01\/ajatuskupla-2-1.jpg 1561w\" sizes=\"auto, (max-width: 458px) 100vw, 458px\" \/><figcaption><em>Jokainen kinky on yksil\u00f6. <\/em><\/figcaption><\/figure><\/div>\n\n\n\n<h3 class=\"wp-block-heading\">Kinky-yhdistys on \u00e4\u00e4rij\u00e4rjest\u00f6<\/h3>\n\n\n\n<p>Kinky-yhdistys ei ole \u00e4\u00e4rij\u00e4rjest\u00f6 eik\u00e4 poliittinen toimija. Suomessa toimivat <a href=\"https:\/\/smfr.fi\/wordpress\/kinky-yhdistykset\/\">kinky-yhdistykset<\/a> ovat laillisia Patentti ja rekisterihallitukseen rekister\u00f6ityj\u00e4 toimijoita, joiden tarkoitus on j\u00e4rjest\u00e4\u00e4 yhteist\u00e4 toimintaa, jakaa tietoutta sek\u00e4 edist\u00e4\u00e4 kinky-yhteis\u00f6n asemaa Suomessa.   <\/p>\n\n\n\n<h3 class=\"wp-block-heading\">Anaalileikeist\u00e4 pit\u00e4v\u00e4t miehet ovat homoseksuaaleja<\/h3>\n\n\n\n<p>Miehen eturauhasen hieronnalla tai stimuloinnilla ei ole mit\u00e4\u00e4n yhteytt\u00e4 seksuaaliseen suuntautumiseen. Eturauhasen hieronta tai stimulointi strap-onilla tai k\u00e4sin tuottaa vastaavia intensiivi\u00e4 tuntemuksia kuin naisilla G-pisteen stimulointi. Anaalik\u00e4yt\u00e4v\u00e4ss\u00e4 on monia hermop\u00e4\u00e4tteit\u00e4, ja oikealla tekniikalla niiden stimulointi voi olla eritt\u00e4in miellytt\u00e4v\u00e4\u00e4. Mies voi lis\u00e4ksi saavuttaa orgasmin eturauhasen hieronnalla ilman penikseen koskettamista. <\/p>\n\n\n\n<h3 class=\"wp-block-heading\">BDSM on l\u00e4sn\u00e4 kaikkialla el\u00e4m\u00e4ss\u00e4<\/h3>\n\n\n\n<p>Suurelle osalle BDSM:n harjoittajia kinkyily ei n\u00e4y eik\u00e4 kuulu el\u00e4m\u00e4ss\u00e4 mitenk\u00e4\u00e4n ulosp\u00e4in, koska monelle se voi olla yksityinen asia samoin kuin mik\u00e4 tahansa muu seksuaalisuuteen liittyv\u00e4 asia.   <\/p>\n\n\n\n<blockquote class=\"wp-block-quote is-layout-flow wp-block-quote-is-layout-flow\"><p>Ihmiset kysyv\u00e4t kuullessaan kiinnostuksesta BDSM:\u00e4\u00e4n, ett\u00e4 miten lapset suhtautuvat siihen. <\/p><cite>Pariskunta<\/cite><\/blockquote>\n\n\n\n<blockquote class=\"wp-block-quote is-layout-flow wp-block-quote-is-layout-flow\"><p>Vastaus on: eiv\u00e4t suhtaudu mitenk\u00e4\u00e4n, koska kaikki BDSM-jutut tapahtuvat aikuisten kesken ihan niin kuin vaniljaseksi. <\/p><cite>Pariskunta<\/cite><\/blockquote>\n\n\n\n<p>BDSM on loistava virkistys makuuhuoneeseen, ja useimmilla sen harjoittaminen j\u00e4\u00e4 vain sinne. BDSM yhdistettyn\u00e4 vaniljaseksiin on n\u00e4pp\u00e4r\u00e4 keino pit\u00e4\u00e4 parisuhde raikkaana tutkien uusia puolia kumppanista.  <\/p>\n\n\n\n<h3 class=\"wp-block-heading\">BDSM:\u00e4\u00e4 harjoittava ihminen on kasvanut kieroon<\/h3>\n\n\n\n<p>Kiinnostus BDSM:\u00e4\u00e4n voi synty\u00e4 miss\u00e4 i\u00e4ss\u00e4 tahansa. Jollekin se voi tulla teini-ik\u00e4isen\u00e4, kun taas joku voi kiinnostua kinkyilyst\u00e4 el\u00e4keik\u00e4isen\u00e4. BDSM on itsens\u00e4 toteuttamista, ja lis\u00e4ksi se voi olla my\u00f6s osa identiteetti\u00e4 ja sukupuolikokemusta itsest\u00e4.    <\/p>\n\n\n\n<hr class=\"wp-block-separator has-text-color has-background has-black-background-color has-black-color is-style-dots\"\/>\n\n\n\n<p>Esimerkiksi <a href=\"https:\/\/smfr.fi\/wordpress\/bdsm-sanasto\/#crossdressing-sanasto\">crossdressing<\/a> voi olla mahdoton toteuttaa, jos kasvuymp\u00e4rist\u00f6 ei salli sit\u00e4 esim. mainehaitan, suvaitsemattomuuden, riitt\u00e4m\u00e4tt\u00f6m\u00e4n tuen, hyl\u00e4tyksi tulemisen pelon, kiusaamisen ja\/tai syrjinn\u00e4n takia. Crossdressing voi olla hyvin henkil\u00f6kohtainen juttu ja pala min\u00e4kuvaa osana identiteetti\u00e4 ja sukupuolikokemusta itsest\u00e4\u00e4n.   <\/p>\n\n\n\n<hr class=\"wp-block-separator has-text-color has-background has-black-background-color has-black-color is-style-dots\"\/>\n\n\n\n<p>Ahdasmielisess\u00e4 ymp\u00e4rist\u00f6ss\u00e4 BDSM:n voi joutua piilottamaan ilman mahdollisuutta toteuttaa sit\u00e4. Suvaitsematon kasvuymp\u00e4rist\u00f6 vaikuttaa henkil\u00f6n mahdollisuuksiin toteuttaa omaa kinkyytt\u00e4\u00e4n, jolloin kinkyys voi tulla esille vasta silloin, kun sen harjoittaminen on mahdollista ulkoisten esteiden poistuessa.   <\/p>\n\n\n\n<h3 class=\"wp-block-heading\">Kinkybileet ovat orgiat<\/h3>\n\n\n\n<p>Kinkybileet ei ole <a href=\"https:\/\/smfr.fi\/wordpress\/bdsm-sanasto\/#orgy-sanasto\">orgiat<\/a>. Kinkybileiss\u00e4 on usein seksin harrastamiselle varattu tila, mutta mik\u00e4\u00e4n eik\u00e4 kukaan velvoita sit\u00e4 harrastamaan. Kinkybileiss\u00e4 on mahdollisuus tavata yst\u00e4vi\u00e4, uusia ihmisi\u00e4 ja muita samanhenkisi\u00e4 ihmisi\u00e4. Monesti ohjelmassa on my\u00f6s seuraleikkej\u00e4 kinkyll\u00e4 twistill\u00e4. Juhlissa on usein DJ soittamassa musiikkia, ja usein tilassa on my\u00f6s mahdollista harrastaa BDSM-aktiviteetteja. Kinkybileet ovat ennen kaikkea se yhteinen tapahtuma kinkstereille toteuttaa itse\u00e4\u00e4n vapaasti juuri haluamallaan tavalla.    <\/p>\n","protected":false},"excerpt":{"rendered":"<p>Vaikka BDSM on tullut merkitt\u00e4v\u00e4sti laajempaan tietoisuuteen, aiheuttaa se<\/p>\n<p><a href=\"https:\/\/smfr.fi\/wordpress\/yleisia-vaarinkasityksia-bdsmsta\/\" class=\"more-link\">Jatka lukemista&#8230;<span class=\"screen-reader-text\">Yleisi\u00e4 v\u00e4\u00e4rink\u00e4sityksi\u00e4 BDSM:st\u00e4<\/span><\/a><\/p>\n","protected":false},"author":7,"featured_media":0,"parent":0,"menu_order":0,"comment_status":"closed","ping_status":"closed","template":"","meta":{"ngg_post_thumbnail":0,"footnotes":""},"class_list":["post-2062","page","type-page","status-publish","hentry"],"_links":{"self":[{"href":"https:\/\/smfr.fi\/wordpress\/wp-json\/wp\/v2\/pages\/2062","targetHints":{"allow":["GET"]}}],"collection":[{"href":"https:\/\/smfr.fi\/wordpress\/wp-json\/wp\/v2\/pages"}],"about":[{"href":"https:\/\/smfr.fi\/wordpress\/wp-json\/wp\/v2\/types\/page"}],"author":[{"embeddable":true,"href":"https:\/\/smfr.fi\/wordpress\/wp-json\/wp\/v2\/users\/7"}],"replies":[{"embeddable":true,"href":"https:\/\/smfr.fi\/wordpress\/wp-json\/wp\/v2\/comments?post=2062"}],"version-history":[{"count":77,"href":"https:\/\/smfr.fi\/wordpress\/wp-json\/wp\/v2\/pages\/2062\/revisions"}],"predecessor-version":[{"id":2225,"href":"https:\/\/smfr.fi\/wordpress\/wp-json\/wp\/v2\/pages\/2062\/revisions\/2225"}],"wp:attachment":[{"href":"https:\/\/smfr.fi\/wordpress\/wp-json\/wp\/v2\/media?parent=2062"}],"curies":[{"name":"wp","href":"https:\/\/api.w.org\/{rel}","templated":true}]}}