{"id":1950,"date":"2021-09-22T17:58:28","date_gmt":"2021-09-22T15:58:28","guid":{"rendered":"https:\/\/smfr.fi\/wordpress\/?page_id=1950"},"modified":"2021-10-21T21:09:51","modified_gmt":"2021-10-21T19:09:51","slug":"tapahtumatoimikunta","status":"publish","type":"page","link":"https:\/\/smfr.fi\/wordpress\/tapahtumatoimikunta\/","title":{"rendered":"Tapahtumatoimikunta"},"content":{"rendered":"\n<p>Yhdistyksell\u00e4mme on yhdistysaktiivien perustama tapahtumatoimikunta. Toimikunnan tarkoituksena on suunnitella ja j\u00e4rjest\u00e4\u00e4 tapahtumia, aktiviteetteja ja esimerkiksi ohjelmaa bileisiin. Toimikunta ei ole t\u00e4ysin itsen\u00e4inen, sen ehdotukset ja aktiviteetit hyv\u00e4ksyy hallitus. <\/p>\n\n\n\n<p>Jos sinulla on jokin idea, ehdotus tai ohjelmanumero, jonka haluaisit saada kuuluviin, ota yhteytt\u00e4 s\u00e4hk\u00f6postilla tapahtumatoimikunta@smfr.fi.<\/p>\n\n\n\n<p>Suunnitteilla: <\/p>\n\n\n\n<ul class=\"wp-block-list\"><li>Piiskauksen alkeet<\/li><li>Fistauksen alkeet<\/li><li>Neuloitukset<\/li><li>Nahkaty\u00f6paja<\/li><li>Latexty\u00f6paja<\/li><li>Ly\u00f6m\u00e4v\u00e4linepaja<\/li><\/ul>\n\n\n\n<p>N\u00e4ihin on tarvetta vet\u00e4jille. <\/p>\n","protected":false},"excerpt":{"rendered":"<p>Yhdistyksell\u00e4mme on yhdistysaktiivien perustama tapahtumatoimikunta. Toimikunnan tarkoituksena on suunnitella<\/p>\n<p><a href=\"https:\/\/smfr.fi\/wordpress\/tapahtumatoimikunta\/\" class=\"more-link\">Jatka lukemista&#8230;<span class=\"screen-reader-text\">Tapahtumatoimikunta<\/span><\/a><\/p>\n","protected":false},"author":7,"featured_media":0,"parent":0,"menu_order":0,"comment_status":"closed","ping_status":"closed","template":"","meta":{"ngg_post_thumbnail":0,"footnotes":""},"class_list":["post-1950","page","type-page","status-publish","hentry"],"_links":{"self":[{"href":"https:\/\/smfr.fi\/wordpress\/wp-json\/wp\/v2\/pages\/1950","targetHints":{"allow":["GET"]}}],"collection":[{"href":"https:\/\/smfr.fi\/wordpress\/wp-json\/wp\/v2\/pages"}],"about":[{"href":"https:\/\/smfr.fi\/wordpress\/wp-json\/wp\/v2\/types\/page"}],"author":[{"embeddable":true,"href":"https:\/\/smfr.fi\/wordpress\/wp-json\/wp\/v2\/users\/7"}],"replies":[{"embeddable":true,"href":"https:\/\/smfr.fi\/wordpress\/wp-json\/wp\/v2\/comments?post=1950"}],"version-history":[{"count":5,"href":"https:\/\/smfr.fi\/wordpress\/wp-json\/wp\/v2\/pages\/1950\/revisions"}],"predecessor-version":[{"id":2009,"href":"https:\/\/smfr.fi\/wordpress\/wp-json\/wp\/v2\/pages\/1950\/revisions\/2009"}],"wp:attachment":[{"href":"https:\/\/smfr.fi\/wordpress\/wp-json\/wp\/v2\/media?parent=1950"}],"curies":[{"name":"wp","href":"https:\/\/api.w.org\/{rel}","templated":true}]}}