{"id":1543,"date":"2021-05-07T17:38:31","date_gmt":"2021-05-07T15:38:31","guid":{"rendered":"https:\/\/smfr.fi\/wordpress\/?page_id=1543"},"modified":"2025-06-23T19:55:35","modified_gmt":"2025-06-23T17:55:35","slug":"alistuvan-vimma","status":"publish","type":"page","link":"https:\/\/smfr.fi\/wordpress\/alistuvan-vimma\/","title":{"rendered":"Alistuvan vimma"},"content":{"rendered":"\n<p>Alistuvan vimma eli englanninkielisell\u00e4 termill\u00e4 <a href=\"https:\/\/smfr.fi\/wordpress\/bdsm-sanasto\/#subfrenzy-sanasto\">submissive\/sub-frenzy<\/a> on mielentila, joka tarkoittaa valtavaa kiihkoa ja halua kokeilla asioita. Sub-frenzy kuvastaa t\u00e4t\u00e4 ilmi\u00f6t\u00e4 henkil\u00f6ill\u00e4, jotka identifioivat itsens\u00e4 alistuviksi.           <\/p>\n\n\n\n<p>Sub-frenzyn alustava vaihe on silloin, kun henkil\u00f6 tutustuu BDSM:\u00e4\u00e4n ja l\u00f6yt\u00e4\u00e4 alistuvan puolen itsest\u00e4\u00e4n &#8211; sen sanattoman mutta sis\u00e4lt\u00e4 kumpuavan tunteen ja tarpeen, joille ei ole l\u00f6ytynyt oikeaa nimityst\u00e4. Se tarve ja halu palvella, alistua ja olla toisen kontrollin alaisena.     <\/p>\n\n\n\n<p>Vasta-alkajat usein BDSM-skeness\u00e4 kokevat &#8220;lapsi karkkikaupassa&#8221; -tunteen, kun skeneen tutustuessa l\u00f6ydet\u00e4\u00e4n itse\u00e4\u00e4n kiinnostavia aktiviteetteja ja mahdollisia kumppaneita, ja halu p\u00e4\u00e4st\u00e4 kokeilemaan on suuri. Erityisesti t\u00e4m\u00e4 korostuu, jos henkil\u00f6 on etsinyt kauan sopivaa kumppania, mutta ei ole saanut mahdollisuutta el\u00e4m\u00e4ntilanteiden muutoksista johtuen.<\/p>\n\n\n\n<p>Sub-frenzy voi tulla alistuvalla vastaan joko vasta-alkajana tai my\u00f6s kokeneenakin, mutta useimmiten sub-frenzy syntyy vasta-alkajille suuren kokeilunhalun takia. Kokeneelle henkil\u00f6lle sub-frenzy voi tulla esimerkiksi D\/s-suhteen p\u00e4\u00e4ttyess\u00e4, jolloin se on ik\u00e4\u00e4n kuin vieroitusvaihe, mutta sit\u00e4 saattaa ilmet\u00e4 my\u00f6s suhteen aikanakin, koska BDSM-aktiviteetit voivat aiheuttaa riippuvuutta.<\/p>\n\n\n\n<p class=\"has-text-align-center\" style=\"font-size:40px\">V\u00e4\u00e4rink\u00e4yt\u00f6kset <\/p>\n\n\n\n<p>Sub-frenzy altistaa alistuvat v\u00e4\u00e4rink\u00e4yt\u00f6ksille, koska he ovat uusia BDSM-skeness\u00e4 ja alttiita hy\u00f6dynt\u00e4miselle johtuen kovasta kokeilun halusta. Vaikka suurin osa BDSM-skeness\u00e4 olevista noudattavat hyvi\u00e4 k\u00e4yt\u00f6stapoja ja eettisi\u00e4 periaatteita, joukkoon mahtuu my\u00f6s valtaa v\u00e4\u00e4rink\u00e4ytt\u00e4vi\u00e4 henkil\u00f6it\u00e4, valitettavasti.  <\/p>\n\n\n\n<div class=\"wp-block-image\"><figure class=\"aligncenter size-large is-resized\"><img loading=\"lazy\" decoding=\"async\" src=\"https:\/\/smfr.fi\/wordpress\/wp-content\/uploads\/2021\/05\/alistuvan-vimma.jpg\" alt=\"\" class=\"wp-image-1556\" width=\"212\" height=\"212\" srcset=\"https:\/\/smfr.fi\/wordpress\/wp-content\/uploads\/2021\/05\/alistuvan-vimma.jpg 238w, https:\/\/smfr.fi\/wordpress\/wp-content\/uploads\/2021\/05\/alistuvan-vimma-150x150.jpg 150w\" sizes=\"auto, (max-width: 212px) 100vw, 212px\" \/><figcaption>\u00c4l\u00e4 k\u00e4yt\u00e4 valtaa ja toisen kokeilunhalua v\u00e4\u00e4rin. <\/figcaption><\/figure><\/div>\n\n\n\n<p><\/p>\n\n\n\n<p>Toisinaan aktiviteetteja saatetaan harrastaa liian nopeasti ilman toisen henkil\u00f6n ja h\u00e4nen mieltymyksiens\u00e4 tuntemista, ja lievimmiss\u00e4 tapauksissa alistuvat saattavat osallistua aktiviteetteihin, johon he eiv\u00e4t ole olleet riitt\u00e4v\u00e4n valmiita tai heit\u00e4 ole informoitu riitt\u00e4v\u00e4sti aktiviteetin sis\u00e4ll\u00f6st\u00e4 ja sen mahdollisista seurauksista. Vakavimmillaan v\u00e4\u00e4rink\u00e4yt\u00f6kset voivat aiheuttaa henkisi\u00e4 traumoja ja fyysisi\u00e4 vammoja sek\u00e4 ylitt\u00e4\u00e4 rikoksen tunnusmerkist\u00f6n.  <\/p>\n\n\n\n<p>Tutustu ja ota selv\u00e4\u00e4 toisesta osapuolesta ennen sessioimista tai suhteeseen ryhtymist\u00e4 v\u00e4\u00e4rink\u00e4yt\u00f6sten v\u00e4ltt\u00e4miseksi.   <\/p>\n","protected":false},"excerpt":{"rendered":"<p>Alistuvan vimma eli englanninkielisell\u00e4 termill\u00e4 submissive\/sub-frenzy on mielentila, joka<\/p>\n<p><a href=\"https:\/\/smfr.fi\/wordpress\/alistuvan-vimma\/\" class=\"more-link\">Jatka lukemista&#8230;<span class=\"screen-reader-text\">Alistuvan vimma<\/span><\/a><\/p>\n","protected":false},"author":7,"featured_media":0,"parent":0,"menu_order":0,"comment_status":"closed","ping_status":"closed","template":"","meta":{"ngg_post_thumbnail":0,"footnotes":""},"class_list":["post-1543","page","type-page","status-publish","hentry"],"_links":{"self":[{"href":"https:\/\/smfr.fi\/wordpress\/wp-json\/wp\/v2\/pages\/1543","targetHints":{"allow":["GET"]}}],"collection":[{"href":"https:\/\/smfr.fi\/wordpress\/wp-json\/wp\/v2\/pages"}],"about":[{"href":"https:\/\/smfr.fi\/wordpress\/wp-json\/wp\/v2\/types\/page"}],"author":[{"embeddable":true,"href":"https:\/\/smfr.fi\/wordpress\/wp-json\/wp\/v2\/users\/7"}],"replies":[{"embeddable":true,"href":"https:\/\/smfr.fi\/wordpress\/wp-json\/wp\/v2\/comments?post=1543"}],"version-history":[{"count":20,"href":"https:\/\/smfr.fi\/wordpress\/wp-json\/wp\/v2\/pages\/1543\/revisions"}],"predecessor-version":[{"id":1582,"href":"https:\/\/smfr.fi\/wordpress\/wp-json\/wp\/v2\/pages\/1543\/revisions\/1582"}],"wp:attachment":[{"href":"https:\/\/smfr.fi\/wordpress\/wp-json\/wp\/v2\/media?parent=1543"}],"curies":[{"name":"wp","href":"https:\/\/api.w.org\/{rel}","templated":true}]}}