{"id":107,"date":"2021-03-20T16:38:34","date_gmt":"2021-03-20T14:38:34","guid":{"rendered":"http:\/\/smfr.fi\/wordpress\/?page_id=107"},"modified":"2021-03-20T20:59:28","modified_gmt":"2021-03-20T18:59:28","slug":"tapahtumat","status":"publish","type":"page","link":"https:\/\/smfr.fi\/wordpress\/tapahtumat\/","title":{"rendered":"Tapahtumat"},"content":{"rendered":"\n<div class=\"wp-block-columns is-layout-flex wp-container-core-columns-is-layout-9d6595d7 wp-block-columns-is-layout-flex\">\n<div class=\"wp-block-column is-layout-flow wp-block-column-is-layout-flow\" style=\"flex-basis:100%\">\n<div class=\"wp-block-group\"><div class=\"wp-block-group__inner-container is-layout-flow wp-block-group-is-layout-flow\">\n<p>Ennen bileisiin ja tapahtumiin osallistumista on hyv\u00e4 tutustua muutamiin perusasioihin, sill\u00e4 yhteiset pelis\u00e4\u00e4nn\u00f6t takaavat kaikille osallistujille kivan ja ikimuistoisen illan. Pieni tutustuminen etuk\u00e4teen my\u00f6s madaltaa kynnyst\u00e4 osallistua ja antaa rennomman mielen tulla bileisiin vaikkapa ensikertalaisena. Tietoa l\u00f6ytyy sek\u00e4 SMFR:n <a href=\"http:\/\/smfr.fi\/wordpress\/kaytosetiketti\/\" data-type=\"page\" data-id=\"100\">K\u00e4yt\u00f6setiketti<\/a> :st\u00e4 ett\u00e4 kinkybileiden useimmiten kysytyist\u00e4 kysymyksist\u00e4, johon p\u00e4\u00e4set klikkaamalla linkki\u00e4 <a href=\"http:\/\/smfr.fi\/wordpress\/kinkybileiden-f-a-q\/\" data-type=\"page\" data-id=\"98\">Kinkybileiden F.A.Q.<\/a><\/p>\n\n\n\n<p><\/p>\n<\/div><\/div>\n<\/div>\n<\/div>\n\n\n\n<h4 class=\"has-text-align-center wp-block-heading\">Tapahtumien tekninen valvonta<\/h4>\n\n\n\n<p>Tapahtumien teknisen valvonnan rekisteriseloste aukeaa uuteen ikkunaan linkki\u00e4 painamalla. <\/p>\n\n\n\n<div class=\"wp-block-file\"><a href=\"http:\/\/smfr.fi\/wordpress\/wp-content\/uploads\/2021\/03\/SM-Fetisisti-Ryhma-ry_n-tallentavan-kameravalvonnan-rekisteriseloste-paivitys-1.pdf\" target=\"_blank\" rel=\"noreferrer noopener\">SM-Fetisisti-Ryhma-ry_n-tallentavan-kameravalvonnan-rekisteriseloste<\/a><\/div>\n","protected":false},"excerpt":{"rendered":"<p>Ennen bileisiin ja tapahtumiin osallistumista on hyv\u00e4 tutustua muutamiin<\/p>\n<p><a href=\"https:\/\/smfr.fi\/wordpress\/tapahtumat\/\" class=\"more-link\">Jatka lukemista&#8230;<span class=\"screen-reader-text\">Tapahtumat<\/span><\/a><\/p>\n","protected":false},"author":7,"featured_media":0,"parent":0,"menu_order":0,"comment_status":"closed","ping_status":"closed","template":"","meta":{"ngg_post_thumbnail":0,"footnotes":""},"class_list":["post-107","page","type-page","status-publish","hentry"],"_links":{"self":[{"href":"https:\/\/smfr.fi\/wordpress\/wp-json\/wp\/v2\/pages\/107","targetHints":{"allow":["GET"]}}],"collection":[{"href":"https:\/\/smfr.fi\/wordpress\/wp-json\/wp\/v2\/pages"}],"about":[{"href":"https:\/\/smfr.fi\/wordpress\/wp-json\/wp\/v2\/types\/page"}],"author":[{"embeddable":true,"href":"https:\/\/smfr.fi\/wordpress\/wp-json\/wp\/v2\/users\/7"}],"replies":[{"embeddable":true,"href":"https:\/\/smfr.fi\/wordpress\/wp-json\/wp\/v2\/comments?post=107"}],"version-history":[{"count":19,"href":"https:\/\/smfr.fi\/wordpress\/wp-json\/wp\/v2\/pages\/107\/revisions"}],"predecessor-version":[{"id":199,"href":"https:\/\/smfr.fi\/wordpress\/wp-json\/wp\/v2\/pages\/107\/revisions\/199"}],"wp:attachment":[{"href":"https:\/\/smfr.fi\/wordpress\/wp-json\/wp\/v2\/media?parent=107"}],"curies":[{"name":"wp","href":"https:\/\/api.w.org\/{rel}","templated":true}]}}