{"id":102,"date":"2021-03-20T19:55:48","date_gmt":"2021-03-20T17:55:48","guid":{"rendered":"http:\/\/smfr.fi\/wordpress\/?page_id=102"},"modified":"2025-11-04T20:16:06","modified_gmt":"2025-11-04T18:16:06","slug":"avustajahaku","status":"publish","type":"page","link":"https:\/\/smfr.fi\/wordpress\/avustajahaku\/","title":{"rendered":"Avustajahaku"},"content":{"rendered":"\n<hr class=\"wp-block-separator has-css-opacity is-style-dots\"\/>\n\n\n\n<p>SMFR:n toiminta nojautuu vahvasti vapaaehtoisiin avustajiin, joita ilman yhdistyksen toiminta ei voisi olla niin aktiivista kuin se t\u00e4n\u00e4 p\u00e4iv\u00e4n\u00e4 on.<\/p>\n\n\n\n<p>SMFR:n j\u00e4senkeskusteluun BDSM-baariin tehd\u00e4\u00e4n normaaliin tapaan avustajahaku, jota p\u00e4ivitet\u00e4\u00e4n kun avustajia ilmoittautuu mukaan. Mukaan avustajaksi tapahtumiimme on mahdollista ilmoittautua <a href=\"https:\/\/www.bdsmbaari.net\/\" target=\"_blank\" rel=\"noreferrer noopener\">BDSM-baarissa<\/a> tai s\u00e4hk\u00f6postilla <a href=\"https:\/\/smfr.fi\/wordpress\/contact\/\">info@smfr.fi<\/a>.  <\/p>\n\n\n\n<p>Syksyst\u00e4 2020 alkaen avecille on ollut mahdollisuus hankkia sis\u00e4\u00e4np\u00e4\u00e4sy tapahtumaan ty\u00f6vuoroja tekem\u00e4ll\u00e4. Vuoden 2025 syyskokous hyv\u00e4ksyi tarkemmat periaatteet vapaalippujen osalta ja mahdollisuus hankkia sis\u00e4\u00e4np\u00e4\u00e4sy avecille rajattiin yhdistyksen j\u00e4senille.<\/p>\n\n\n\n<p class=\"has-text-align-center\"><em>Tervetuloa tekem\u00e4\u00e4n tapahtumia kanssamme!<\/em><\/p>\n","protected":false},"excerpt":{"rendered":"<p>SMFR:n toiminta nojautuu vahvasti vapaaehtoisiin avustajiin, joita ilman yhdistyksen<\/p>\n<p><a href=\"https:\/\/smfr.fi\/wordpress\/avustajahaku\/\" class=\"more-link\">Jatka lukemista&#8230;<span class=\"screen-reader-text\">Avustajahaku<\/span><\/a><\/p>\n","protected":false},"author":7,"featured_media":0,"parent":0,"menu_order":0,"comment_status":"closed","ping_status":"closed","template":"","meta":{"ngg_post_thumbnail":0,"footnotes":""},"class_list":["post-102","page","type-page","status-publish","hentry"],"_links":{"self":[{"href":"https:\/\/smfr.fi\/wordpress\/wp-json\/wp\/v2\/pages\/102","targetHints":{"allow":["GET"]}}],"collection":[{"href":"https:\/\/smfr.fi\/wordpress\/wp-json\/wp\/v2\/pages"}],"about":[{"href":"https:\/\/smfr.fi\/wordpress\/wp-json\/wp\/v2\/types\/page"}],"author":[{"embeddable":true,"href":"https:\/\/smfr.fi\/wordpress\/wp-json\/wp\/v2\/users\/7"}],"replies":[{"embeddable":true,"href":"https:\/\/smfr.fi\/wordpress\/wp-json\/wp\/v2\/comments?post=102"}],"version-history":[{"count":9,"href":"https:\/\/smfr.fi\/wordpress\/wp-json\/wp\/v2\/pages\/102\/revisions"}],"predecessor-version":[{"id":2836,"href":"https:\/\/smfr.fi\/wordpress\/wp-json\/wp\/v2\/pages\/102\/revisions\/2836"}],"wp:attachment":[{"href":"https:\/\/smfr.fi\/wordpress\/wp-json\/wp\/v2\/media?parent=102"}],"curies":[{"name":"wp","href":"https:\/\/api.w.org\/{rel}","templated":true}]}}