{"id":100,"date":"2021-03-20T16:38:44","date_gmt":"2021-03-20T14:38:44","guid":{"rendered":"http:\/\/smfr.fi\/wordpress\/?page_id=100"},"modified":"2023-01-08T21:15:19","modified_gmt":"2023-01-08T19:15:19","slug":"kaytosetiketti","status":"publish","type":"page","link":"https:\/\/smfr.fi\/wordpress\/kaytosetiketti\/","title":{"rendered":"K\u00e4yt\u00f6setiketti"},"content":{"rendered":"\n<h2 class=\"has-text-align-center wp-block-heading\">Yleist\u00e4<\/h2>\n\n\n\n<p>\u2022 Kinkybileist\u00e4, klubeista, muista tapahtumista tai vieraista ei kerrota ulkopuolisille. \u00c4l\u00e4\u00a0mainitse muita paikallaolijoita edes nimimerkill\u00e4 ilman suostumusta.<\/p>\n\n\n\n<p>\u2022 Kunnioita kanssaihmisi\u00e4 niin fyysisesti kuin mielipiteidenkin osalta. Mieti, miss\u00e4 sessioit, ja huomioi mahdolliset riskit. Ravintolatiloissa kunnioita my\u00f6s ravintolan henkil\u00f6kuntaa.<\/p>\n\n\n\n<p>\u2022 Pid\u00e4 omat mielipiteesi muiden session kulusta, toisten ulkon\u00e4\u00f6st\u00e4, ulkomuodosta, pukeutumisesta jne. omana tietonasi.<\/p>\n\n\n\n<p>\u2022 Mik\u00e4li katselet toisten sessiota, huomioi riitt\u00e4v\u00e4 et\u00e4isyys. <strong>Nyrkkis\u00e4\u00e4nt\u00f6n\u00e4 voi pit\u00e4\u00e4 sit\u00e4, ett\u00e4 jos ylett\u00e4isit kurottamalla koskettamaan session jotain osapuolta, olet liian l\u00e4hell\u00e4.<\/strong><\/p>\n\n\n\n<p>\u2022 Kunnioita jokaisen yksityisyytt\u00e4 ja itsem\u00e4\u00e4r\u00e4\u00e4misoikeutta. Kaikkeen koskemiseen on oltava lupa ja suostumus.<\/p>\n\n\n\n<p>\u2022 \u00c4l\u00e4 osallistu tai sanallisestikaan puutu toisten sessioon ilman, ett\u00e4 siit\u00e4 on etuk\u00e4teen sovittu.<\/p>\n\n\n\n<p>\u2022 Sessiotilanteessa pid\u00e4 tarvittava turvaet\u00e4isyys my\u00f6s oman turvallisuutesi takia. Huomioi, ett\u00e4 sessiossa ihmisen aisteja tai liikkuvuutta saatetaan rajoittaa.<\/p>\n\n\n\n<p>\u2022 V\u00e4lt\u00e4 sessiointia p\u00e4ihtyneen\u00e4. Jokainen on itse vastuussa itsest\u00e4\u00e4n ja tekemisist\u00e4\u00e4n, my\u00f6s omasta alkoholink\u00e4yt\u00f6st\u00e4\u00e4n.<\/p>\n\n\n\n<p>\u2022<strong><em> Kysy hallitukselta etuk\u00e4teen lupa, jos haluat k\u00e4ytt\u00e4\u00e4 sessiossasi neuloja<\/em><\/strong><strong><em> tai <\/em><\/strong><strong><em>muita<\/em><\/strong><strong><em> <\/em><\/strong><strong><em>mahdollisesti<\/em><\/strong><strong><em> <\/em><\/strong><strong><em>muille<\/em><\/strong><strong><em> <\/em><\/strong><strong><em>vieraille<\/em><\/strong><strong><em> <\/em><\/strong><strong><em>vaarallisia<\/em><\/strong><strong><em> <\/em><\/strong><strong><em>kompontentteja<\/em><\/strong><strong><em>.<\/em><\/strong> Hallitus kertoo, ovatko neulaleikit mahdollisia ko. tilaisuudessa. Jos saat luvan neuloittaa, toiminnalle osoitetaan turvallinen paikka juhlatilassa.<\/p>\n\n\n\n<p>\u2022 Kerro hallitukselle etuk\u00e4teen muistakin rajummista sessiosuunnitelmista. Kaikki toiminta ei ole kaikissa tiloissa mahdollista tai sallittua.<\/p>\n\n\n\n<p>\u2022 Kun hallitus on tietoinen suunnittelemasi session sis\u00e4ll\u00f6st\u00e4 ja varmistunut sen turvallisesta toteuttamisesta, saat toteuttaa sen ilman keskeytyst\u00e4. Voit my\u00f6s pyyt\u00e4\u00e4 staff-henkil\u00f6\u00e4 valvomaan, ettei ylim\u00e4\u00e4r\u00e4ist\u00e4 ja sopimatonta h\u00e4irik\u00f6inti\u00e4 tapahdu sessiosi aikana.<\/p>\n\n\n\n<p>\u2022 Vastuuvapaus: SMFR, SMFR:n j\u00e4senist\u00f6, SMFR:n ty\u00f6ntekij\u00e4t, muutoin SMFR:n liittyv\u00e4t henkil\u00f6t tai tahot eiv\u00e4t ole vastuullisia miss\u00e4\u00e4n olosuhteissa tapahtuneista vahingoista, loukkaantumisista tai muista ei-halutuista tapahtumista tai asioista muutoin kuin lain niin vaatiessa. Jokainen on ensisijaisesti aina vastuussa itsest\u00e4\u00e4n.<\/p>\n\n\n\n<h2 class=\"has-text-align-center wp-block-heading\"><strong>Bilepukeutuminen<\/strong><\/h2>\n\n\n\n<p>\u2022 SMFR:n bileiss\u00e4 tai clubeilla ei ole dresscodea, mutta toivomme ja rohkaisemme bilev\u00e4ke\u00e4 pukeutumaan aiheen mukaisesti.<\/p>\n\n\n\n<h2 class=\"has-text-align-center wp-block-heading\">Henkil\u00f6kunta ja h\u00e4irint\u00e4<\/h2>\n\n\n\n<p>\u2022Henkil\u00f6kunnalla on oikeus poistaa huonosti k\u00e4ytt\u00e4ytyv\u00e4 ja toisia vaarantava juhlija tilaisuudesta ilman erillist\u00e4 varoitusta.<\/p>\n\n\n\n<p>\u2022<strong><em> Jos huomaat, ett\u00e4 k\u00e4ytt\u00e4ytymiss\u00e4\u00e4nt\u00f6j\u00e4 ei noudateta, k\u00e4\u00e4nny HETI hallituksen j\u00e4senen tai <\/em><\/strong><strong><em>staff<\/em><\/strong><strong><em>-henkil\u00f6n (tai j\u00e4rjestyksenvalvojan) puoleen.<\/em><\/strong> Selvit\u00e4mme asian yhdess\u00e4. Jos yhteisymm\u00e4rryst\u00e4 ei saada aikaiseksi, voimme tarvittaessa poistaa henkil\u00f6it\u00e4 tilaisuudesta.<\/p>\n\n\n\n<p>\u2022 Jos kohtaat tapahtumissamme h\u00e4irint\u00e4\u00e4, voit ottaa meihin yhteytt\u00e4 s\u00e4hk\u00f6postilla my\u00f6s tapahtuman j\u00e4lkeen (hairinta@smfr.fi). Kannustamme kuitenkin selvitt\u00e4m\u00e4\u00e4n kaikki h\u00e4irint\u00e4tapaukset ensisijaisesti paikan p\u00e4\u00e4ll\u00e4 staffin\/j\u00e4rjestyksenvalvonnan avustuksella, mik\u00e4li se on mahdollista.<\/p>\n\n\n\n<p>\u2022 SMFR:n hallituksen j\u00e4senten ja staff-henkil\u00f6iden teht\u00e4viin kuuluu seurata sessioiden turvallisuutta tilaisuuksissa. Heill\u00e4 on oikeus huomauttaa sessioiville turvallisuusriskeist\u00e4 tai keskeytt\u00e4\u00e4 sessio, mik\u00e4li se aiheuttaa selke\u00e4\u00e4 vaaraa sessiossa mukana oleville tai sit\u00e4 seuraaville vieraille. Liiallinen humalatila sessioidessa on aina vaaratekij\u00e4 niin sessioiville itselleen kuin muillekin paikallaolijoille.<\/p>\n\n\n\n<h2 class=\"has-text-align-center wp-block-heading\">Valokuvaaminen juhlissa<\/h2>\n\n\n\n<p>\u2022 Kuvia saavat ottaa vain SMFR:n valtuuttamat kuvaajat, ja heille on annettu tarkat ohjeet korrektista kuvaustavasta. Ket\u00e4\u00e4n ei kuvata eik\u00e4 kenest\u00e4k\u00e4\u00e4n oteta kuvamateriaalia ilman lupaa.<\/p>\n\n\n\n<p>\u2022<strong> Joissain tapahtumissa j\u00e4rjestet\u00e4\u00e4n erillinen kuvauspiste joka on selke\u00e4sti merkitty. Kuvauspisteell\u00e4 kuvaaminen on sallittua.<\/strong><\/p>\n\n\n\n<p>\u2022 Tilaisuuksissa ei sallita juhlijoiden omia kameroita, koska tuolloin olisi mahdotonta kontrolloida kuvien kohteena olevien ihmisten suostumusta kuvan ottamiseen.<\/p>\n\n\n\n<p>\u2022 Jos juhlijat haluavat kuvia itsest\u00e4\u00e4n joko muistoiksi itselleen tai k\u00e4ytett\u00e4v\u00e4ksi esim. j\u00e4rjest\u00e4v\u00e4n yhdistyksen nettisivuilla, asiasta sovitaan joko samantien tai sen j\u00e4lkeen kun kuvat on n\u00e4hty yhdess\u00e4 hallituksen kanssa. Kenenk\u00e4\u00e4n kuvaa ei julkaista ilman lupaa. Viel\u00e4 senkin j\u00e4lkeen kun kuva on julkaistu, voi kuvassa esiintyv\u00e4 henkil\u00f6 pyyt\u00e4\u00e4 kuvan poistamista tai kuvan k\u00e4sittely\u00e4 siten, ett\u00e4 kuvattavaa ei voida tunnistaa.<\/p>\n\n\n\n<p>\u2022 Esitysten kuvaaminen: monet esiintyj\u00e4t haluavat kuvia huolella suunnitelluista esiintymisist\u00e4\u00e4n. Tuolloin pyrit\u00e4\u00e4n kuvaamaan mahdollisimman \u201csuppeita\u201d kuvia, jolloin kuvan p\u00e4\u00e4osassa tosiaankin ovat esiintyj\u00e4t, ei yleis\u00f6. Jos tunnistettavia, yleis\u00f6\u00f6n kuuluvia henkil\u00f6it\u00e4 j\u00e4\u00e4 kuviin t\u00e4st\u00e4 huolimatta, muokataan kuva ennen sen l\u00e4hett\u00e4mist\u00e4 esiintyjille niin ettei ulkopuolisia voi tunnistaa. Huom! Muuten esiintyjien kuvaamista koskevat samat s\u00e4\u00e4nn\u00f6t kuin muitakin, eli heit\u00e4k\u00e4\u00e4n ei ilman lupaa kuvata tai kuvia julkaista!<\/p>\n\n\n\n<p>\u2022 Tekij\u00e4noikeudet s\u00e4ilyv\u00e4t aina kuvaajilla, ja kuvien k\u00e4ytt\u00f6oikeudesta sovitaan kuvaajan kanssa \u2013 tekij\u00e4noikeuslaki antaa t\u00e4ss\u00e4 melko vapaat k\u00e4det sopijoiden kesken. Kuvia ei k\u00e4ytet\u00e4 ilman kuvaajan ja kuvassa esiintyv\u00e4n ihmisen\/ihmisten lupaa miss\u00e4\u00e4n muussa yhteydess\u00e4 kuin on alun perin sovittu. Jos siis annat luvan ottaa itsest\u00e4si kuvan esim. nettijulkaisuun, samaa kuvaa ei laiteta julisteeseen asiasta sopimatta.<\/p>\n","protected":false},"excerpt":{"rendered":"<p>Yleist\u00e4 \u2022 Kinkybileist\u00e4, klubeista, muista tapahtumista tai vieraista ei<\/p>\n<p><a href=\"https:\/\/smfr.fi\/wordpress\/kaytosetiketti\/\" class=\"more-link\">Jatka lukemista&#8230;<span class=\"screen-reader-text\">K\u00e4yt\u00f6setiketti<\/span><\/a><\/p>\n","protected":false},"author":7,"featured_media":0,"parent":0,"menu_order":0,"comment_status":"closed","ping_status":"closed","template":"","meta":{"ngg_post_thumbnail":0,"footnotes":""},"class_list":["post-100","page","type-page","status-publish","hentry"],"_links":{"self":[{"href":"https:\/\/smfr.fi\/wordpress\/wp-json\/wp\/v2\/pages\/100","targetHints":{"allow":["GET"]}}],"collection":[{"href":"https:\/\/smfr.fi\/wordpress\/wp-json\/wp\/v2\/pages"}],"about":[{"href":"https:\/\/smfr.fi\/wordpress\/wp-json\/wp\/v2\/types\/page"}],"author":[{"embeddable":true,"href":"https:\/\/smfr.fi\/wordpress\/wp-json\/wp\/v2\/users\/7"}],"replies":[{"embeddable":true,"href":"https:\/\/smfr.fi\/wordpress\/wp-json\/wp\/v2\/comments?post=100"}],"version-history":[{"count":22,"href":"https:\/\/smfr.fi\/wordpress\/wp-json\/wp\/v2\/pages\/100\/revisions"}],"predecessor-version":[{"id":2749,"href":"https:\/\/smfr.fi\/wordpress\/wp-json\/wp\/v2\/pages\/100\/revisions\/2749"}],"wp:attachment":[{"href":"https:\/\/smfr.fi\/wordpress\/wp-json\/wp\/v2\/media?parent=100"}],"curies":[{"name":"wp","href":"https:\/\/api.w.org\/{rel}","templated":true}]}}